{"id":28,"date":"2023-12-16T17:35:49","date_gmt":"2023-12-16T20:35:49","guid":{"rendered":"https:\/\/eventosaben.org.br\/anaiscben\/?page_id=28"},"modified":"2023-12-29T00:38:14","modified_gmt":"2023-12-29T03:38:14","slug":"contato","status":"publish","type":"page","link":"https:\/\/eventosaben.org.br\/anaissenpe\/contato\/","title":{"rendered":"Contato"},"content":{"rendered":"\t\t<div data-elementor-type=\"wp-page\" data-elementor-id=\"28\" class=\"elementor elementor-28\" data-elementor-post-type=\"page\">\n\t\t\t\t<div class=\"elementor-element elementor-element-27447502 e-flex e-con-boxed e-con e-parent\" data-id=\"27447502\" data-element_type=\"container\" data-settings=\"{&quot;background_background&quot;:&quot;classic&quot;}\">\n\t\t\t\t\t<div class=\"e-con-inner\">\n\t\t\t\t\t<\/div>\n\t\t\t\t<\/div>\n\t\t<div class=\"elementor-element elementor-element-5a3f506 e-flex e-con-boxed e-con e-parent\" data-id=\"5a3f506\" data-element_type=\"container\">\n\t\t\t\t\t<div class=\"e-con-inner\">\n\t\t\t\t<div class=\"elementor-element elementor-element-e2c12cf elementor-widget elementor-widget-text-editor\" data-id=\"e2c12cf\" data-element_type=\"widget\" data-widget_type=\"text-editor.default\">\n\t\t\t\t<div class=\"elementor-widget-container\">\n\t\t\t\t\t\t\t<p><strong>ASSOCIA\u00c7\u00c3O BRASILEIRA DE ENFERMAGEM<\/strong><br \/><strong>Endere\u00e7o:<\/strong>\u00a0SGA Norte Quadra 603 \u2013 Conjunto B \u2013 Av. L2 Norte, Asa Norte Bras\u00edlia \u2013 DF \u2013 CEP: 70.830-102<br \/><strong>Telefone:<\/strong> +55 (61) 3226-0653<\/p>\t\t\t\t\t\t<\/div>\n\t\t\t\t<\/div>\n\t\t\t\t\t<\/div>\n\t\t\t\t<\/div>\n\t\t\t\t<\/div>\n\t\t","protected":false},"excerpt":{"rendered":"<p>ASSOCIA\u00c7\u00c3O BRASILEIRA DE ENFERMAGEMEndere\u00e7o:\u00a0SGA Norte Quadra 603 \u2013 Conjunto B \u2013 Av. L2 Norte, Asa Norte Bras\u00edlia \u2013 DF \u2013 CEP: 70.830-102Telefone: +55 (61) 3226-0653<\/p>\n","protected":false},"author":1,"featured_media":0,"parent":0,"menu_order":0,"comment_status":"closed","ping_status":"closed","template":"elementor_header_footer","meta":{"footnotes":""},"class_list":["post-28","page","type-page","status-publish","hentry"],"aioseo_notices":[],"_links":{"self":[{"href":"https:\/\/eventosaben.org.br\/anaissenpe\/wp-json\/wp\/v2\/pages\/28"}],"collection":[{"href":"https:\/\/eventosaben.org.br\/anaissenpe\/wp-json\/wp\/v2\/pages"}],"about":[{"href":"https:\/\/eventosaben.org.br\/anaissenpe\/wp-json\/wp\/v2\/types\/page"}],"author":[{"embeddable":true,"href":"https:\/\/eventosaben.org.br\/anaissenpe\/wp-json\/wp\/v2\/users\/1"}],"replies":[{"embeddable":true,"href":"https:\/\/eventosaben.org.br\/anaissenpe\/wp-json\/wp\/v2\/comments?post=28"}],"version-history":[{"count":7,"href":"https:\/\/eventosaben.org.br\/anaissenpe\/wp-json\/wp\/v2\/pages\/28\/revisions"}],"predecessor-version":[{"id":311,"href":"https:\/\/eventosaben.org.br\/anaissenpe\/wp-json\/wp\/v2\/pages\/28\/revisions\/311"}],"wp:attachment":[{"href":"https:\/\/eventosaben.org.br\/anaissenpe\/wp-json\/wp\/v2\/media?parent=28"}],"curies":[{"name":"wp","href":"https:\/\/api.w.org\/{rel}","templated":true}]}}