{"id":22,"date":"2023-12-16T17:34:54","date_gmt":"2023-12-16T20:34:54","guid":{"rendered":"https:\/\/eventosaben.org.br\/anaiscben\/?page_id=22"},"modified":"2023-12-29T20:11:08","modified_gmt":"2023-12-29T23:11:08","slug":"edicoes-anteriores","status":"publish","type":"page","link":"https:\/\/eventosaben.org.br\/anaissenpe\/edicoes-anteriores\/","title":{"rendered":"Edi\u00e7\u00f5es Anteriores"},"content":{"rendered":"\t\t<div data-elementor-type=\"wp-page\" data-elementor-id=\"22\" class=\"elementor elementor-22\" data-elementor-post-type=\"page\">\n\t\t\t\t<div class=\"elementor-element elementor-element-496d3d97 e-flex e-con-boxed e-con e-parent\" data-id=\"496d3d97\" data-element_type=\"container\" data-settings=\"{&quot;background_background&quot;:&quot;classic&quot;}\">\n\t\t\t\t\t<div class=\"e-con-inner\">\n\t\t\t\t\t<\/div>\n\t\t\t\t<\/div>\n\t\t\t\t<section class=\"elementor-section elementor-top-section elementor-element elementor-element-64ab42ec elementor-section-boxed elementor-section-height-default elementor-section-height-default\" data-id=\"64ab42ec\" data-element_type=\"section\">\n\t\t\t\t\t\t<div class=\"elementor-container elementor-column-gap-default\">\n\t\t\t\t\t<div class=\"elementor-column elementor-col-100 elementor-top-column elementor-element elementor-element-4e8db4aa\" data-id=\"4e8db4aa\" data-element_type=\"column\">\n\t\t\t<div class=\"elementor-widget-wrap elementor-element-populated\">\n\t\t\t\t\t\t<div class=\"elementor-element elementor-element-105d48ec elementor-widget elementor-widget-text-editor\" data-id=\"105d48ec\" data-element_type=\"widget\" data-widget_type=\"text-editor.default\">\n\t\t\t\t<div class=\"elementor-widget-container\">\n\t\t\t\t\t\t\t<p>Publica\u00e7\u00f5es de Anais do Senpe, Semin\u00e1rio Nacional de Pesquisa em Enfermagem<\/p>\t\t\t\t\t\t<\/div>\n\t\t\t\t<\/div>\n\t\t\t\t\t<\/div>\n\t\t<\/div>\n\t\t\t\t\t<\/div>\n\t\t<\/section>\n\t\t\t\t<section class=\"elementor-section elementor-top-section elementor-element elementor-element-5035b69a elementor-section-boxed elementor-section-height-default elementor-section-height-default\" data-id=\"5035b69a\" data-element_type=\"section\">\n\t\t\t\t\t\t<div class=\"elementor-container elementor-column-gap-default\">\n\t\t\t\t\t<div class=\"elementor-column elementor-col-16 elementor-top-column elementor-element elementor-element-5e28dcf0\" data-id=\"5e28dcf0\" data-element_type=\"column\">\n\t\t\t<div class=\"elementor-widget-wrap elementor-element-populated\">\n\t\t\t\t\t\t<div class=\"elementor-element elementor-element-31e8b1b elementor-position-top elementor-widget elementor-widget-image-box\" data-id=\"31e8b1b\" data-element_type=\"widget\" data-widget_type=\"image-box.default\">\n\t\t\t\t<div class=\"elementor-widget-container\">\n\t\t\t<div class=\"elementor-image-box-wrapper\"><figure class=\"elementor-image-box-img\"><a href=\"https:\/\/web.eventogyn.com.br\/event\/21senpe\/site\/content\/anais\" target=\"_blank\" tabindex=\"-1\"><img fetchpriority=\"high\" decoding=\"async\" width=\"283\" height=\"400\" src=\"https:\/\/eventosaben.org.br\/anaissenpe\/wp-content\/uploads\/2023\/12\/21senpe_capa.jpg\" class=\"elementor-animation-shrink attachment-full size-full wp-image-259\" alt=\"\" srcset=\"https:\/\/eventosaben.org.br\/anaissenpe\/wp-content\/uploads\/2023\/12\/21senpe_capa.jpg 283w, https:\/\/eventosaben.org.br\/anaissenpe\/wp-content\/uploads\/2023\/12\/21senpe_capa-212x300.jpg 212w\" sizes=\"(max-width: 283px) 100vw, 283px\" \/><\/a><\/figure><div class=\"elementor-image-box-content\"><h3 class=\"elementor-image-box-title\"><a href=\"https:\/\/web.eventogyn.com.br\/event\/21senpe\/site\/content\/anais\" target=\"_blank\">Vol. 6, 2022<\/a><\/h3><p class=\"elementor-image-box-description\">Anais do 21\u00ba SENPE e 2\u00ba SINPE<\/p><\/div><\/div>\t\t<\/div>\n\t\t\t\t<\/div>\n\t\t\t\t\t<\/div>\n\t\t<\/div>\n\t\t\t\t<div class=\"elementor-column elementor-col-16 elementor-top-column elementor-element elementor-element-78a86d47\" data-id=\"78a86d47\" data-element_type=\"column\">\n\t\t\t<div class=\"elementor-widget-wrap elementor-element-populated\">\n\t\t\t\t\t\t<div class=\"elementor-element elementor-element-b13611f elementor-position-top elementor-widget elementor-widget-image-box\" data-id=\"b13611f\" data-element_type=\"widget\" data-widget_type=\"image-box.default\">\n\t\t\t\t<div class=\"elementor-widget-container\">\n\t\t\t<div class=\"elementor-image-box-wrapper\"><figure class=\"elementor-image-box-img\"><a href=\"https:\/\/portal.eventosaben.org.br\/20senpe\/anais\/trabalhos.htm\" target=\"_blank\" tabindex=\"-1\"><img decoding=\"async\" width=\"283\" height=\"400\" src=\"https:\/\/eventosaben.org.br\/anaissenpe\/wp-content\/uploads\/2023\/12\/20senpe.png\" class=\"elementor-animation-shrink attachment-full size-full wp-image-264\" alt=\"\" srcset=\"https:\/\/eventosaben.org.br\/anaissenpe\/wp-content\/uploads\/2023\/12\/20senpe.png 283w, https:\/\/eventosaben.org.br\/anaissenpe\/wp-content\/uploads\/2023\/12\/20senpe-212x300.png 212w\" sizes=\"(max-width: 283px) 100vw, 283px\" \/><\/a><\/figure><div class=\"elementor-image-box-content\"><h3 class=\"elementor-image-box-title\"><a href=\"https:\/\/portal.eventosaben.org.br\/20senpe\/anais\/trabalhos.htm\" target=\"_blank\">Vol. 5, 2019<\/a><\/h3><p class=\"elementor-image-box-description\">Anais do 20\u00ba SENPE e 1\u00ba SINPE<\/p><\/div><\/div>\t\t<\/div>\n\t\t\t\t<\/div>\n\t\t\t\t\t<\/div>\n\t\t<\/div>\n\t\t\t\t<div class=\"elementor-column elementor-col-16 elementor-top-column elementor-element elementor-element-1dc87375\" data-id=\"1dc87375\" data-element_type=\"column\">\n\t\t\t<div class=\"elementor-widget-wrap elementor-element-populated\">\n\t\t\t\t\t\t<div class=\"elementor-element elementor-element-1d91598 elementor-position-top elementor-widget elementor-widget-image-box\" data-id=\"1d91598\" data-element_type=\"widget\" data-widget_type=\"image-box.default\">\n\t\t\t\t<div class=\"elementor-widget-container\">\n\t\t\t<div class=\"elementor-image-box-wrapper\"><figure class=\"elementor-image-box-img\"><a href=\"https:\/\/portal.eventosaben.org.br\/anais_senpe\/senpe-2017\/\" target=\"_blank\" tabindex=\"-1\"><img decoding=\"async\" width=\"283\" height=\"400\" src=\"https:\/\/eventosaben.org.br\/anaissenpe\/wp-content\/uploads\/2023\/12\/19senpe.png\" class=\"elementor-animation-shrink attachment-full size-full wp-image-265\" alt=\"\" srcset=\"https:\/\/eventosaben.org.br\/anaissenpe\/wp-content\/uploads\/2023\/12\/19senpe.png 283w, https:\/\/eventosaben.org.br\/anaissenpe\/wp-content\/uploads\/2023\/12\/19senpe-212x300.png 212w\" sizes=\"(max-width: 283px) 100vw, 283px\" \/><\/a><\/figure><div class=\"elementor-image-box-content\"><h3 class=\"elementor-image-box-title\"><a href=\"https:\/\/portal.eventosaben.org.br\/anais_senpe\/senpe-2017\/\" target=\"_blank\">Vol. 4, 2017<\/a><\/h3><p class=\"elementor-image-box-description\">Anais do 19\u00ba SENPE<\/p><\/div><\/div>\t\t<\/div>\n\t\t\t\t<\/div>\n\t\t\t\t\t<\/div>\n\t\t<\/div>\n\t\t\t\t<div class=\"elementor-column elementor-col-16 elementor-top-column elementor-element elementor-element-70a54d93\" data-id=\"70a54d93\" data-element_type=\"column\">\n\t\t\t<div class=\"elementor-widget-wrap elementor-element-populated\">\n\t\t\t\t\t\t<div class=\"elementor-element elementor-element-4f318fd elementor-position-top elementor-widget elementor-widget-image-box\" data-id=\"4f318fd\" data-element_type=\"widget\" data-widget_type=\"image-box.default\">\n\t\t\t\t<div class=\"elementor-widget-container\">\n\t\t\t<div class=\"elementor-image-box-wrapper\"><figure class=\"elementor-image-box-img\"><a href=\"https:\/\/icongresso.itarget.com.br\/useradm\/anais\/?clt=abe.2\" target=\"_blank\" tabindex=\"-1\"><img loading=\"lazy\" decoding=\"async\" width=\"283\" height=\"400\" src=\"https:\/\/eventosaben.org.br\/anaissenpe\/wp-content\/uploads\/2023\/12\/noname.png\" class=\"elementor-animation-shrink attachment-full size-full wp-image-273\" alt=\"\" srcset=\"https:\/\/eventosaben.org.br\/anaissenpe\/wp-content\/uploads\/2023\/12\/noname.png 283w, https:\/\/eventosaben.org.br\/anaissenpe\/wp-content\/uploads\/2023\/12\/noname-212x300.png 212w\" sizes=\"(max-width: 283px) 100vw, 283px\" \/><\/a><\/figure><div class=\"elementor-image-box-content\"><h3 class=\"elementor-image-box-title\"><a href=\"https:\/\/icongresso.itarget.com.br\/useradm\/anais\/?clt=abe.2\" target=\"_blank\">Vol. 3, 2015<\/a><\/h3><p class=\"elementor-image-box-description\">Anais do 18\u00ba SENPE<\/p><\/div><\/div>\t\t<\/div>\n\t\t\t\t<\/div>\n\t\t\t\t\t<\/div>\n\t\t<\/div>\n\t\t\t\t<div class=\"elementor-column elementor-col-16 elementor-top-column elementor-element elementor-element-108d4d18\" data-id=\"108d4d18\" data-element_type=\"column\">\n\t\t\t<div class=\"elementor-widget-wrap elementor-element-populated\">\n\t\t\t\t\t\t<div class=\"elementor-element elementor-element-ce6db52 elementor-position-top elementor-widget elementor-widget-image-box\" data-id=\"ce6db52\" data-element_type=\"widget\" data-widget_type=\"image-box.default\">\n\t\t\t\t<div class=\"elementor-widget-container\">\n\t\t\t<div class=\"elementor-image-box-wrapper\"><figure class=\"elementor-image-box-img\"><a href=\"https:\/\/portal.eventosaben.org.br\/anais_senpe\/17senpe\/atual.htm\" target=\"_blank\" tabindex=\"-1\"><img loading=\"lazy\" decoding=\"async\" width=\"283\" height=\"400\" src=\"https:\/\/eventosaben.org.br\/anaissenpe\/wp-content\/uploads\/2023\/12\/17SENPE.png\" class=\"elementor-animation-shrink attachment-full size-full wp-image-277\" alt=\"\" srcset=\"https:\/\/eventosaben.org.br\/anaissenpe\/wp-content\/uploads\/2023\/12\/17SENPE.png 283w, https:\/\/eventosaben.org.br\/anaissenpe\/wp-content\/uploads\/2023\/12\/17SENPE-212x300.png 212w\" sizes=\"(max-width: 283px) 100vw, 283px\" \/><\/a><\/figure><div class=\"elementor-image-box-content\"><h3 class=\"elementor-image-box-title\"><a href=\"https:\/\/portal.eventosaben.org.br\/anais_senpe\/17senpe\/atual.htm\" target=\"_blank\">Vol. 2, 2013<\/a><\/h3><p class=\"elementor-image-box-description\">Anais do 17\u00ba SENPE<\/p><\/div><\/div>\t\t<\/div>\n\t\t\t\t<\/div>\n\t\t\t\t\t<\/div>\n\t\t<\/div>\n\t\t\t\t<div class=\"elementor-column elementor-col-16 elementor-top-column elementor-element elementor-element-067d8fa\" data-id=\"067d8fa\" data-element_type=\"column\">\n\t\t\t<div class=\"elementor-widget-wrap elementor-element-populated\">\n\t\t\t\t\t\t<div class=\"elementor-element elementor-element-9f011a4 elementor-position-top elementor-widget elementor-widget-image-box\" data-id=\"9f011a4\" data-element_type=\"widget\" data-widget_type=\"image-box.default\">\n\t\t\t\t<div class=\"elementor-widget-container\">\n\t\t\t<div class=\"elementor-image-box-wrapper\"><figure class=\"elementor-image-box-img\"><a href=\"https:\/\/portal.eventosaben.org.br\/16senpe\/senpe-trabalhos\/index.htm\" target=\"_blank\" tabindex=\"-1\"><img loading=\"lazy\" decoding=\"async\" width=\"283\" height=\"400\" src=\"https:\/\/eventosaben.org.br\/anaissenpe\/wp-content\/uploads\/2023\/12\/16SENPE.png\" class=\"elementor-animation-shrink attachment-full size-full wp-image-281\" alt=\"\" srcset=\"https:\/\/eventosaben.org.br\/anaissenpe\/wp-content\/uploads\/2023\/12\/16SENPE.png 283w, https:\/\/eventosaben.org.br\/anaissenpe\/wp-content\/uploads\/2023\/12\/16SENPE-212x300.png 212w\" sizes=\"(max-width: 283px) 100vw, 283px\" \/><\/a><\/figure><div class=\"elementor-image-box-content\"><h3 class=\"elementor-image-box-title\"><a href=\"https:\/\/portal.eventosaben.org.br\/16senpe\/senpe-trabalhos\/index.htm\" target=\"_blank\">Vol. 1, 2011<\/a><\/h3><p class=\"elementor-image-box-description\">Anais do 16\u00ba SENPE<\/p><\/div><\/div>\t\t<\/div>\n\t\t\t\t<\/div>\n\t\t\t\t\t<\/div>\n\t\t<\/div>\n\t\t\t\t\t<\/div>\n\t\t<\/section>\n\t\t\t\t<\/div>\n\t\t","protected":false},"excerpt":{"rendered":"<p>Publica\u00e7\u00f5es de Anais do Senpe, Semin\u00e1rio Nacional de Pesquisa em Enfermagem Vol. 6, 2022 Anais do 21\u00ba SENPE e 2\u00ba SINPE Vol. 5, 2019 Anais do 20\u00ba SENPE e 1\u00ba SINPE Vol. 4, 2017 Anais do 19\u00ba SENPE Vol. 3, 2015 Anais do 18\u00ba SENPE Vol. 2, 2013 Anais do 17\u00ba SENPE Vol. 1, 2011 [&hellip;]<\/p>\n","protected":false},"author":1,"featured_media":0,"parent":0,"menu_order":0,"comment_status":"closed","ping_status":"closed","template":"elementor_header_footer","meta":{"footnotes":""},"class_list":["post-22","page","type-page","status-publish","hentry"],"aioseo_notices":[],"_links":{"self":[{"href":"https:\/\/eventosaben.org.br\/anaissenpe\/wp-json\/wp\/v2\/pages\/22"}],"collection":[{"href":"https:\/\/eventosaben.org.br\/anaissenpe\/wp-json\/wp\/v2\/pages"}],"about":[{"href":"https:\/\/eventosaben.org.br\/anaissenpe\/wp-json\/wp\/v2\/types\/page"}],"author":[{"embeddable":true,"href":"https:\/\/eventosaben.org.br\/anaissenpe\/wp-json\/wp\/v2\/users\/1"}],"replies":[{"embeddable":true,"href":"https:\/\/eventosaben.org.br\/anaissenpe\/wp-json\/wp\/v2\/comments?post=22"}],"version-history":[{"count":100,"href":"https:\/\/eventosaben.org.br\/anaissenpe\/wp-json\/wp\/v2\/pages\/22\/revisions"}],"predecessor-version":[{"id":321,"href":"https:\/\/eventosaben.org.br\/anaissenpe\/wp-json\/wp\/v2\/pages\/22\/revisions\/321"}],"wp:attachment":[{"href":"https:\/\/eventosaben.org.br\/anaissenpe\/wp-json\/wp\/v2\/media?parent=22"}],"curies":[{"name":"wp","href":"https:\/\/api.w.org\/{rel}","templated":true}]}}