{"id":20,"date":"2023-12-16T17:34:36","date_gmt":"2023-12-16T20:34:36","guid":{"rendered":"https:\/\/eventosaben.org.br\/anaiscben\/?page_id=20"},"modified":"2023-12-28T23:16:49","modified_gmt":"2023-12-29T02:16:49","slug":"edicao-atual","status":"publish","type":"page","link":"https:\/\/eventosaben.org.br\/anaissenpe\/edicao-atual\/","title":{"rendered":"Edi\u00e7\u00e3o Atual"},"content":{"rendered":"\t\t<div data-elementor-type=\"wp-page\" data-elementor-id=\"20\" class=\"elementor elementor-20\" data-elementor-post-type=\"page\">\n\t\t\t\t<div class=\"elementor-element elementor-element-2e006ba2 e-flex e-con-boxed e-con e-parent\" data-id=\"2e006ba2\" data-element_type=\"container\" data-settings=\"{&quot;background_background&quot;:&quot;classic&quot;}\">\n\t\t\t\t\t<div class=\"e-con-inner\">\n\t\t\t\t\t<\/div>\n\t\t\t\t<\/div>\n\t\t<div class=\"elementor-element elementor-element-3f37462 e-flex e-con-boxed e-con e-parent\" data-id=\"3f37462\" data-element_type=\"container\">\n\t\t\t\t\t<div class=\"e-con-inner\">\n\t\t<div class=\"elementor-element elementor-element-e1fc739 e-con-full e-flex e-con e-child\" data-id=\"e1fc739\" data-element_type=\"container\">\n\t\t\t\t<div class=\"elementor-element elementor-element-f140292 elementor-widget elementor-widget-text-editor\" data-id=\"f140292\" data-element_type=\"widget\" data-widget_type=\"text-editor.default\">\n\t\t\t\t<div class=\"elementor-widget-container\">\n\t\t\t\t\t\t\t<p><b><i>Trabalhos aprovados e publicados<\/i><\/b><\/p><p><i>Lista em Ordem alfab\u00e9tica do Autor Principal.<\/i><\/p>\t\t\t\t\t\t<\/div>\n\t\t\t\t<\/div>\n\t\t\t\t<\/div>\n\t\t<div class=\"elementor-element elementor-element-6b5be76 e-con-full e-flex e-con e-child\" data-id=\"6b5be76\" data-element_type=\"container\">\n\t\t\t\t<div class=\"elementor-element elementor-element-fcc444b elementor-align-justify elementor-mobile-align-justify elementor-widget elementor-widget-button\" data-id=\"fcc444b\" data-element_type=\"widget\" data-widget_type=\"button.default\">\n\t\t\t\t<div class=\"elementor-widget-container\">\n\t\t\t\t\t<div class=\"elementor-button-wrapper\">\n\t\t\t<a class=\"elementor-button elementor-button-link elementor-size-lg\" href=\"#\">\n\t\t\t\t\t\t<span class=\"elementor-button-content-wrapper\">\n\t\t\t\t\t\t\t\t\t<span class=\"elementor-button-text\">Apresenta\u00e7\u00f5es Orais<\/span>\n\t\t\t\t\t<\/span>\n\t\t\t\t\t<\/a>\n\t\t<\/div>\n\t\t\t\t<\/div>\n\t\t\t\t<\/div>\n\t\t\t\t<div class=\"elementor-element elementor-element-3ab91aa elementor-align-justify elementor-widget elementor-widget-button\" data-id=\"3ab91aa\" data-element_type=\"widget\" data-widget_type=\"button.default\">\n\t\t\t\t<div class=\"elementor-widget-container\">\n\t\t\t\t\t<div class=\"elementor-button-wrapper\">\n\t\t\t<a class=\"elementor-button elementor-button-link elementor-size-lg\" href=\"#\">\n\t\t\t\t\t\t<span class=\"elementor-button-content-wrapper\">\n\t\t\t\t\t\t\t\t\t<span class=\"elementor-button-text\">Apresenta\u00e7\u00f5es em Posteres<\/span>\n\t\t\t\t\t<\/span>\n\t\t\t\t\t<\/a>\n\t\t<\/div>\n\t\t\t\t<\/div>\n\t\t\t\t<\/div>\n\t\t\t\t<\/div>\n\t\t\t\t\t<\/div>\n\t\t\t\t<\/div>\n\t\t<div class=\"elementor-element elementor-element-806ad5d e-flex e-con-boxed e-con e-parent\" data-id=\"806ad5d\" data-element_type=\"container\">\n\t\t\t\t\t<div class=\"e-con-inner\">\n\t\t\t\t<div class=\"elementor-element elementor-element-047f0e7 elementor-tabs-alignment-stretch elementor-tabs-view-horizontal elementor-widget elementor-widget-tabs\" data-id=\"047f0e7\" data-element_type=\"widget\" data-widget_type=\"tabs.default\">\n\t\t\t\t<div class=\"elementor-widget-container\">\n\t\t\t\t\t<div class=\"elementor-tabs\">\n\t\t\t<div class=\"elementor-tabs-wrapper\" role=\"tablist\" >\n\t\t\t\t\t\t\t\t\t<div id=\"elementor-tab-title-4711\" class=\"elementor-tab-title elementor-tab-desktop-title\" aria-selected=\"true\" data-tab=\"1\" role=\"tab\" tabindex=\"0\" aria-controls=\"elementor-tab-content-4711\" aria-expanded=\"false\">Apresenta\u00e7\u00f5es Orais<\/div>\n\t\t\t\t\t\t\t\t\t<div id=\"elementor-tab-title-4712\" class=\"elementor-tab-title elementor-tab-desktop-title\" aria-selected=\"false\" data-tab=\"2\" role=\"tab\" tabindex=\"-1\" aria-controls=\"elementor-tab-content-4712\" aria-expanded=\"false\">Apresenta\u00e7\u00f5es em Posteres<\/div>\n\t\t\t\t\t\t\t<\/div>\n\t\t\t<div class=\"elementor-tabs-content-wrapper\" role=\"tablist\" aria-orientation=\"vertical\">\n\t\t\t\t\t\t\t\t\t<div class=\"elementor-tab-title elementor-tab-mobile-title\" aria-selected=\"true\" data-tab=\"1\" role=\"tab\" tabindex=\"0\" aria-controls=\"elementor-tab-content-4711\" aria-expanded=\"false\">Apresenta\u00e7\u00f5es Orais<\/div>\n\t\t\t\t\t<div id=\"elementor-tab-content-4711\" class=\"elementor-tab-content elementor-clearfix\" data-tab=\"1\" role=\"tabpanel\" aria-labelledby=\"elementor-tab-title-4711\" tabindex=\"0\" hidden=\"false\"><p>Publica\u00e7\u00e3o em breve!<\/p><\/div>\n\t\t\t\t\t\t\t\t\t<div class=\"elementor-tab-title elementor-tab-mobile-title\" aria-selected=\"false\" data-tab=\"2\" role=\"tab\" tabindex=\"-1\" aria-controls=\"elementor-tab-content-4712\" aria-expanded=\"false\">Apresenta\u00e7\u00f5es em Posteres<\/div>\n\t\t\t\t\t<div id=\"elementor-tab-content-4712\" class=\"elementor-tab-content elementor-clearfix\" data-tab=\"2\" role=\"tabpanel\" aria-labelledby=\"elementor-tab-title-4712\" tabindex=\"0\" hidden=\"hidden\"><p>Publica\u00e7\u00e3o em breve<\/p><\/div>\n\t\t\t\t\t\t\t<\/div>\n\t\t<\/div>\n\t\t\t\t<\/div>\n\t\t\t\t<\/div>\n\t\t\t\t\t<\/div>\n\t\t\t\t<\/div>\n\t\t\t\t<\/div>\n\t\t","protected":false},"excerpt":{"rendered":"<p>Trabalhos aprovados e publicados Lista em Ordem alfab\u00e9tica do Autor Principal. Apresenta\u00e7\u00f5es Orais Apresenta\u00e7\u00f5es em Posteres Apresenta\u00e7\u00f5es Orais Apresenta\u00e7\u00f5es em Posteres Apresenta\u00e7\u00f5es Orais Publica\u00e7\u00e3o em breve! Apresenta\u00e7\u00f5es em Posteres Publica\u00e7\u00e3o em breve<\/p>\n","protected":false},"author":1,"featured_media":0,"parent":0,"menu_order":0,"comment_status":"closed","ping_status":"closed","template":"elementor_header_footer","meta":{"footnotes":""},"class_list":["post-20","page","type-page","status-publish","hentry"],"aioseo_notices":[],"_links":{"self":[{"href":"https:\/\/eventosaben.org.br\/anaissenpe\/wp-json\/wp\/v2\/pages\/20"}],"collection":[{"href":"https:\/\/eventosaben.org.br\/anaissenpe\/wp-json\/wp\/v2\/pages"}],"about":[{"href":"https:\/\/eventosaben.org.br\/anaissenpe\/wp-json\/wp\/v2\/types\/page"}],"author":[{"embeddable":true,"href":"https:\/\/eventosaben.org.br\/anaissenpe\/wp-json\/wp\/v2\/users\/1"}],"replies":[{"embeddable":true,"href":"https:\/\/eventosaben.org.br\/anaissenpe\/wp-json\/wp\/v2\/comments?post=20"}],"version-history":[{"count":10,"href":"https:\/\/eventosaben.org.br\/anaissenpe\/wp-json\/wp\/v2\/pages\/20\/revisions"}],"predecessor-version":[{"id":258,"href":"https:\/\/eventosaben.org.br\/anaissenpe\/wp-json\/wp\/v2\/pages\/20\/revisions\/258"}],"wp:attachment":[{"href":"https:\/\/eventosaben.org.br\/anaissenpe\/wp-json\/wp\/v2\/media?parent=20"}],"curies":[{"name":"wp","href":"https:\/\/api.w.org\/{rel}","templated":true}]}}