{"id":20,"date":"2023-12-16T17:34:36","date_gmt":"2023-12-16T20:34:36","guid":{"rendered":"https:\/\/eventosaben.org.br\/anaiscben\/?page_id=20"},"modified":"2025-08-13T12:03:05","modified_gmt":"2025-08-13T15:03:05","slug":"edicao-atual","status":"publish","type":"page","link":"https:\/\/eventosaben.org.br\/anaiscben\/edicao-atual\/","title":{"rendered":"Edi\u00e7\u00e3o Atual"},"content":{"rendered":"\t\t<div data-elementor-type=\"wp-page\" data-elementor-id=\"20\" class=\"elementor elementor-20\" data-elementor-post-type=\"page\">\n\t\t\t\t<div class=\"elementor-element elementor-element-2e006ba2 e-flex e-con-boxed e-con e-parent\" data-id=\"2e006ba2\" data-element_type=\"container\" data-settings=\"{&quot;background_background&quot;:&quot;classic&quot;}\">\n\t\t\t\t\t<div class=\"e-con-inner\">\n\t\t\t\t\t<\/div>\n\t\t\t\t<\/div>\n\t\t<div class=\"elementor-element elementor-element-3f37462 e-flex e-con-boxed e-con e-parent\" data-id=\"3f37462\" data-element_type=\"container\">\n\t\t\t\t\t<div class=\"e-con-inner\">\n\t\t<div class=\"elementor-element elementor-element-6b5be76 e-con-full e-flex e-con e-child\" data-id=\"6b5be76\" data-element_type=\"container\">\n\t\t\t\t<div class=\"elementor-element elementor-element-55d1905 elementor-position-top elementor-widget elementor-widget-image-box\" data-id=\"55d1905\" data-element_type=\"widget\" data-widget_type=\"image-box.default\">\n\t\t\t\t<div class=\"elementor-widget-container\">\n\t\t\t<style>\/*! elementor - v3.23.0 - 05-08-2024 *\/\n.elementor-widget-image-box .elementor-image-box-content{width:100%}@media (min-width:768px){.elementor-widget-image-box.elementor-position-left .elementor-image-box-wrapper,.elementor-widget-image-box.elementor-position-right .elementor-image-box-wrapper{display:flex}.elementor-widget-image-box.elementor-position-right .elementor-image-box-wrapper{text-align:end;flex-direction:row-reverse}.elementor-widget-image-box.elementor-position-left .elementor-image-box-wrapper{text-align:start;flex-direction:row}.elementor-widget-image-box.elementor-position-top .elementor-image-box-img{margin:auto}.elementor-widget-image-box.elementor-vertical-align-top .elementor-image-box-wrapper{align-items:flex-start}.elementor-widget-image-box.elementor-vertical-align-middle .elementor-image-box-wrapper{align-items:center}.elementor-widget-image-box.elementor-vertical-align-bottom .elementor-image-box-wrapper{align-items:flex-end}}@media (max-width:767px){.elementor-widget-image-box .elementor-image-box-img{margin-left:auto!important;margin-right:auto!important;margin-bottom:15px}}.elementor-widget-image-box .elementor-image-box-img{display:inline-block}.elementor-widget-image-box .elementor-image-box-title a{color:inherit}.elementor-widget-image-box .elementor-image-box-wrapper{text-align:center}.elementor-widget-image-box .elementor-image-box-description{margin:0}<\/style><div class=\"elementor-image-box-wrapper\"><figure class=\"elementor-image-box-img\"><a href=\"https:\/\/publicacoes.abennacional.org.br\/ebooks\/74o-cben\" target=\"_blank\" tabindex=\"-1\"><img fetchpriority=\"high\" decoding=\"async\" width=\"594\" height=\"841\" src=\"https:\/\/eventosaben.org.br\/anaiscben\/wp-content\/uploads\/2025\/08\/capa.png\" class=\"elementor-animation-shrink attachment-full size-full wp-image-241\" alt=\"\" srcset=\"https:\/\/eventosaben.org.br\/anaiscben\/wp-content\/uploads\/2025\/08\/capa.png 594w, https:\/\/eventosaben.org.br\/anaiscben\/wp-content\/uploads\/2025\/08\/capa-212x300.png 212w\" sizes=\"(max-width: 594px) 100vw, 594px\" \/><\/a><\/figure><div class=\"elementor-image-box-content\"><h3 class=\"elementor-image-box-title\"><a href=\"https:\/\/publicacoes.abennacional.org.br\/ebooks\/74o-cben\" target=\"_blank\">Vol. 14, 2023<\/a><\/h3><p class=\"elementor-image-box-description\">Anais do 74\u00ba Congresso Brasileiro de Enfermagem<\/p><\/div><\/div>\t\t<\/div>\n\t\t\t\t<\/div>\n\t\t\t\t<\/div>\n\t\t<div class=\"elementor-element elementor-element-e1fc739 e-con-full e-flex e-con e-child\" data-id=\"e1fc739\" data-element_type=\"container\">\n\t\t\t\t<div class=\"elementor-element elementor-element-f140292 elementor-widget elementor-widget-text-editor\" data-id=\"f140292\" data-element_type=\"widget\" data-widget_type=\"text-editor.default\">\n\t\t\t\t<div class=\"elementor-widget-container\">\n\t\t\t<style>\/*! elementor - v3.23.0 - 05-08-2024 *\/\n.elementor-widget-text-editor.elementor-drop-cap-view-stacked .elementor-drop-cap{background-color:#69727d;color:#fff}.elementor-widget-text-editor.elementor-drop-cap-view-framed .elementor-drop-cap{color:#69727d;border:3px solid;background-color:transparent}.elementor-widget-text-editor:not(.elementor-drop-cap-view-default) .elementor-drop-cap{margin-top:8px}.elementor-widget-text-editor:not(.elementor-drop-cap-view-default) .elementor-drop-cap-letter{width:1em;height:1em}.elementor-widget-text-editor .elementor-drop-cap{float:left;text-align:center;line-height:1;font-size:50px}.elementor-widget-text-editor .elementor-drop-cap-letter{display:inline-block}<\/style>\t\t\t\t<p><strong>74\u00ba CONGRESSO BRASILEIRO DE ENFERMAGEM (74\u00ba CBEn)<\/strong><br \/><strong>ENFERMAGEM E O DESENVOLVIMENTO SUSTENT\u00c1VEL<\/strong><\/p><ul><li>Eixo 1: Cuidado de enfermagem, pol\u00edticas sociais e a constru\u00e7\u00e3o de uma sociedade<br \/>sustent\u00e1vel.<\/li><li>Eixo 2: Condi\u00e7\u00f5es, perspectivas e desafios do trabalho de enfermagem.<\/li><li>Eixo 3: A pesquisa em enfermagem e suas contribui\u00e7\u00f5es para o cuidado em sa\u00fade e<br \/>para a consolida\u00e7\u00e3o da ci\u00eancia de enfermagem.<\/li><li>Eixo 4: Educa\u00e7\u00e3o de qualidade e a forma\u00e7\u00e3o de profissionais<br \/>de Enfermagem na perspectiva do SUS.<\/li><\/ul><p>\u00a0<\/p><hr \/><p>13\u00aa JORNADA BRASILEIRA DE ENFERMAGEM GERONTOL\u00d3GICA (13\u00aa JBEG)<br \/>ENVELHECIMENTO, CUIDADO E SUSTENTABILIDADE<\/p><p>\u00a0<\/p><hr \/><p>6\u00ba SEMIN\u00c1RIO INTERNACIONAL DO TRABALHO EM ENFERMAGEM (6\u00ba SITEn)<br \/>TRABALHO DE ENFERMAGEM EM CONTEXTOS DE INIQUIDADES<\/p>\t\t\t\t\t\t<\/div>\n\t\t\t\t<\/div>\n\t\t\t\t<\/div>\n\t\t\t\t\t<\/div>\n\t\t\t\t<\/div>\n\t\t\t\t<\/div>\n\t\t","protected":false},"excerpt":{"rendered":"<p>Vol. 14, 2023 Anais do 74\u00ba Congresso Brasileiro de Enfermagem 74\u00ba CONGRESSO BRASILEIRO DE ENFERMAGEM (74\u00ba CBEn)ENFERMAGEM E O DESENVOLVIMENTO SUSTENT\u00c1VEL Eixo 1: Cuidado de enfermagem, pol\u00edticas sociais e a constru\u00e7\u00e3o de uma sociedadesustent\u00e1vel. Eixo 2: Condi\u00e7\u00f5es, perspectivas e desafios do trabalho de enfermagem. Eixo 3: A pesquisa em enfermagem e suas contribui\u00e7\u00f5es para o [&hellip;]<\/p>\n","protected":false},"author":1,"featured_media":0,"parent":0,"menu_order":0,"comment_status":"closed","ping_status":"closed","template":"elementor_header_footer","meta":{"footnotes":""},"class_list":["post-20","page","type-page","status-publish","hentry"],"aioseo_notices":[],"_links":{"self":[{"href":"https:\/\/eventosaben.org.br\/anaiscben\/wp-json\/wp\/v2\/pages\/20"}],"collection":[{"href":"https:\/\/eventosaben.org.br\/anaiscben\/wp-json\/wp\/v2\/pages"}],"about":[{"href":"https:\/\/eventosaben.org.br\/anaiscben\/wp-json\/wp\/v2\/types\/page"}],"author":[{"embeddable":true,"href":"https:\/\/eventosaben.org.br\/anaiscben\/wp-json\/wp\/v2\/users\/1"}],"replies":[{"embeddable":true,"href":"https:\/\/eventosaben.org.br\/anaiscben\/wp-json\/wp\/v2\/comments?post=20"}],"version-history":[{"count":13,"href":"https:\/\/eventosaben.org.br\/anaiscben\/wp-json\/wp\/v2\/pages\/20\/revisions"}],"predecessor-version":[{"id":248,"href":"https:\/\/eventosaben.org.br\/anaiscben\/wp-json\/wp\/v2\/pages\/20\/revisions\/248"}],"wp:attachment":[{"href":"https:\/\/eventosaben.org.br\/anaiscben\/wp-json\/wp\/v2\/media?parent=20"}],"curies":[{"name":"wp","href":"https:\/\/api.w.org\/{rel}","templated":true}]}}