{"id":18,"date":"2023-12-16T17:34:16","date_gmt":"2023-12-16T20:34:16","guid":{"rendered":"https:\/\/eventosaben.org.br\/anaiscben\/?page_id=18"},"modified":"2023-12-16T18:55:38","modified_gmt":"2023-12-16T21:55:38","slug":"apresentacao","status":"publish","type":"page","link":"https:\/\/eventosaben.org.br\/anaiscben\/apresentacao\/","title":{"rendered":"Apresenta\u00e7\u00e3o"},"content":{"rendered":"\t\t<div data-elementor-type=\"wp-page\" data-elementor-id=\"18\" class=\"elementor elementor-18\" data-elementor-post-type=\"page\">\n\t\t\t\t<div class=\"elementor-element elementor-element-04f60d2 e-flex e-con-boxed e-con e-parent\" data-id=\"04f60d2\" data-element_type=\"container\" data-settings=\"{&quot;background_background&quot;:&quot;classic&quot;}\">\n\t\t\t\t\t<div class=\"e-con-inner\">\n\t\t\t\t\t<\/div>\n\t\t\t\t<\/div>\n\t\t<div class=\"elementor-element elementor-element-67deff6 e-flex e-con-boxed e-con e-parent\" data-id=\"67deff6\" data-element_type=\"container\">\n\t\t\t\t\t<div class=\"e-con-inner\">\n\t\t\t\t<div class=\"elementor-element elementor-element-9e01215 elementor-widget elementor-widget-text-editor\" data-id=\"9e01215\" data-element_type=\"widget\" data-widget_type=\"text-editor.default\">\n\t\t\t\t<div class=\"elementor-widget-container\">\n\t\t\t<style>\/*! elementor - v3.23.0 - 05-08-2024 *\/\n.elementor-widget-text-editor.elementor-drop-cap-view-stacked .elementor-drop-cap{background-color:#69727d;color:#fff}.elementor-widget-text-editor.elementor-drop-cap-view-framed .elementor-drop-cap{color:#69727d;border:3px solid;background-color:transparent}.elementor-widget-text-editor:not(.elementor-drop-cap-view-default) .elementor-drop-cap{margin-top:8px}.elementor-widget-text-editor:not(.elementor-drop-cap-view-default) .elementor-drop-cap-letter{width:1em;height:1em}.elementor-widget-text-editor .elementor-drop-cap{float:left;text-align:center;line-height:1;font-size:50px}.elementor-widget-text-editor .elementor-drop-cap-letter{display:inline-block}<\/style>\t\t\t\t<p>O Congresso Brasileiro de Enfermagem (CBEn) \u00e9 um dos maiores eventos do campo, e o maior promovido pela Associa\u00e7\u00e3o Brasileira de Enfermagem desde 1947.<\/p><p>\u00c9 um evento que congrega enfermeiras(os), t\u00e9cnicas(os), auxiliares em enfermagem e parteiras; estudantes em forma\u00e7\u00e3o t\u00e9cnica, de cursos de gradua\u00e7\u00e3o e de p\u00f3s-gradua\u00e7\u00e3o; docentes de institui\u00e7\u00f5es formadoras e sociedades de especialistas.<\/p><p>\u00c9 um espa\u00e7o para compartilhamento de conhecimentos, saberes e experi\u00eancias e para debates que proporcionem o fortalecimento pol\u00edtico do campo da enfermagem ante \u00e0 conjuntura nacional.<\/p>\t\t\t\t\t\t<\/div>\n\t\t\t\t<\/div>\n\t\t\t\t\t<\/div>\n\t\t\t\t<\/div>\n\t\t\t\t<\/div>\n\t\t","protected":false},"excerpt":{"rendered":"<p>O Congresso Brasileiro de Enfermagem (CBEn) \u00e9 um dos maiores eventos do campo, e o maior promovido pela Associa\u00e7\u00e3o Brasileira de Enfermagem desde 1947. \u00c9 um evento que congrega enfermeiras(os), t\u00e9cnicas(os), auxiliares em enfermagem e parteiras; estudantes em forma\u00e7\u00e3o t\u00e9cnica, de cursos de gradua\u00e7\u00e3o e de p\u00f3s-gradua\u00e7\u00e3o; docentes de institui\u00e7\u00f5es formadoras e sociedades de especialistas. [&hellip;]<\/p>\n","protected":false},"author":1,"featured_media":0,"parent":0,"menu_order":0,"comment_status":"closed","ping_status":"closed","template":"elementor_header_footer","meta":{"footnotes":""},"class_list":["post-18","page","type-page","status-publish","hentry"],"aioseo_notices":[],"_links":{"self":[{"href":"https:\/\/eventosaben.org.br\/anaiscben\/wp-json\/wp\/v2\/pages\/18"}],"collection":[{"href":"https:\/\/eventosaben.org.br\/anaiscben\/wp-json\/wp\/v2\/pages"}],"about":[{"href":"https:\/\/eventosaben.org.br\/anaiscben\/wp-json\/wp\/v2\/types\/page"}],"author":[{"embeddable":true,"href":"https:\/\/eventosaben.org.br\/anaiscben\/wp-json\/wp\/v2\/users\/1"}],"replies":[{"embeddable":true,"href":"https:\/\/eventosaben.org.br\/anaiscben\/wp-json\/wp\/v2\/comments?post=18"}],"version-history":[{"count":4,"href":"https:\/\/eventosaben.org.br\/anaiscben\/wp-json\/wp\/v2\/pages\/18\/revisions"}],"predecessor-version":[{"id":113,"href":"https:\/\/eventosaben.org.br\/anaiscben\/wp-json\/wp\/v2\/pages\/18\/revisions\/113"}],"wp:attachment":[{"href":"https:\/\/eventosaben.org.br\/anaiscben\/wp-json\/wp\/v2\/media?parent=18"}],"curies":[{"name":"wp","href":"https:\/\/api.w.org\/{rel}","templated":true}]}}