{"id":31,"date":"2023-12-19T16:35:56","date_gmt":"2023-12-19T19:35:56","guid":{"rendered":"https:\/\/ccmed.com.br\/sepse\/?page_id=31"},"modified":"2026-04-08T00:21:57","modified_gmt":"2026-04-08T03:21:57","slug":"contato","status":"publish","type":"page","link":"https:\/\/eventosaben.org.br\/76cben\/contato\/","title":{"rendered":"Contato"},"content":{"rendered":"\t\t<div data-elementor-type=\"wp-page\" data-elementor-id=\"31\" class=\"elementor elementor-31\" data-elementor-post-type=\"page\">\n\t\t\t\t<div class=\"elementor-element elementor-element-21487fa0 e-flex e-con-boxed e-con e-parent\" data-id=\"21487fa0\" data-element_type=\"container\" data-e-type=\"container\" data-settings=\"{&quot;background_background&quot;:&quot;classic&quot;}\">\n\t\t\t\t\t<div class=\"e-con-inner\">\n\t\t\t\t\t<\/div>\n\t\t\t\t<\/div>\n\t\t<div class=\"elementor-element elementor-element-3ace3eaf e-flex e-con-boxed e-con e-parent\" data-id=\"3ace3eaf\" data-element_type=\"container\" data-e-type=\"container\">\n\t\t\t\t\t<div class=\"e-con-inner\">\n\t\t\t\t\t<\/div>\n\t\t\t\t<\/div>\n\t\t\t\t<section class=\"elementor-section elementor-top-section elementor-element elementor-element-4776d15f elementor-section-boxed elementor-section-height-default elementor-section-height-default\" data-id=\"4776d15f\" data-element_type=\"section\" data-e-type=\"section\">\n\t\t\t\t\t\t<div class=\"elementor-container elementor-column-gap-default\">\n\t\t\t\t\t<div class=\"elementor-column elementor-col-100 elementor-top-column elementor-element elementor-element-7510651\" data-id=\"7510651\" data-element_type=\"column\" data-e-type=\"column\">\n\t\t\t<div class=\"elementor-widget-wrap elementor-element-populated\">\n\t\t\t\t\t\t<div class=\"elementor-element elementor-element-e5ebd3c elementor-widget elementor-widget-text-editor\" data-id=\"e5ebd3c\" data-element_type=\"widget\" data-e-type=\"widget\" data-widget_type=\"text-editor.default\">\n\t\t\t\t<div class=\"elementor-widget-container\">\n\t\t\t\t\t\t\t\t\t<p>Agradecemos pelo interesse em falar com a equipe de organiza\u00e7\u00e3o do evento!<\/p><p>Envie e-mail ou fale em um dos telefones abaixo, conforme sua necessidade.<\/p><p>\u00a0<\/p><p>\u00a0<\/p><p style=\"text-align: left;\"><strong>INFORMA\u00c7\u00d5ES COMERCIAIS &#8211; Seja um expositor ou patrocinador do evento:<\/strong><br \/><strong>Telefone:<\/strong> (51) 99107-5521<br \/><strong>Email:<\/strong> cben@eventosaben.org.br<\/p><p style=\"text-align: left;\">\u00a0<\/p><p style=\"text-align: left;\"><span style=\"font-weight: bolder;\">D\u00daVIDAS &#8211; Sobre inscri\u00e7\u00f5es ou submiss\u00e3o de trabalhos:<\/span><br \/><span style=\"font-weight: bolder;\">Telefone:<\/span>\u00a0(51) 99368-2235<br \/><span style=\"font-weight: bolder;\">Email:<\/span>\u00a0cben@eventosaben.org.br<\/p>\t\t\t\t\t\t\t\t<\/div>\n\t\t\t\t<\/div>\n\t\t\t\t\t<\/div>\n\t\t<\/div>\n\t\t\t\t\t<\/div>\n\t\t<\/section>\n\t\t\t\t<\/div>\n\t\t","protected":false},"excerpt":{"rendered":"<p>Agradecemos pelo interesse em falar com a equipe de organiza\u00e7\u00e3o do evento! Envie e-mail ou fale em um dos telefones abaixo, conforme sua necessidade. \u00a0 \u00a0 INFORMA\u00c7\u00d5ES COMERCIAIS &#8211; Seja um expositor ou patrocinador do evento:Telefone: (51) 99107-5521Email: cben@eventosaben.org.br \u00a0 D\u00daVIDAS &#8211; Sobre inscri\u00e7\u00f5es ou submiss\u00e3o de trabalhos:Telefone:\u00a0(51) 99368-2235Email:\u00a0cben@eventosaben.org.br<\/p>\n","protected":false},"author":1,"featured_media":0,"parent":0,"menu_order":0,"comment_status":"closed","ping_status":"closed","template":"elementor_header_footer","meta":{"_joinchat":[],"footnotes":""},"class_list":["post-31","page","type-page","status-publish","hentry"],"aioseo_notices":[],"_hostinger_reach_plugin_has_subscription_block":false,"_hostinger_reach_plugin_is_elementor":false,"_links":{"self":[{"href":"https:\/\/eventosaben.org.br\/76cben\/wp-json\/wp\/v2\/pages\/31","targetHints":{"allow":["GET"]}}],"collection":[{"href":"https:\/\/eventosaben.org.br\/76cben\/wp-json\/wp\/v2\/pages"}],"about":[{"href":"https:\/\/eventosaben.org.br\/76cben\/wp-json\/wp\/v2\/types\/page"}],"author":[{"embeddable":true,"href":"https:\/\/eventosaben.org.br\/76cben\/wp-json\/wp\/v2\/users\/1"}],"replies":[{"embeddable":true,"href":"https:\/\/eventosaben.org.br\/76cben\/wp-json\/wp\/v2\/comments?post=31"}],"version-history":[{"count":37,"href":"https:\/\/eventosaben.org.br\/76cben\/wp-json\/wp\/v2\/pages\/31\/revisions"}],"predecessor-version":[{"id":3535,"href":"https:\/\/eventosaben.org.br\/76cben\/wp-json\/wp\/v2\/pages\/31\/revisions\/3535"}],"wp:attachment":[{"href":"https:\/\/eventosaben.org.br\/76cben\/wp-json\/wp\/v2\/media?parent=31"}],"curies":[{"name":"wp","href":"https:\/\/api.w.org\/{rel}","templated":true}]}}