{"id":2765,"date":"2025-10-31T11:53:35","date_gmt":"2025-10-31T14:53:35","guid":{"rendered":"https:\/\/eventosaben.org.br\/75cben\/?page_id=2765"},"modified":"2026-04-07T23:11:52","modified_gmt":"2026-04-08T02:11:52","slug":"tenda-paulo-freire","status":"publish","type":"page","link":"https:\/\/eventosaben.org.br\/76cben\/tenda-paulo-freire\/","title":{"rendered":"Tenda Paulo Freire"},"content":{"rendered":"\t\t<div data-elementor-type=\"wp-page\" data-elementor-id=\"2765\" class=\"elementor elementor-2765\" data-elementor-post-type=\"page\">\n\t\t\t\t<div class=\"elementor-element elementor-element-7c42dc55 e-flex e-con-boxed e-con e-parent\" data-id=\"7c42dc55\" data-element_type=\"container\" data-e-type=\"container\" data-settings=\"{&quot;background_background&quot;:&quot;classic&quot;}\">\n\t\t\t\t\t<div class=\"e-con-inner\">\n\t\t\t\t\t<\/div>\n\t\t\t\t<\/div>\n\t\t<div class=\"elementor-element elementor-element-5394740a e-flex e-con-boxed e-con e-parent\" data-id=\"5394740a\" data-element_type=\"container\" data-e-type=\"container\">\n\t\t\t\t\t<div class=\"e-con-inner\">\n\t\t\t\t\t<\/div>\n\t\t\t\t<\/div>\n\t\t<div class=\"elementor-element elementor-element-8fe229b e-flex e-con-boxed e-con e-parent\" data-id=\"8fe229b\" data-element_type=\"container\" data-e-type=\"container\">\n\t\t\t\t\t<div class=\"e-con-inner\">\n\t\t\t\t<div class=\"elementor-element elementor-element-889d55a elementor-widget elementor-widget-text-editor\" data-id=\"889d55a\" data-element_type=\"widget\" data-e-type=\"widget\" data-widget_type=\"text-editor.default\">\n\t\t\t\t<div class=\"elementor-widget-container\">\n\t\t\t\t\t\t\t\t\t<p>Aguarde!<\/p>\t\t\t\t\t\t\t\t<\/div>\n\t\t\t\t<\/div>\n\t\t\t\t\t<\/div>\n\t\t\t\t<\/div>\n\t\t<div class=\"elementor-element elementor-element-06fdc83 elementor-hidden-desktop elementor-hidden-tablet elementor-hidden-mobile e-flex e-con-boxed e-con e-parent\" data-id=\"06fdc83\" data-element_type=\"container\" data-e-type=\"container\">\n\t\t\t\t\t<div class=\"e-con-inner\">\n\t\t\t\t<div class=\"elementor-element elementor-element-9b95208 elementor-widget elementor-widget-toggle\" data-id=\"9b95208\" data-element_type=\"widget\" data-e-type=\"widget\" data-widget_type=\"toggle.default\">\n\t\t\t\t<div class=\"elementor-widget-container\">\n\t\t\t\t\t\t\t<div class=\"elementor-toggle\">\n\t\t\t\t\t\t\t<div class=\"elementor-toggle-item\">\n\t\t\t\t\t<div id=\"elementor-tab-title-1631\" class=\"elementor-tab-title\" data-tab=\"1\" role=\"button\" aria-controls=\"elementor-tab-content-1631\" aria-expanded=\"false\">\n\t\t\t\t\t\t\t\t\t\t\t\t<span class=\"elementor-toggle-icon elementor-toggle-icon-right\" aria-hidden=\"true\">\n\t\t\t\t\t\t\t\t\t\t\t\t\t\t\t<span class=\"elementor-toggle-icon-closed\"><svg class=\"e-font-icon-svg e-fas-caret-right\" viewBox=\"0 0 192 512\" xmlns=\"http:\/\/www.w3.org\/2000\/svg\"><path d=\"M0 384.662V127.338c0-17.818 21.543-26.741 34.142-14.142l128.662 128.662c7.81 7.81 7.81 20.474 0 28.284L34.142 398.804C21.543 411.404 0 402.48 0 384.662z\"><\/path><\/svg><\/span>\n\t\t\t\t\t\t\t\t<span class=\"elementor-toggle-icon-opened\"><svg class=\"elementor-toggle-icon-opened e-font-icon-svg e-fas-caret-up\" viewBox=\"0 0 320 512\" xmlns=\"http:\/\/www.w3.org\/2000\/svg\"><path d=\"M288.662 352H31.338c-17.818 0-26.741-21.543-14.142-34.142l128.662-128.662c7.81-7.81 20.474-7.81 28.284 0l128.662 128.662c12.6 12.599 3.676 34.142-14.142 34.142z\"><\/path><\/svg><\/span>\n\t\t\t\t\t\t\t\t\t\t\t\t\t<\/span>\n\t\t\t\t\t\t\t\t\t\t\t\t<a class=\"elementor-toggle-title\" tabindex=\"0\">Dia 24 de novembro de 2025 - manh\u00e3<\/a>\n\t\t\t\t\t<\/div>\n\n\t\t\t\t\t<div id=\"elementor-tab-content-1631\" class=\"elementor-tab-content elementor-clearfix\" data-tab=\"1\" role=\"region\" aria-labelledby=\"elementor-tab-title-1631\"><p><strong>08h30 \u00e0s 10h<\/strong><\/p><p><strong>RODA DE CONVERSA 1: Enfermagem na Am\u00e9rica Latina e a Educa\u00e7\u00e3o Popular em Sa\u00fade<\/strong><\/p><ul><li>Maria Rocineide Ferreira da Silva\u00a0<\/li><li>Jacinta Sena<\/li><li>Yusef Daniel Bertel Tu\u00f1on<\/li><\/ul><p><em>Facilitadora: Vanderleia Laodete Pulga<\/em><\/p><p>\u00a0<\/p><p><strong>10h30 \u00e0s 12h<\/strong><\/p><p><strong>RODA DE CONVERSA 2: Vigil\u00e2ncia Popular em Sa\u00fade: Emerg\u00eancia Clim\u00e1tica e Modelos de Desenvolvimento<\/strong><\/p><ul><li>Fagner Antonio Jandrey<\/li><li>Marla Kuhn<\/li><li>Graciela Storini<\/li><\/ul><p><em>Facilitadora: Michele Neves Meneses<\/em><\/p><\/div>\n\t\t\t\t<\/div>\n\t\t\t\t\t\t\t<div class=\"elementor-toggle-item\">\n\t\t\t\t\t<div id=\"elementor-tab-title-1632\" class=\"elementor-tab-title\" data-tab=\"2\" role=\"button\" aria-controls=\"elementor-tab-content-1632\" aria-expanded=\"false\">\n\t\t\t\t\t\t\t\t\t\t\t\t<span class=\"elementor-toggle-icon elementor-toggle-icon-right\" aria-hidden=\"true\">\n\t\t\t\t\t\t\t\t\t\t\t\t\t\t\t<span class=\"elementor-toggle-icon-closed\"><svg class=\"e-font-icon-svg e-fas-caret-right\" viewBox=\"0 0 192 512\" xmlns=\"http:\/\/www.w3.org\/2000\/svg\"><path d=\"M0 384.662V127.338c0-17.818 21.543-26.741 34.142-14.142l128.662 128.662c7.81 7.81 7.81 20.474 0 28.284L34.142 398.804C21.543 411.404 0 402.48 0 384.662z\"><\/path><\/svg><\/span>\n\t\t\t\t\t\t\t\t<span class=\"elementor-toggle-icon-opened\"><svg class=\"elementor-toggle-icon-opened e-font-icon-svg e-fas-caret-up\" viewBox=\"0 0 320 512\" xmlns=\"http:\/\/www.w3.org\/2000\/svg\"><path d=\"M288.662 352H31.338c-17.818 0-26.741-21.543-14.142-34.142l128.662-128.662c7.81-7.81 20.474-7.81 28.284 0l128.662 128.662c12.6 12.599 3.676 34.142-14.142 34.142z\"><\/path><\/svg><\/span>\n\t\t\t\t\t\t\t\t\t\t\t\t\t<\/span>\n\t\t\t\t\t\t\t\t\t\t\t\t<a class=\"elementor-toggle-title\" tabindex=\"0\">Dia 24 de novembro de 2025 - tarde<\/a>\n\t\t\t\t\t<\/div>\n\n\t\t\t\t\t<div id=\"elementor-tab-content-1632\" class=\"elementor-tab-content elementor-clearfix\" data-tab=\"2\" role=\"region\" aria-labelledby=\"elementor-tab-title-1632\"><p><strong>14h \u00e0s 15h30<\/strong><\/p><p><strong>RODA DE CONVERSA 3: Racismo estrutural: a Doen\u00e7a da Sa\u00fade &#8211; Reflex\u00f5es cr\u00edticas sobre racismo, viol\u00eancia institucional e pr\u00e1ticas de sa\u00fade<\/strong><\/p><ul><li>Simone Alvarez\u00a0<\/li><li>Marina Mota (Coletivo Hildete Bahia &#8211; UFPel)<\/li><li>Stael Soraya<\/li><\/ul><p><em>Facilitadora: Telma Machado<\/em><\/p><p>\u00a0<\/p><p><strong>16h \u00e0s 17h30<\/strong><\/p><p><strong>RODA DE CONVERSA 4: Caminhos da Educa\u00e7\u00e3o Popular em Sa\u00fade e a Enfermagem<\/strong><\/p><ul><li>Michele Mandagar\u00e1 de Oliveira<\/li><li>Kelly Dandara Macedo<\/li><li>Osvaldo Bonetti<\/li><li>Liamara Denise Ubessi<\/li><\/ul><p><em>Facilitadora: Gabriella Bastos Ferreira<\/em><\/p><\/div>\n\t\t\t\t<\/div>\n\t\t\t\t\t\t\t<div class=\"elementor-toggle-item\">\n\t\t\t\t\t<div id=\"elementor-tab-title-1633\" class=\"elementor-tab-title\" data-tab=\"3\" role=\"button\" aria-controls=\"elementor-tab-content-1633\" aria-expanded=\"false\">\n\t\t\t\t\t\t\t\t\t\t\t\t<span class=\"elementor-toggle-icon elementor-toggle-icon-right\" aria-hidden=\"true\">\n\t\t\t\t\t\t\t\t\t\t\t\t\t\t\t<span class=\"elementor-toggle-icon-closed\"><svg class=\"e-font-icon-svg e-fas-caret-right\" viewBox=\"0 0 192 512\" xmlns=\"http:\/\/www.w3.org\/2000\/svg\"><path d=\"M0 384.662V127.338c0-17.818 21.543-26.741 34.142-14.142l128.662 128.662c7.81 7.81 7.81 20.474 0 28.284L34.142 398.804C21.543 411.404 0 402.48 0 384.662z\"><\/path><\/svg><\/span>\n\t\t\t\t\t\t\t\t<span class=\"elementor-toggle-icon-opened\"><svg class=\"elementor-toggle-icon-opened e-font-icon-svg e-fas-caret-up\" viewBox=\"0 0 320 512\" xmlns=\"http:\/\/www.w3.org\/2000\/svg\"><path d=\"M288.662 352H31.338c-17.818 0-26.741-21.543-14.142-34.142l128.662-128.662c7.81-7.81 20.474-7.81 28.284 0l128.662 128.662c12.6 12.599 3.676 34.142-14.142 34.142z\"><\/path><\/svg><\/span>\n\t\t\t\t\t\t\t\t\t\t\t\t\t<\/span>\n\t\t\t\t\t\t\t\t\t\t\t\t<a class=\"elementor-toggle-title\" tabindex=\"0\">Dia 25 de novembro de 2025 - manh\u00e3<\/a>\n\t\t\t\t\t<\/div>\n\n\t\t\t\t\t<div id=\"elementor-tab-content-1633\" class=\"elementor-tab-content elementor-clearfix\" data-tab=\"3\" role=\"region\" aria-labelledby=\"elementor-tab-title-1633\"><p><strong>08h30 \u00e0s 10h<\/strong><\/p><p><strong>RODA DE CONVERSA 5: Tecer a Enfermagem desde as Trans_forma\u00e7\u00f5es e pluralidades<\/strong><\/p><ul><li>Adriana Ramos<\/li><li>Ziza Nabor (Movimento Cigano &#8211; RS)<\/li><li>Laiza Quadro (Programa Identidade de G\u00eanero &#8211; HCPA)<\/li><li>Edgar Vagner Moraes (GT Diversidade Coren-RS)<\/li><\/ul><p><em>Facilitador: Sondr\u00e9 Alberto Schneck<\/em><\/p><p>\u00a0<\/p><p><strong>10h30 \u00e0s 12h<\/strong><\/p><p><strong>RODA DE CONVERSA 6: Cuidados plurais em sa\u00fade<\/strong><\/p><ul><li>Y\u00e1 Fl\u00e1via Andr\u00e9a Padilha L\u00facio<\/li><li>Neidi Regina Friedrich<\/li><li>Gisele Arantes\u00a0<\/li><li>Roberta Antunes Machado<\/li><\/ul><p><em>Facilitador: Lairton Martins (ANEPS)<\/em><\/p><\/div>\n\t\t\t\t<\/div>\n\t\t\t\t\t\t\t<div class=\"elementor-toggle-item\">\n\t\t\t\t\t<div id=\"elementor-tab-title-1634\" class=\"elementor-tab-title\" data-tab=\"4\" role=\"button\" aria-controls=\"elementor-tab-content-1634\" aria-expanded=\"false\">\n\t\t\t\t\t\t\t\t\t\t\t\t<span class=\"elementor-toggle-icon elementor-toggle-icon-right\" aria-hidden=\"true\">\n\t\t\t\t\t\t\t\t\t\t\t\t\t\t\t<span class=\"elementor-toggle-icon-closed\"><svg class=\"e-font-icon-svg e-fas-caret-right\" viewBox=\"0 0 192 512\" xmlns=\"http:\/\/www.w3.org\/2000\/svg\"><path d=\"M0 384.662V127.338c0-17.818 21.543-26.741 34.142-14.142l128.662 128.662c7.81 7.81 7.81 20.474 0 28.284L34.142 398.804C21.543 411.404 0 402.48 0 384.662z\"><\/path><\/svg><\/span>\n\t\t\t\t\t\t\t\t<span class=\"elementor-toggle-icon-opened\"><svg class=\"elementor-toggle-icon-opened e-font-icon-svg e-fas-caret-up\" viewBox=\"0 0 320 512\" xmlns=\"http:\/\/www.w3.org\/2000\/svg\"><path d=\"M288.662 352H31.338c-17.818 0-26.741-21.543-14.142-34.142l128.662-128.662c7.81-7.81 20.474-7.81 28.284 0l128.662 128.662c12.6 12.599 3.676 34.142-14.142 34.142z\"><\/path><\/svg><\/span>\n\t\t\t\t\t\t\t\t\t\t\t\t\t<\/span>\n\t\t\t\t\t\t\t\t\t\t\t\t<a class=\"elementor-toggle-title\" tabindex=\"0\">Dia 25 de novembro de 2025 - tarde<\/a>\n\t\t\t\t\t<\/div>\n\n\t\t\t\t\t<div id=\"elementor-tab-content-1634\" class=\"elementor-tab-content elementor-clearfix\" data-tab=\"4\" role=\"region\" aria-labelledby=\"elementor-tab-title-1634\"><p><strong>14h \u00e0s 15h30<\/strong><\/p><p><strong>RODA DE CONVERSA 7: A Enfermagem na Democratiza\u00e7\u00e3o da Gest\u00e3o do SUS na Perspectiva da Educa\u00e7\u00e3o Popular em Sa\u00fade<\/strong><\/p><ul><li>Tha\u00eds Maranh\u00e3o<\/li><li>Juliana Acosta\u00a0<\/li><li>F\u00e1tima Ale\u00a0<\/li><li>Michele Meneses<\/li><\/ul><p><em>Facilitadora: Deise Riquinho<\/em><\/p><p>\u00a0<\/p><p><strong>16h \u00e0s 17h30<\/strong><\/p><p><strong>RODA DE CONVERSA 8: Escrita Acad\u00eamica em Enfermagem: o uso \u00e9tico da Intelig\u00eancia Artificial como ferramenta criativa<\/strong><\/p><ul><li>Ana L\u00facia Teixeira de Lima<\/li><li>Edson Maria Gomes<\/li><li>Dart Clair Carvalho das Virgens Cerqueira\u00a0<\/li><li>Ketully Tayanne Nascimento Oliveira<\/li><li>Erica Lima Carvalho<\/li><\/ul><p><em>Facilitador: Marcos Lem\u00f5es<\/em><\/p><\/div>\n\t\t\t\t<\/div>\n\t\t\t\t\t\t\t\t<\/div>\n\t\t\t\t\t\t<\/div>\n\t\t\t\t<\/div>\n\t\t\t\t\t<\/div>\n\t\t\t\t<\/div>\n\t\t\t\t<\/div>\n\t\t","protected":false},"excerpt":{"rendered":"<p>Aguarde! Dia 24 de novembro de 2025 &#8211; manh\u00e3 08h30 \u00e0s 10h RODA DE CONVERSA 1: Enfermagem na Am\u00e9rica Latina e a Educa\u00e7\u00e3o Popular em Sa\u00fade Maria Rocineide Ferreira da Silva\u00a0 Jacinta Sena Yusef Daniel Bertel Tu\u00f1on Facilitadora: Vanderleia Laodete Pulga \u00a0 10h30 \u00e0s 12h RODA DE CONVERSA 2: Vigil\u00e2ncia Popular em Sa\u00fade: Emerg\u00eancia Clim\u00e1tica [&hellip;]<\/p>\n","protected":false},"author":2,"featured_media":0,"parent":0,"menu_order":0,"comment_status":"closed","ping_status":"closed","template":"elementor_header_footer","meta":{"_joinchat":[],"footnotes":""},"class_list":["post-2765","page","type-page","status-publish","hentry"],"aioseo_notices":[],"_hostinger_reach_plugin_has_subscription_block":false,"_hostinger_reach_plugin_is_elementor":false,"_links":{"self":[{"href":"https:\/\/eventosaben.org.br\/76cben\/wp-json\/wp\/v2\/pages\/2765","targetHints":{"allow":["GET"]}}],"collection":[{"href":"https:\/\/eventosaben.org.br\/76cben\/wp-json\/wp\/v2\/pages"}],"about":[{"href":"https:\/\/eventosaben.org.br\/76cben\/wp-json\/wp\/v2\/types\/page"}],"author":[{"embeddable":true,"href":"https:\/\/eventosaben.org.br\/76cben\/wp-json\/wp\/v2\/users\/2"}],"replies":[{"embeddable":true,"href":"https:\/\/eventosaben.org.br\/76cben\/wp-json\/wp\/v2\/comments?post=2765"}],"version-history":[{"count":11,"href":"https:\/\/eventosaben.org.br\/76cben\/wp-json\/wp\/v2\/pages\/2765\/revisions"}],"predecessor-version":[{"id":3480,"href":"https:\/\/eventosaben.org.br\/76cben\/wp-json\/wp\/v2\/pages\/2765\/revisions\/3480"}],"wp:attachment":[{"href":"https:\/\/eventosaben.org.br\/76cben\/wp-json\/wp\/v2\/media?parent=2765"}],"curies":[{"name":"wp","href":"https:\/\/api.w.org\/{rel}","templated":true}]}}