{"id":2624,"date":"2025-10-16T10:29:38","date_gmt":"2025-10-16T13:29:38","guid":{"rendered":"https:\/\/eventosaben.org.br\/75cben\/?page_id=2624"},"modified":"2026-04-07T23:10:07","modified_gmt":"2026-04-08T02:10:07","slug":"cbenzinho","status":"publish","type":"page","link":"https:\/\/eventosaben.org.br\/76cben\/cbenzinho\/","title":{"rendered":"CBEnzinho"},"content":{"rendered":"\t\t<div data-elementor-type=\"wp-page\" data-elementor-id=\"2624\" class=\"elementor elementor-2624\" data-elementor-post-type=\"page\">\n\t\t\t\t<div class=\"elementor-element elementor-element-6cd93094 e-flex e-con-boxed e-con e-parent\" data-id=\"6cd93094\" data-element_type=\"container\" data-e-type=\"container\" data-settings=\"{&quot;background_background&quot;:&quot;classic&quot;}\">\n\t\t\t\t\t<div class=\"e-con-inner\">\n\t\t\t\t\t<\/div>\n\t\t\t\t<\/div>\n\t\t<div class=\"elementor-element elementor-element-3680e63c e-flex e-con-boxed e-con e-parent\" data-id=\"3680e63c\" data-element_type=\"container\" data-e-type=\"container\">\n\t\t\t\t\t<div class=\"e-con-inner\">\n\t\t\t\t\t<\/div>\n\t\t\t\t<\/div>\n\t\t<div class=\"elementor-element elementor-element-4bfa30f e-flex e-con-boxed e-con e-parent\" data-id=\"4bfa30f\" data-element_type=\"container\" data-e-type=\"container\">\n\t\t\t\t\t<div class=\"e-con-inner\">\n\t\t\t\t<div class=\"elementor-element elementor-element-cd73882 elementor-widget elementor-widget-image\" data-id=\"cd73882\" data-element_type=\"widget\" data-e-type=\"widget\" data-widget_type=\"image.default\">\n\t\t\t\t<div class=\"elementor-widget-container\">\n\t\t\t\t\t\t\t\t\t\t\t\t\t\t\t<img fetchpriority=\"high\" decoding=\"async\" width=\"435\" height=\"173\" src=\"https:\/\/eventosaben.org.br\/76cben\/wp-content\/uploads\/2025\/10\/Logo-CBEnzinho-Azul-Horizontal.png\" class=\"attachment-full size-full wp-image-2626\" alt=\"\" srcset=\"https:\/\/eventosaben.org.br\/76cben\/wp-content\/uploads\/2025\/10\/Logo-CBEnzinho-Azul-Horizontal.png 435w, https:\/\/eventosaben.org.br\/76cben\/wp-content\/uploads\/2025\/10\/Logo-CBEnzinho-Azul-Horizontal-300x119.png 300w\" sizes=\"(max-width: 435px) 100vw, 435px\" \/>\t\t\t\t\t\t\t\t\t\t\t\t\t\t\t<\/div>\n\t\t\t\t<\/div>\n\t\t\t\t\t<\/div>\n\t\t\t\t<\/div>\n\t\t<div class=\"elementor-element elementor-element-7e5723d e-flex e-con-boxed e-con e-parent\" data-id=\"7e5723d\" data-element_type=\"container\" data-e-type=\"container\">\n\t\t\t\t\t<div class=\"e-con-inner\">\n\t\t\t\t<div class=\"elementor-element elementor-element-ff5fcc1 elementor-widget elementor-widget-heading\" data-id=\"ff5fcc1\" data-element_type=\"widget\" data-e-type=\"widget\" data-widget_type=\"heading.default\">\n\t\t\t\t<div class=\"elementor-widget-container\">\n\t\t\t\t\t<h2 class=\"elementor-heading-title elementor-size-default\">O diferencial que abra\u00e7a fam\u00edlias!<\/h2>\t\t\t\t<\/div>\n\t\t\t\t<\/div>\n\t\t\t\t\t<\/div>\n\t\t\t\t<\/div>\n\t\t<div class=\"elementor-element elementor-element-e990614 elementor-hidden-desktop elementor-hidden-tablet elementor-hidden-mobile e-flex e-con-boxed e-con e-parent\" data-id=\"e990614\" data-element_type=\"container\" data-e-type=\"container\">\n\t\t\t\t\t<div class=\"e-con-inner\">\n\t\t\t\t<div class=\"elementor-element elementor-element-4954e11 elementor-widget elementor-widget-text-editor\" data-id=\"4954e11\" data-element_type=\"widget\" data-e-type=\"widget\" data-widget_type=\"text-editor.default\">\n\t\t\t\t<div class=\"elementor-widget-container\">\n\t\t\t\t\t\t\t\t\t<p>\u00a0<\/p><p>O CBEn se preocupa com quem cuida!<\/p><p>Ter um espa\u00e7o exclusivo para crian\u00e7as mostra que \u00e9 poss\u00edvel organizar um evento cient\u00edfico sem afastar m\u00e3es, pais ou respons\u00e1veis. O CBEnzinho \u00e9 afeto, estrutura e respeito \u00e0s realidades de cada participante.<\/p><p>\u00a0<\/p><p>Nos dias 24 e 26 de novembro de 2025, ser\u00e1 disponibilizada uma estrutura especialmente planejada para o acolhimento e cuidado infantil, com um ambiente seguro, acolhedor e estimulante. Essa iniciativa tem como objetivo garantir o bem-estar e a socializa\u00e7\u00e3o das crian\u00e7as, permitindo que pais e respons\u00e1veis participem das atividades cient\u00edficas e institucionais do congresso com tranquilidade e seguran\u00e7a.<\/p><p>\u00a0<\/p><p><b>Faixa et\u00e1ria:<\/b><\/p><ul><li><b>Crian\u00e7as de 3 a 5 anos, 11 meses e 29 dias;\u00a0<\/b><\/li><li><b>Crian\u00e7as de 6 a 9 anos, 11 meses e 29 dias;\u00a0\u00a0<\/b><\/li><li><b>Crian\u00e7as de 10 a 12 anos, 11 meses e 29 dias.<\/b><\/li><\/ul><p>\u00a0<\/p><p><a href=\"https:\/\/docs.google.com\/forms\/d\/e\/1FAIpQLSfPEM9gmcK-vVrj6klNK76hdGhP0z-gbsvyZZ5j0CoxkkEPHw\/viewform?usp=header\" target=\"_blank\" rel=\"noopener\">Clique aqui e realize sua inscri\u00e7\u00e3o no CBEnzinho!\u00a0<\/a><\/p>\t\t\t\t\t\t\t\t<\/div>\n\t\t\t\t<\/div>\n\t\t\t\t\t<\/div>\n\t\t\t\t<\/div>\n\t\t\t\t<\/div>\n\t\t","protected":false},"excerpt":{"rendered":"<p>O diferencial que abra\u00e7a fam\u00edlias! \u00a0 O CBEn se preocupa com quem cuida! Ter um espa\u00e7o exclusivo para crian\u00e7as mostra que \u00e9 poss\u00edvel organizar um evento cient\u00edfico sem afastar m\u00e3es, pais ou respons\u00e1veis. O CBEnzinho \u00e9 afeto, estrutura e respeito \u00e0s realidades de cada participante. \u00a0 Nos dias 24 e 26 de novembro de 2025, [&hellip;]<\/p>\n","protected":false},"author":2,"featured_media":0,"parent":0,"menu_order":0,"comment_status":"closed","ping_status":"closed","template":"elementor_header_footer","meta":{"_joinchat":[],"footnotes":""},"class_list":["post-2624","page","type-page","status-publish","hentry"],"aioseo_notices":[],"_hostinger_reach_plugin_has_subscription_block":false,"_hostinger_reach_plugin_is_elementor":false,"_links":{"self":[{"href":"https:\/\/eventosaben.org.br\/76cben\/wp-json\/wp\/v2\/pages\/2624","targetHints":{"allow":["GET"]}}],"collection":[{"href":"https:\/\/eventosaben.org.br\/76cben\/wp-json\/wp\/v2\/pages"}],"about":[{"href":"https:\/\/eventosaben.org.br\/76cben\/wp-json\/wp\/v2\/types\/page"}],"author":[{"embeddable":true,"href":"https:\/\/eventosaben.org.br\/76cben\/wp-json\/wp\/v2\/users\/2"}],"replies":[{"embeddable":true,"href":"https:\/\/eventosaben.org.br\/76cben\/wp-json\/wp\/v2\/comments?post=2624"}],"version-history":[{"count":14,"href":"https:\/\/eventosaben.org.br\/76cben\/wp-json\/wp\/v2\/pages\/2624\/revisions"}],"predecessor-version":[{"id":3476,"href":"https:\/\/eventosaben.org.br\/76cben\/wp-json\/wp\/v2\/pages\/2624\/revisions\/3476"}],"wp:attachment":[{"href":"https:\/\/eventosaben.org.br\/76cben\/wp-json\/wp\/v2\/media?parent=2624"}],"curies":[{"name":"wp","href":"https:\/\/api.w.org\/{rel}","templated":true}]}}