{"id":2349,"date":"2025-07-24T16:52:37","date_gmt":"2025-07-24T19:52:37","guid":{"rendered":"https:\/\/eventosaben.org.br\/75cben\/?page_id=2349"},"modified":"2026-04-07T23:26:31","modified_gmt":"2026-04-08T02:26:31","slug":"edital-aben-no-001-2025","status":"publish","type":"page","link":"https:\/\/eventosaben.org.br\/76cben\/edital-aben-no-001-2025\/","title":{"rendered":"Edital ABEn"},"content":{"rendered":"\t\t<div data-elementor-type=\"wp-page\" data-elementor-id=\"2349\" class=\"elementor elementor-2349\" data-elementor-post-type=\"page\">\n\t\t\t\t<div class=\"elementor-element elementor-element-714966f2 e-flex e-con-boxed e-con e-parent\" data-id=\"714966f2\" data-element_type=\"container\" data-e-type=\"container\" data-settings=\"{&quot;background_background&quot;:&quot;classic&quot;}\">\n\t\t\t\t\t<div class=\"e-con-inner\">\n\t\t\t\t\t<\/div>\n\t\t\t\t<\/div>\n\t\t<div class=\"elementor-element elementor-element-1a420b2a e-flex e-con-boxed e-con e-parent\" data-id=\"1a420b2a\" data-element_type=\"container\" data-e-type=\"container\">\n\t\t\t\t\t<div class=\"e-con-inner\">\n\t\t\t\t\t<\/div>\n\t\t\t\t<\/div>\n\t\t<div class=\"elementor-element elementor-element-5f0444b e-flex e-con-boxed e-con e-parent\" data-id=\"5f0444b\" data-element_type=\"container\" data-e-type=\"container\">\n\t\t\t\t\t<div class=\"e-con-inner\">\n\t\t\t\t<div class=\"elementor-element elementor-element-d6d52c7 elementor-widget elementor-widget-text-editor\" data-id=\"d6d52c7\" data-element_type=\"widget\" data-e-type=\"widget\" data-widget_type=\"text-editor.default\">\n\t\t\t\t<div class=\"elementor-widget-container\">\n\t\t\t\t\t\t\t\t\t<p>Em breve!<\/p>\t\t\t\t\t\t\t\t<\/div>\n\t\t\t\t<\/div>\n\t\t\t\t\t<\/div>\n\t\t\t\t<\/div>\n\t\t<div class=\"elementor-element elementor-element-f4e68c9 elementor-hidden-desktop elementor-hidden-tablet elementor-hidden-mobile e-flex e-con-boxed e-con e-parent\" data-id=\"f4e68c9\" data-element_type=\"container\" data-e-type=\"container\">\n\t\t\t\t\t<div class=\"e-con-inner\">\n\t\t\t\t<div class=\"elementor-element elementor-element-8c8f4cb elementor-widget elementor-widget-heading\" data-id=\"8c8f4cb\" data-element_type=\"widget\" data-e-type=\"widget\" data-widget_type=\"heading.default\">\n\t\t\t\t<div class=\"elementor-widget-container\">\n\t\t\t\t\t<h2 class=\"elementor-heading-title elementor-size-default\">CHAMADA PARA INSCRI\u00c7\u00d5ES NO PROCESSO AVALIATIVO PARA T\u00cdTULO DE ESPECIALISTA EM HIST\u00d3RIA DA ENFERMAGEM<\/h2>\t\t\t\t<\/div>\n\t\t\t\t<\/div>\n\t\t\t\t<div class=\"elementor-element elementor-element-8a67e74 elementor-widget elementor-widget-text-editor\" data-id=\"8a67e74\" data-element_type=\"widget\" data-e-type=\"widget\" data-widget_type=\"text-editor.default\">\n\t\t\t\t<div class=\"elementor-widget-container\">\n\t\t\t\t\t\t\t\t\t<p data-start=\"131\" data-end=\"483\">A Comiss\u00e3o Cient\u00edfica do 75\u00ba Congresso Brasileiro de Enfermagem (75\u00ba CBEn) e do 7\u00ba Col\u00f3quio Latino-Americano de Hist\u00f3ria da Enfermagem (7\u00ba CLAHEn) informa que est\u00e3o abertas as inscri\u00e7\u00f5es para a <strong data-start=\"325\" data-end=\"345\">Prova de T\u00edtulos<\/strong> destinada \u00e0 obten\u00e7\u00e3o do <strong data-start=\"370\" data-end=\"436\">T\u00edtulo de Enfermeira(o) Especialista em Hist\u00f3ria da Enfermagem<\/strong>, conforme previsto no Edital ABEn n\u00ba 001\/2025.<\/p><p data-start=\"485\" data-end=\"681\">As inscri\u00e7\u00f5es dever\u00e3o ser realizadas <strong data-start=\"522\" data-end=\"602\">exclusivamente por meio da ficha on-line dispon\u00edvel no site da ABEn Nacional<\/strong>, a partir da data de publica\u00e7\u00e3o do edital at\u00e9 o dia <strong data-start=\"655\" data-end=\"680\">31 de outubro de 2025<\/strong>.<\/p>\t\t\t\t\t\t\t\t<\/div>\n\t\t\t\t<\/div>\n\t\t\t\t\t<\/div>\n\t\t\t\t<\/div>\n\t\t<div class=\"elementor-element elementor-element-a0d794d e-grid elementor-hidden-desktop elementor-hidden-tablet elementor-hidden-mobile e-con-boxed e-con e-parent\" data-id=\"a0d794d\" data-element_type=\"container\" data-e-type=\"container\">\n\t\t\t\t\t<div class=\"e-con-inner\">\n\t\t\t\t<div class=\"elementor-element elementor-element-2824bb7 elementor-align-justify elementor-widget elementor-widget-button\" data-id=\"2824bb7\" data-element_type=\"widget\" data-e-type=\"widget\" data-widget_type=\"button.default\">\n\t\t\t\t<div class=\"elementor-widget-container\">\n\t\t\t\t\t\t\t\t\t<div class=\"elementor-button-wrapper\">\n\t\t\t\t\t<a class=\"elementor-button elementor-button-link elementor-size-sm\" href=\"https:\/\/eventosaben.org.br\/76cben\/wp-content\/uploads\/2025\/07\/EDITAL-PROCESSO-AVALIATIVO-DESTACADO.pdf\">\n\t\t\t\t\t\t<span class=\"elementor-button-content-wrapper\">\n\t\t\t\t\t\t\t\t\t<span class=\"elementor-button-text\">Ver Edital<\/span>\n\t\t\t\t\t<\/span>\n\t\t\t\t\t<\/a>\n\t\t\t\t<\/div>\n\t\t\t\t\t\t\t\t<\/div>\n\t\t\t\t<\/div>\n\t\t\t\t<div class=\"elementor-element elementor-element-08cb1ba elementor-align-justify elementor-widget elementor-widget-button\" data-id=\"08cb1ba\" data-element_type=\"widget\" data-e-type=\"widget\" data-widget_type=\"button.default\">\n\t\t\t\t<div class=\"elementor-widget-container\">\n\t\t\t\t\t\t\t\t\t<div class=\"elementor-button-wrapper\">\n\t\t\t\t\t<a class=\"elementor-button elementor-button-link elementor-size-sm\" href=\"http:\/\/www.abennacional.org.br\">\n\t\t\t\t\t\t<span class=\"elementor-button-content-wrapper\">\n\t\t\t\t\t\t\t\t\t<span class=\"elementor-button-text\">Acesse o site da ABEn Nacional<\/span>\n\t\t\t\t\t<\/span>\n\t\t\t\t\t<\/a>\n\t\t\t\t<\/div>\n\t\t\t\t\t\t\t\t<\/div>\n\t\t\t\t<\/div>\n\t\t\t\t\t<\/div>\n\t\t\t\t<\/div>\n\t\t\t\t<\/div>\n\t\t","protected":false},"excerpt":{"rendered":"<p>Em breve! CHAMADA PARA INSCRI\u00c7\u00d5ES NO PROCESSO AVALIATIVO PARA T\u00cdTULO DE ESPECIALISTA EM HIST\u00d3RIA DA ENFERMAGEM A Comiss\u00e3o Cient\u00edfica do 75\u00ba Congresso Brasileiro de Enfermagem (75\u00ba CBEn) e do 7\u00ba Col\u00f3quio Latino-Americano de Hist\u00f3ria da Enfermagem (7\u00ba CLAHEn) informa que est\u00e3o abertas as inscri\u00e7\u00f5es para a Prova de T\u00edtulos destinada \u00e0 obten\u00e7\u00e3o do T\u00edtulo de [&hellip;]<\/p>\n","protected":false},"author":2,"featured_media":0,"parent":0,"menu_order":0,"comment_status":"closed","ping_status":"closed","template":"elementor_header_footer","meta":{"_joinchat":[],"footnotes":""},"class_list":["post-2349","page","type-page","status-publish","hentry"],"aioseo_notices":[],"_hostinger_reach_plugin_has_subscription_block":false,"_hostinger_reach_plugin_is_elementor":false,"_links":{"self":[{"href":"https:\/\/eventosaben.org.br\/76cben\/wp-json\/wp\/v2\/pages\/2349","targetHints":{"allow":["GET"]}}],"collection":[{"href":"https:\/\/eventosaben.org.br\/76cben\/wp-json\/wp\/v2\/pages"}],"about":[{"href":"https:\/\/eventosaben.org.br\/76cben\/wp-json\/wp\/v2\/types\/page"}],"author":[{"embeddable":true,"href":"https:\/\/eventosaben.org.br\/76cben\/wp-json\/wp\/v2\/users\/2"}],"replies":[{"embeddable":true,"href":"https:\/\/eventosaben.org.br\/76cben\/wp-json\/wp\/v2\/comments?post=2349"}],"version-history":[{"count":19,"href":"https:\/\/eventosaben.org.br\/76cben\/wp-json\/wp\/v2\/pages\/2349\/revisions"}],"predecessor-version":[{"id":3494,"href":"https:\/\/eventosaben.org.br\/76cben\/wp-json\/wp\/v2\/pages\/2349\/revisions\/3494"}],"wp:attachment":[{"href":"https:\/\/eventosaben.org.br\/76cben\/wp-json\/wp\/v2\/media?parent=2349"}],"curies":[{"name":"wp","href":"https:\/\/api.w.org\/{rel}","templated":true}]}}