{"id":507,"date":"2024-02-17T11:06:43","date_gmt":"2024-02-17T14:06:43","guid":{"rendered":"https:\/\/eventosaben.org.br\/senaden2024\/?page_id=507"},"modified":"2025-03-02T09:46:44","modified_gmt":"2025-03-02T12:46:44","slug":"dados","status":"publish","type":"page","link":"https:\/\/eventosaben.org.br\/23senpe\/dados\/","title":{"rendered":"Autoriza\u00e7\u00e3o para uso de dados e imagem"},"content":{"rendered":"\t\t<div data-elementor-type=\"wp-page\" data-elementor-id=\"507\" class=\"elementor elementor-507\" data-elementor-post-type=\"page\">\n\t\t\t\t<div class=\"elementor-element elementor-element-40cb246f e-flex e-con-boxed e-con e-parent\" data-id=\"40cb246f\" data-element_type=\"container\" data-settings=\"{&quot;background_background&quot;:&quot;classic&quot;}\">\n\t\t\t\t\t<div class=\"e-con-inner\">\n\t\t\t\t\t<\/div>\n\t\t\t\t<\/div>\n\t\t<div class=\"elementor-element elementor-element-60cb1a4 e-flex e-con-boxed e-con e-parent\" data-id=\"60cb1a4\" data-element_type=\"container\">\n\t\t\t\t\t<div class=\"e-con-inner\">\n\t\t\t\t<div class=\"elementor-element elementor-element-f6b3735 elementor-widget elementor-widget-text-editor\" data-id=\"f6b3735\" data-element_type=\"widget\" data-widget_type=\"text-editor.default\">\n\t\t\t\t<div class=\"elementor-widget-container\">\n\t\t\t\t\t\t\t\t\t<p>Eu, participante do<strong> 23\u00ba. SENPE e 4\u00ba. SINPE &#8211; 2025<\/strong>, declaro que autorizo o tratamento dos meus dados pessoais e de imagem pela <strong>Associa\u00e7\u00e3o Brasileira de Enfermagem &#8211; ABEn<\/strong> e <strong>TODAS AS EMPRESAS<\/strong> que fizerem parte da <strong>ORGANIZA\u00c7\u00c3O<\/strong> e <strong>REALIZA\u00c7\u00c3O<\/strong> do evento, inclusive <strong>EMPRESAS PARCEIRAS<\/strong> e <strong>PATROCINADORES DO EVENTO<\/strong>, em aten\u00e7\u00e3o \u00e0 Lei Geral de Prote\u00e7\u00e3o de Dados (LGPD), para fins de registro, divulga\u00e7\u00e3o e promo\u00e7\u00e3o do 23\u00ba. SENPE e 4\u00ba. SINPE &#8211; 2025.<\/p><p>Compreendo que meus dados pessoais e de imagem ser\u00e3o coletados e armazenados de forma segura e confidencial, e ser\u00e3o utilizados exclusivamente para os fins mencionados acima. Autorizo a empresa a compartilhar meus dados com seus parceiros e fornecedores envolvidos na organiza\u00e7\u00e3o e realiza\u00e7\u00e3o do evento, desde que respeitados os termos da LGPD.<\/p><p>Consinto que minha imagem possa ser captada e reproduzida em fotos e v\u00eddeos durante o evento 23\u00ba. SENPE e 4\u00ba. SINPE &#8211; 2025, os quais poder\u00e3o ser utilizados pela empresa em campanhas publicit\u00e1rias, materiais promocionais e divulga\u00e7\u00e3o em redes sociais e demais meios de comunica\u00e7\u00e3o.<\/p><p>Declaro que estou ciente de que posso revogar esta autoriza\u00e7\u00e3o a qualquer momento, mediante solicita\u00e7\u00e3o formal \u00e0 ABEn, e que tenho o direito de acesso, corre\u00e7\u00e3o e exclus\u00e3o dos meus dados pessoais, nos termos da LGPD.<\/p><p>Ao assinalar este termo, expresso minha concord\u00e2ncia e aceita\u00e7\u00e3o integral aos termos aqui estabelecidos.<\/p>\t\t\t\t\t\t\t\t<\/div>\n\t\t\t\t<\/div>\n\t\t\t\t\t<\/div>\n\t\t\t\t<\/div>\n\t\t\t\t<\/div>\n\t\t","protected":false},"excerpt":{"rendered":"<p>Eu, participante do 23\u00ba. SENPE e 4\u00ba. SINPE &#8211; 2025, declaro que autorizo o tratamento dos meus dados pessoais e de imagem pela Associa\u00e7\u00e3o Brasileira de Enfermagem &#8211; ABEn e TODAS AS EMPRESAS que fizerem parte da ORGANIZA\u00c7\u00c3O e REALIZA\u00c7\u00c3O do evento, inclusive EMPRESAS PARCEIRAS e PATROCINADORES DO EVENTO, em aten\u00e7\u00e3o \u00e0 Lei Geral de [&hellip;]<\/p>\n","protected":false},"author":1,"featured_media":0,"parent":0,"menu_order":0,"comment_status":"closed","ping_status":"closed","template":"elementor_header_footer","meta":{"_joinchat":[],"footnotes":""},"class_list":["post-507","page","type-page","status-publish","hentry"],"aioseo_notices":[],"_links":{"self":[{"href":"https:\/\/eventosaben.org.br\/23senpe\/wp-json\/wp\/v2\/pages\/507"}],"collection":[{"href":"https:\/\/eventosaben.org.br\/23senpe\/wp-json\/wp\/v2\/pages"}],"about":[{"href":"https:\/\/eventosaben.org.br\/23senpe\/wp-json\/wp\/v2\/types\/page"}],"author":[{"embeddable":true,"href":"https:\/\/eventosaben.org.br\/23senpe\/wp-json\/wp\/v2\/users\/1"}],"replies":[{"embeddable":true,"href":"https:\/\/eventosaben.org.br\/23senpe\/wp-json\/wp\/v2\/comments?post=507"}],"version-history":[{"count":13,"href":"https:\/\/eventosaben.org.br\/23senpe\/wp-json\/wp\/v2\/pages\/507\/revisions"}],"predecessor-version":[{"id":1887,"href":"https:\/\/eventosaben.org.br\/23senpe\/wp-json\/wp\/v2\/pages\/507\/revisions\/1887"}],"wp:attachment":[{"href":"https:\/\/eventosaben.org.br\/23senpe\/wp-json\/wp\/v2\/media?parent=507"}],"curies":[{"name":"wp","href":"https:\/\/api.w.org\/{rel}","templated":true}]}}