{"id":2670,"date":"2025-07-04T10:03:02","date_gmt":"2025-07-04T13:03:02","guid":{"rendered":"https:\/\/eventosaben.org.br\/23senpe\/?page_id=2670"},"modified":"2025-07-04T10:17:54","modified_gmt":"2025-07-04T13:17:54","slug":"hospitais","status":"publish","type":"page","link":"https:\/\/eventosaben.org.br\/23senpe\/hospitais\/","title":{"rendered":"Hospitais"},"content":{"rendered":"\t\t<div data-elementor-type=\"wp-page\" data-elementor-id=\"2670\" class=\"elementor elementor-2670\" data-elementor-post-type=\"page\">\n\t\t\t\t<div class=\"elementor-element elementor-element-fef5567 e-flex e-con-boxed e-con e-parent\" data-id=\"fef5567\" data-element_type=\"container\">\n\t\t\t\t\t<div class=\"e-con-inner\">\n\t\t\t\t<div class=\"elementor-element elementor-element-6887db2 elementor-widget-divider--view-line elementor-widget elementor-widget-divider\" data-id=\"6887db2\" data-element_type=\"widget\" data-widget_type=\"divider.default\">\n\t\t\t\t<div class=\"elementor-widget-container\">\n\t\t\t\t\t\t\t<div class=\"elementor-divider\">\n\t\t\t<span class=\"elementor-divider-separator\">\n\t\t\t\t\t\t<\/span>\n\t\t<\/div>\n\t\t\t\t\t\t<\/div>\n\t\t\t\t<\/div>\n\t\t\t\t<div class=\"elementor-element elementor-element-8a83638 elementor-widget elementor-widget-heading\" data-id=\"8a83638\" data-element_type=\"widget\" data-widget_type=\"heading.default\">\n\t\t\t\t<div class=\"elementor-widget-container\">\n\t\t\t\t\t<h2 class=\"elementor-heading-title elementor-size-default\">Hospitais com Atendimento de Emerg\u00eancia em Palmas (TO)<\/h2>\t\t\t\t<\/div>\n\t\t\t\t<\/div>\n\t\t<div class=\"elementor-element elementor-element-1dea00f e-con-full e-flex e-con e-child\" data-id=\"1dea00f\" data-element_type=\"container\">\n\t\t\t\t<div class=\"elementor-element elementor-element-a7cedfb elementor-widget elementor-widget-text-editor\" data-id=\"a7cedfb\" data-element_type=\"widget\" data-widget_type=\"text-editor.default\">\n\t\t\t\t<div class=\"elementor-widget-container\">\n\t\t\t\t\t\t\t\t\t<p><strong>1. Hospital Geral de Palmas (HGP)<\/strong> <br \/>Atendimento: Alta complexidade, trauma, oncologia, cardiologia (24h)<br \/>Conv\u00eanio: SUS<br \/>Observa\u00e7\u00f5es: Principal hospital p\u00fablico do estado. Refer\u00eancia em emerg\u00eancias graves.<\/p><p><strong>2. Hospital Santa Thereza\u00a0<\/strong> <br \/>Atendimento: Cl\u00ednica m\u00e9dica, pronto atendimento <br \/>Conv\u00eanios: Amil, Hapvida, Bradesco, Porto Seguro, Unimed, GEAP, CAPSESP <br \/>Observa\u00e7\u00f5es: Hospital particular com boa estrutura.<\/p><p><strong>3. Hospital Palmas Medical<\/strong><br \/>Atendimento: Pronto atendimento 24h, exames<br \/>Conv\u00eanios: Unimed, Amil, Porto Seguro, Mais Sa\u00fade (Assemp), Servir, SulAm\u00e9rica<br \/>Observa\u00e7\u00f5es: Estrutura moderna. Atende conv\u00eanios p\u00fablicos e privados.<\/p><p><strong>4. Hospital e Maternidade Dom Orione<\/strong> <br \/>Atendimento: Maternidade, pediatria, urg\u00eancia obst\u00e9trica <br \/>Conv\u00eanios: Unimed, Mais Sa\u00fade, Servir <br \/>Observa\u00e7\u00f5es: Refer\u00eancia para gestantes e crian\u00e7as.<\/p><p><strong>5. Hospital Santa Helena<\/strong> <br \/>Atendimento: Cl\u00ednica geral, pronto atendimento <br \/>Conv\u00eanios: Amil, SulAm\u00e9rica, Bradesco, Porto Seguro, Servir, CASSI, E-Vida.<br \/>Observa\u00e7\u00f5es: Cl\u00ednica bem avaliada.<\/p><p><strong>6. Hospital da Unimed Palmas<\/strong> <br \/>Atendimento: Atendimento exclusivo 24h <br \/>Conv\u00eanio: Unimed (exclusivo) <br \/>Observa\u00e7\u00f5es: Estrutura de alta complexidade.<\/p><p><strong>7. Hospital Pedi\u00e1trico de Palmas (HPP)<\/strong> <br \/>Atendimento: Pediatria, urg\u00eancia infantil <br \/>Conv\u00eanios: Mais de 20 (Servir, Mais Sa\u00fade, GEAP, SulAm\u00e9rica).<br \/>Observa\u00e7\u00f5es: Atendimento humanizado e especializado.<\/p><p><strong>8. Hospital Sinai Palmas<\/strong><br \/>Atendimento: Cl\u00ednica m\u00e9dica, pronto atendimento.<br \/>Conv\u00eanios: Amil, Unimed, SulAm\u00e9rica, Porto Seguro, GEAP, CASSI, CAPSESP, E-Vida, CONAB, NotreDame &#8211; <br \/>Observa\u00e7\u00f5es: Aceita ampla gama de conv\u00eanios, inclusive regionais.<\/p><p><strong>9. UPAs Sul, Norte e Taquaralto<\/strong> <br \/>Atendimento: 24h (Sul e Norte), 7h-19h (Taquaralto).<br \/>Conv\u00eanio: SUS (gratuito)<br \/>Observa\u00e7\u00f5es: Primeira porta para urg\u00eancias de baixa\/m\u00e9dia complexidade.<\/p><p>\u00a0<\/p><p><strong>CONV\u00caNIOS REGIONAIS POPULARES EM PALMAS:<\/strong> <br \/>Mais Sa\u00fade (Assemp): Para servidores p\u00fablicos municipais. Atende em Palmas Medical, Dom Orione e HPP.<br \/>Servir: Para servidores estaduais. Aceito em hospitais como HPP. <br \/>GEAP: Para servidores federais. Aceito em Santa Helena, Sinai e outros.<br \/>Outros: CASSI, CAPSESP, CONAB, NotreDame, E-Vida &#8211; aceitos em hospitais como Sinai e Santa Helena.<\/p><p>\u00a0<\/p><p><span style=\"text-decoration: underline;\"><strong>DICAS IMPORTANTES:<\/strong><\/span><br \/>UPAs s\u00e3o gratuitas e funcionam 24h (exceto Taquaralto, at\u00e9 19h). <br \/>Planos devem atender casos de urg\u00eancia\/emerg\u00eancia mesmo em car\u00eancia (ap\u00f3s 24h de contrata\u00e7\u00e3o). <br \/>Hospital Pedi\u00e1trico (HPP) \u00e9 refer\u00eancia em urg\u00eancia infantil e conv\u00eanios regionais.<\/p>\t\t\t\t\t\t\t\t<\/div>\n\t\t\t\t<\/div>\n\t\t\t\t<\/div>\n\t\t\t\t\t<\/div>\n\t\t\t\t<\/div>\n\t\t\t\t<\/div>\n\t\t","protected":false},"excerpt":{"rendered":"<p>Hospitais com Atendimento de Emerg\u00eancia em Palmas (TO) 1. Hospital Geral de Palmas (HGP) Atendimento: Alta complexidade, trauma, oncologia, cardiologia (24h)Conv\u00eanio: SUSObserva\u00e7\u00f5es: Principal hospital p\u00fablico do estado. Refer\u00eancia em emerg\u00eancias graves. 2. Hospital Santa Thereza\u00a0 Atendimento: Cl\u00ednica m\u00e9dica, pronto atendimento Conv\u00eanios: Amil, Hapvida, Bradesco, Porto Seguro, Unimed, GEAP, CAPSESP Observa\u00e7\u00f5es: Hospital particular com boa estrutura. [&hellip;]<\/p>\n","protected":false},"author":2,"featured_media":0,"parent":0,"menu_order":0,"comment_status":"closed","ping_status":"closed","template":"","meta":{"_joinchat":[],"footnotes":""},"class_list":["post-2670","page","type-page","status-publish","hentry"],"aioseo_notices":[],"_links":{"self":[{"href":"https:\/\/eventosaben.org.br\/23senpe\/wp-json\/wp\/v2\/pages\/2670"}],"collection":[{"href":"https:\/\/eventosaben.org.br\/23senpe\/wp-json\/wp\/v2\/pages"}],"about":[{"href":"https:\/\/eventosaben.org.br\/23senpe\/wp-json\/wp\/v2\/types\/page"}],"author":[{"embeddable":true,"href":"https:\/\/eventosaben.org.br\/23senpe\/wp-json\/wp\/v2\/users\/2"}],"replies":[{"embeddable":true,"href":"https:\/\/eventosaben.org.br\/23senpe\/wp-json\/wp\/v2\/comments?post=2670"}],"version-history":[{"count":11,"href":"https:\/\/eventosaben.org.br\/23senpe\/wp-json\/wp\/v2\/pages\/2670\/revisions"}],"predecessor-version":[{"id":2683,"href":"https:\/\/eventosaben.org.br\/23senpe\/wp-json\/wp\/v2\/pages\/2670\/revisions\/2683"}],"wp:attachment":[{"href":"https:\/\/eventosaben.org.br\/23senpe\/wp-json\/wp\/v2\/media?parent=2670"}],"curies":[{"name":"wp","href":"https:\/\/api.w.org\/{rel}","templated":true}]}}