{"id":764,"date":"2024-04-09T12:05:58","date_gmt":"2024-04-09T15:05:58","guid":{"rendered":"https:\/\/eventosaben.org.br\/senaden2024\/?page_id=764"},"modified":"2026-04-08T16:13:06","modified_gmt":"2026-04-08T19:13:06","slug":"agencia","status":"publish","type":"page","link":"https:\/\/eventosaben.org.br\/20senaden\/agencia\/","title":{"rendered":"Ag\u00eancia de turismo oficial"},"content":{"rendered":"\t\t<div data-elementor-type=\"wp-page\" data-elementor-id=\"764\" class=\"elementor elementor-764\" data-elementor-post-type=\"page\">\n\t\t\t\t<div class=\"elementor-element elementor-element-185d8561 e-flex e-con-boxed e-con e-parent\" data-id=\"185d8561\" data-element_type=\"container\" data-e-type=\"container\" data-settings=\"{&quot;background_background&quot;:&quot;classic&quot;}\">\n\t\t\t\t\t<div class=\"e-con-inner\">\n\t\t\t\t\t<\/div>\n\t\t\t\t<\/div>\n\t\t<div class=\"elementor-element elementor-element-24596afe e-flex e-con-boxed e-con e-parent\" data-id=\"24596afe\" data-element_type=\"container\" data-e-type=\"container\">\n\t\t\t\t\t<div class=\"e-con-inner\">\n\t\t\t\t<div class=\"elementor-element elementor-element-311c203c elementor-widget elementor-widget-heading\" data-id=\"311c203c\" data-element_type=\"widget\" data-e-type=\"widget\" data-widget_type=\"heading.default\">\n\t\t\t\t<div class=\"elementor-widget-container\">\n\t\t\t\t\t<h2 class=\"elementor-heading-title elementor-size-default\">Ag\u00eancia<\/h2>\t\t\t\t<\/div>\n\t\t\t\t<\/div>\n\t\t<div class=\"elementor-element elementor-element-6d128ac e-con-full e-flex e-con e-child\" data-id=\"6d128ac\" data-element_type=\"container\" data-e-type=\"container\">\n\t\t\t\t<div class=\"elementor-element elementor-element-2ca083f elementor-widget elementor-widget-html\" data-id=\"2ca083f\" data-element_type=\"widget\" data-e-type=\"widget\" data-widget_type=\"html.default\">\n\t\t\t\t<div class=\"elementor-widget-container\">\n\t\t\t\t\t<section style=\"max-width:1100px;margin:auto;padding:50px 20px;\nfont-family:Arial,Helvetica,sans-serif;line-height:1.6;background:#FFFFFF;\">\n\n  <!-- HERO -->\n  <div style=\"text-align:center;margin-bottom:40px;\">\n    <p style=\"font-size:20px;color:#080B3F;font-weight:bold;max-width:800px;margin:auto;\">\n      Planeje sua viagem com tranquilidade, seguran\u00e7a e atendimento especializado.\n    <\/p>\n    <p style=\"font-size:17px;color:#000000;max-width:800px;margin:15px auto 0;\">\n      Conte com a ag\u00eancia respons\u00e1vel por oferecer solu\u00e7\u00f5es completas em viagens,\n      com suporte dedicado antes, durante e ap\u00f3s o evento.\n    <\/p>\n  <\/div>\n\n  <hr style=\"margin:40px 0;border:1px solid #FCC108;\">\n\n  <!-- SOBRE A AG\u00caNCIA -->\n  <div style=\"margin-bottom:40px;\">\n    <h2 style=\"color:#202E80;\">\u2708\ufe0f 24H Escrit\u00f3rio de Viagens<\/h2>\n    <p>\n      A <strong>24H Escrit\u00f3rio de Viagens<\/strong> \u00e9 especializada no atendimento a eventos cient\u00edficos,\n      corporativos e institucionais, oferecendo solu\u00e7\u00f5es completas e personalizadas\n      para participantes de todo o Brasil.\n    <\/p>\n    <p>\n      Com ampla experi\u00eancia no setor, a ag\u00eancia garante suporte antes, durante e ap\u00f3s\n      a viagem, proporcionando mais conforto, praticidade e seguran\u00e7a.\n    <\/p>\n    <p>\n      \ud83d\udc49 Conhe\u00e7a a ag\u00eancia:\n      <a href=\"https:\/\/www.24h.tur.br\/\" target=\"_blank\" style=\"color:#B51622;font-weight:bold;\">\n        www.24h.tur.br\n      <\/a>\n    <\/p>\n  <\/div>\n\n  <hr style=\"margin:40px 0;border:1px solid #EE8D00;\">\n\n  <!-- SERVI\u00c7OS -->\n  <div style=\"display:flex;flex-wrap:wrap;gap:30px;align-items:flex-start;margin-bottom:40px;\">\n\n    <div style=\"flex:1;min-width:280px;\">\n      <h2 style=\"color:#080B3F;\">\ud83c\udf92 Servi\u00e7os Oferecidos<\/h2>\n      <ul>\n        <li>Passagens a\u00e9reas nacionais e internacionais<\/li>\n        <li>Hospedagem com tarifas diferenciadas<\/li>\n        <li>Traslados aeroporto\u2013hotel\u2013evento<\/li>\n        <li>Pacotes personalizados<\/li>\n        <li>Atendimento corporativo e individual<\/li>\n        <li>Suporte especializado durante toda a viagem<\/li>\n      <\/ul>\n    <\/div>\n\n    <div style=\"flex:1;min-width:280px;\n      background:#202E80;padding:25px;border-radius:10px;color:#FFFFFF;\">\n      <h3 style=\"color:#FCC108;\">Por que escolher a 24H?<\/h3>\n      <ul>\n        <li>Atendimento dedicado aos participantes<\/li>\n        <li>Solu\u00e7\u00f5es sob medida para eventos<\/li>\n        <li>Experi\u00eancia comprovada em turismo corporativo<\/li>\n        <li>Seguran\u00e7a, agilidade e confiabilidade<\/li>\n      <\/ul>\n    <\/div>\n\n  <\/div>\n\n  <hr style=\"margin:40px 0;border:1px solid #B51622;\">\n\n  <!-- CONTATO -->\n  <div style=\"text-align:center;\n    background:linear-gradient(135deg,#EE8D00,#FCC108);\n    padding:40px;border-radius:12px;color:#000000;\">\n    \n    <h2 style=\"margin-bottom:10px;color:#080B3F;\">\ud83d\udcde Entre em Contato<\/h2>\n    <p style=\"font-size:18px;margin-bottom:20px;\">\n      Organize sua viagem com quem entende de eventos e turismo corporativo.\n    <\/p>\n\n    <p style=\"font-size:16px;margin-bottom:20px;\">\n      <strong>Contato:<\/strong> Karine Pinto<br>\n      <strong>Telefone \/ WhatsApp:<\/strong> (51) 99524-0098<br>\n      <strong>E-mail:<\/strong>\n      <a href=\"mailto:corporativo@24h.tur.br\"\n         style=\"color:#080B3F;font-weight:bold;text-decoration:underline;\">\n         corporativo@24h.tur.br\n      <\/a>\n    <\/p>\n\n    <a href=\"https:\/\/wa.me\/5551995240098\" target=\"_blank\"\n       style=\"display:inline-block;padding:14px 28px;\n       background:#080B3F;color:#FFFFFF;\n       text-decoration:none;font-weight:bold;\n       border-radius:6px;\">\n      Falar com a 24H\n    <\/a>\n  <\/div>\n\n  <!-- RODAP\u00c9 -->\n  <p style=\"font-size:14px;color:#000000;text-align:center;margin-top:30px;\">\n    Para maior comodidade, recomendamos a utiliza\u00e7\u00e3o dos servi\u00e7os da\n    24H Escrit\u00f3rio de Viagens.\n  <\/p>\n\n<\/section>\n\t\t\t\t<\/div>\n\t\t\t\t<\/div>\n\t\t\t\t<\/div>\n\t\t\t\t\t<\/div>\n\t\t\t\t<\/div>\n\t\t<div class=\"elementor-element elementor-element-cb8afa3 e-flex e-con-boxed e-con e-parent\" data-id=\"cb8afa3\" data-element_type=\"container\" data-e-type=\"container\">\n\t\t\t\t\t<div class=\"e-con-inner\">\n\t\t\t\t<div class=\"elementor-element elementor-element-efd8b0d elementor-widget elementor-widget-heading\" data-id=\"efd8b0d\" data-element_type=\"widget\" data-e-type=\"widget\" data-widget_type=\"heading.default\">\n\t\t\t\t<div class=\"elementor-widget-container\">\n\t\t\t\t\t<h2 class=\"elementor-heading-title elementor-size-default\">Acesse o nosso site no bot\u00e3o abaixo!<\/h2>\t\t\t\t<\/div>\n\t\t\t\t<\/div>\n\t\t\t\t\t<\/div>\n\t\t\t\t<\/div>\n\t\t<div class=\"elementor-element elementor-element-07426bb e-flex e-con-boxed e-con e-parent\" data-id=\"07426bb\" data-element_type=\"container\" data-e-type=\"container\">\n\t\t\t\t\t<div class=\"e-con-inner\">\n\t\t<div class=\"elementor-element elementor-element-1a6c1f4 e-con-full e-flex e-con e-child\" data-id=\"1a6c1f4\" data-element_type=\"container\" data-e-type=\"container\">\n\t\t<div class=\"elementor-element elementor-element-e9d953d e-con-full e-flex e-con e-child\" data-id=\"e9d953d\" data-element_type=\"container\" data-e-type=\"container\">\n\t\t\t\t<div class=\"elementor-element elementor-element-f80e725 elementor-widget elementor-widget-spacer\" data-id=\"f80e725\" data-element_type=\"widget\" data-e-type=\"widget\" data-widget_type=\"spacer.default\">\n\t\t\t\t<div class=\"elementor-widget-container\">\n\t\t\t\t\t\t\t<div class=\"elementor-spacer\">\n\t\t\t<div class=\"elementor-spacer-inner\"><\/div>\n\t\t<\/div>\n\t\t\t\t\t\t<\/div>\n\t\t\t\t<\/div>\n\t\t\t\t<\/div>\n\t\t\t\t<\/div>\n\t\t\t\t<div class=\"elementor-element elementor-element-f1c8363 elementor-align-justify elementor-widget__width-initial elementor-widget elementor-widget-button\" data-id=\"f1c8363\" data-element_type=\"widget\" data-e-type=\"widget\" data-widget_type=\"button.default\">\n\t\t\t\t<div class=\"elementor-widget-container\">\n\t\t\t\t\t\t\t\t\t<div class=\"elementor-button-wrapper\">\n\t\t\t\t\t<a class=\"elementor-button elementor-button-link elementor-size-md elementor-animation-sink\" href=\"https:\/\/www.24h.tur.br\/eventos\/20-seminario-nacional-de-diretrizes-para-educacao-em-enfermagem-senaden\/\" target=\"_blank\">\n\t\t\t\t\t\t<span class=\"elementor-button-content-wrapper\">\n\t\t\t\t\t\t<span class=\"elementor-button-icon\">\n\t\t\t\t<svg aria-hidden=\"true\" class=\"e-font-icon-svg e-fas-hand-point-up\" viewBox=\"0 0 384 512\" xmlns=\"http:\/\/www.w3.org\/2000\/svg\"><path d=\"M135.652 0c23.625 0 43.826 20.65 43.826 44.8v99.851c17.048-16.34 49.766-18.346 70.944 6.299 22.829-14.288 53.017-2.147 62.315 16.45C361.878 158.426 384 189.346 384 240c0 2.746-.203 13.276-.195 16 .168 61.971-31.065 76.894-38.315 123.731C343.683 391.404 333.599 400 321.786 400H150.261l-.001-.002c-18.366-.011-35.889-10.607-43.845-28.464C93.421 342.648 57.377 276.122 29.092 264 10.897 256.203.008 242.616 0 224c-.014-34.222 35.098-57.752 66.908-44.119 8.359 3.583 16.67 8.312 24.918 14.153V44.8c0-23.45 20.543-44.8 43.826-44.8zM136 416h192c13.255 0 24 10.745 24 24v48c0 13.255-10.745 24-24 24H136c-13.255 0-24-10.745-24-24v-48c0-13.255 10.745-24 24-24zm168 28c-11.046 0-20 8.954-20 20s8.954 20 20 20 20-8.954 20-20-8.954-20-20-20z\"><\/path><\/svg>\t\t\t<\/span>\n\t\t\t\t\t\t\t\t\t<span class=\"elementor-button-text\">Clique aqui<\/span>\n\t\t\t\t\t<\/span>\n\t\t\t\t\t<\/a>\n\t\t\t\t<\/div>\n\t\t\t\t\t\t\t\t<\/div>\n\t\t\t\t<\/div>\n\t\t\t\t\t<\/div>\n\t\t\t\t<\/div>\n\t\t<div class=\"elementor-element elementor-element-21652bb e-flex e-con-boxed e-con e-parent\" data-id=\"21652bb\" data-element_type=\"container\" data-e-type=\"container\">\n\t\t\t\t\t<div class=\"e-con-inner\">\n\t\t\t\t\t<\/div>\n\t\t\t\t<\/div>\n\t\t\t\t<section class=\"elementor-section elementor-top-section elementor-element elementor-element-cf421ab elementor-hidden-desktop elementor-hidden-tablet elementor-hidden-mobile elementor-section-boxed elementor-section-height-default elementor-section-height-default\" data-id=\"cf421ab\" data-element_type=\"section\" data-e-type=\"section\">\n\t\t\t\t\t\t<div class=\"elementor-container elementor-column-gap-default\">\n\t\t\t\t\t<div class=\"elementor-column elementor-col-50 elementor-top-column elementor-element elementor-element-f05b532\" data-id=\"f05b532\" data-element_type=\"column\" data-e-type=\"column\">\n\t\t\t<div class=\"elementor-widget-wrap elementor-element-populated\">\n\t\t\t\t\t\t<div class=\"elementor-element elementor-element-1ebd304 elementor-widget elementor-widget-image\" data-id=\"1ebd304\" data-element_type=\"widget\" data-e-type=\"widget\" data-widget_type=\"image.default\">\n\t\t\t\t<div class=\"elementor-widget-container\">\n\t\t\t\t\t\t\t\t\t\t\t\t\t\t\t<img fetchpriority=\"high\" decoding=\"async\" width=\"444\" height=\"162\" src=\"https:\/\/eventosaben.org.br\/20senaden\/wp-content\/uploads\/2024\/04\/graciela.png\" class=\"attachment-large size-large wp-image-842\" alt=\"\" srcset=\"https:\/\/eventosaben.org.br\/20senaden\/wp-content\/uploads\/2024\/04\/graciela.png 444w, https:\/\/eventosaben.org.br\/20senaden\/wp-content\/uploads\/2024\/04\/graciela-300x109.png 300w\" sizes=\"(max-width: 444px) 100vw, 444px\" \/>\t\t\t\t\t\t\t\t\t\t\t\t\t\t\t<\/div>\n\t\t\t\t<\/div>\n\t\t\t\t\t<\/div>\n\t\t<\/div>\n\t\t\t\t<div class=\"elementor-column elementor-col-50 elementor-top-column elementor-element elementor-element-a690da9\" data-id=\"a690da9\" data-element_type=\"column\" data-e-type=\"column\">\n\t\t\t<div class=\"elementor-widget-wrap elementor-element-populated\">\n\t\t\t\t\t\t<div class=\"elementor-element elementor-element-8ee53e6 elementor-widget elementor-widget-text-editor\" data-id=\"8ee53e6\" data-element_type=\"widget\" data-e-type=\"widget\" data-widget_type=\"text-editor.default\">\n\t\t\t\t<div class=\"elementor-widget-container\">\n\t\t\t\t\t\t\t\t\t<div class=\"elementor-element elementor-element-c63d345 elementor-widget elementor-widget-heading\" data-id=\"c63d345\" data-element_type=\"widget\" data-widget_type=\"heading.default\"><div class=\"elementor-widget-container\"><h2 class=\"elementor-heading-title elementor-size-default\"><em>Graciela Spinosa<\/em><\/h2><\/div><\/div>\t\t\t\t\t\t\t\t<\/div>\n\t\t\t\t<\/div>\n\t\t\t\t<section class=\"elementor-section elementor-inner-section elementor-element elementor-element-3c2d682 elementor-section-boxed elementor-section-height-default elementor-section-height-default\" data-id=\"3c2d682\" data-element_type=\"section\" data-e-type=\"section\">\n\t\t\t\t\t\t<div class=\"elementor-container elementor-column-gap-default\">\n\t\t\t\t\t<div class=\"elementor-column elementor-col-50 elementor-inner-column elementor-element elementor-element-442b39e\" data-id=\"442b39e\" data-element_type=\"column\" data-e-type=\"column\">\n\t\t\t<div class=\"elementor-widget-wrap elementor-element-populated\">\n\t\t\t\t\t\t<div class=\"elementor-element elementor-element-e3a3913 elementor-view-default elementor-position-block-start elementor-mobile-position-block-start elementor-widget elementor-widget-icon-box\" data-id=\"e3a3913\" data-element_type=\"widget\" data-e-type=\"widget\" data-widget_type=\"icon-box.default\">\n\t\t\t\t<div class=\"elementor-widget-container\">\n\t\t\t\t\t\t\t<div class=\"elementor-icon-box-wrapper\">\n\n\t\t\t\t\t\t<div class=\"elementor-icon-box-icon\">\n\t\t\t\t<a href=\"https:\/\/api.whatsapp.com\/send?phone=5543999958345&#038;text=Ol\" class=\"elementor-icon\" tabindex=\"-1\" aria-label=\"(43) 99995-8345\">\n\t\t\t\t<i aria-hidden=\"true\" class=\"icon icon-whatsapp-1\"><\/i>\t\t\t\t<\/a>\n\t\t\t<\/div>\n\t\t\t\n\t\t\t\t\t\t<div class=\"elementor-icon-box-content\">\n\n\t\t\t\t\t\t\t\t\t<h3 class=\"elementor-icon-box-title\">\n\t\t\t\t\t\t<a href=\"https:\/\/api.whatsapp.com\/send?phone=5543999958345&#038;text=Ol\" >\n\t\t\t\t\t\t\t(43) 99995-8345\t\t\t\t\t\t<\/a>\n\t\t\t\t\t<\/h3>\n\t\t\t\t\n\t\t\t\t\n\t\t\t<\/div>\n\t\t\t\n\t\t<\/div>\n\t\t\t\t\t\t<\/div>\n\t\t\t\t<\/div>\n\t\t\t\t\t<\/div>\n\t\t<\/div>\n\t\t\t\t<div class=\"elementor-column elementor-col-50 elementor-inner-column elementor-element elementor-element-f5194aa\" data-id=\"f5194aa\" data-element_type=\"column\" data-e-type=\"column\">\n\t\t\t<div class=\"elementor-widget-wrap elementor-element-populated\">\n\t\t\t\t\t\t<div class=\"elementor-element elementor-element-3c80085 elementor-view-default elementor-position-block-start elementor-mobile-position-block-start elementor-widget elementor-widget-icon-box\" data-id=\"3c80085\" data-element_type=\"widget\" data-e-type=\"widget\" data-widget_type=\"icon-box.default\">\n\t\t\t\t<div class=\"elementor-widget-container\">\n\t\t\t\t\t\t\t<div class=\"elementor-icon-box-wrapper\">\n\n\t\t\t\t\t\t<div class=\"elementor-icon-box-icon\">\n\t\t\t\t<span  class=\"elementor-icon\">\n\t\t\t\t<i aria-hidden=\"true\" class=\"icon icon-email\"><\/i>\t\t\t\t<\/span>\n\t\t\t<\/div>\n\t\t\t\n\t\t\t\t\t\t<div class=\"elementor-icon-box-content\">\n\n\t\t\t\t\t\t\t\t\t<h3 class=\"elementor-icon-box-title\">\n\t\t\t\t\t\t<span  >\n\t\t\t\t\t\t\t graciela@gseventoseturismo.com.br\t\t\t\t\t\t<\/span>\n\t\t\t\t\t<\/h3>\n\t\t\t\t\n\t\t\t\t\n\t\t\t<\/div>\n\t\t\t\n\t\t<\/div>\n\t\t\t\t\t\t<\/div>\n\t\t\t\t<\/div>\n\t\t\t\t\t<\/div>\n\t\t<\/div>\n\t\t\t\t\t<\/div>\n\t\t<\/section>\n\t\t\t\t\t<\/div>\n\t\t<\/div>\n\t\t\t\t\t<\/div>\n\t\t<\/section>\n\t\t<div class=\"elementor-element elementor-element-bbc746f e-con-full e-flex e-con e-parent\" data-id=\"bbc746f\" data-element_type=\"container\" data-e-type=\"container\">\n\t\t\t\t<div class=\"elementor-element elementor-element-75b10f1 elementor-widget__width-initial elementor-widget elementor-widget-spacer\" data-id=\"75b10f1\" data-element_type=\"widget\" data-e-type=\"widget\" data-widget_type=\"spacer.default\">\n\t\t\t\t<div class=\"elementor-widget-container\">\n\t\t\t\t\t\t\t<div class=\"elementor-spacer\">\n\t\t\t<div class=\"elementor-spacer-inner\"><\/div>\n\t\t<\/div>\n\t\t\t\t\t\t<\/div>\n\t\t\t\t<\/div>\n\t\t\t\t<\/div>\n\t\t\t\t<\/div>\n\t\t","protected":false},"excerpt":{"rendered":"<p>Ag\u00eancia Planeje sua viagem com tranquilidade, seguran\u00e7a e atendimento especializado. Conte com a ag\u00eancia respons\u00e1vel por oferecer solu\u00e7\u00f5es completas em viagens, com suporte dedicado antes, durante e ap\u00f3s o evento. \u2708\ufe0f 24H Escrit\u00f3rio de Viagens A 24H Escrit\u00f3rio de Viagens \u00e9 especializada no atendimento a eventos cient\u00edficos, corporativos e institucionais, oferecendo solu\u00e7\u00f5es completas e personalizadas [&hellip;]<\/p>\n","protected":false},"author":1,"featured_media":0,"parent":0,"menu_order":0,"comment_status":"closed","ping_status":"closed","template":"elementor_header_footer","meta":{"_joinchat":[],"footnotes":""},"class_list":["post-764","page","type-page","status-publish","hentry"],"aioseo_notices":[],"_hostinger_reach_plugin_has_subscription_block":false,"_hostinger_reach_plugin_is_elementor":false,"_links":{"self":[{"href":"https:\/\/eventosaben.org.br\/20senaden\/wp-json\/wp\/v2\/pages\/764"}],"collection":[{"href":"https:\/\/eventosaben.org.br\/20senaden\/wp-json\/wp\/v2\/pages"}],"about":[{"href":"https:\/\/eventosaben.org.br\/20senaden\/wp-json\/wp\/v2\/types\/page"}],"author":[{"embeddable":true,"href":"https:\/\/eventosaben.org.br\/20senaden\/wp-json\/wp\/v2\/users\/1"}],"replies":[{"embeddable":true,"href":"https:\/\/eventosaben.org.br\/20senaden\/wp-json\/wp\/v2\/comments?post=764"}],"version-history":[{"count":80,"href":"https:\/\/eventosaben.org.br\/20senaden\/wp-json\/wp\/v2\/pages\/764\/revisions"}],"predecessor-version":[{"id":2528,"href":"https:\/\/eventosaben.org.br\/20senaden\/wp-json\/wp\/v2\/pages\/764\/revisions\/2528"}],"wp:attachment":[{"href":"https:\/\/eventosaben.org.br\/20senaden\/wp-json\/wp\/v2\/media?parent=764"}],"curies":[{"name":"wp","href":"https:\/\/api.w.org\/{rel}","templated":true}]}}