{"id":2109,"date":"2026-01-18T18:57:33","date_gmt":"2026-01-18T21:57:33","guid":{"rendered":"https:\/\/eventosaben.org.br\/20senaden\/?page_id=2109"},"modified":"2026-01-21T14:24:50","modified_gmt":"2026-01-21T17:24:50","slug":"emergencia-hospitais","status":"publish","type":"page","link":"https:\/\/eventosaben.org.br\/20senaden\/emergencia-hospitais\/","title":{"rendered":"Emerg\u00eancia \/ Hospitais"},"content":{"rendered":"\t\t<div data-elementor-type=\"wp-page\" data-elementor-id=\"2109\" class=\"elementor elementor-2109\" data-elementor-post-type=\"page\">\n\t\t\t\t<div class=\"elementor-element elementor-element-1a40bcf9 e-flex e-con-boxed e-con e-parent\" data-id=\"1a40bcf9\" data-element_type=\"container\" data-e-type=\"container\" data-settings=\"{&quot;background_background&quot;:&quot;classic&quot;}\">\n\t\t\t\t\t<div class=\"e-con-inner\">\n\t\t\t\t\t<\/div>\n\t\t\t\t<\/div>\n\t\t<div class=\"elementor-element elementor-element-3baf22f1 e-flex e-con-boxed e-con e-parent\" data-id=\"3baf22f1\" data-element_type=\"container\" data-e-type=\"container\">\n\t\t\t\t\t<div class=\"e-con-inner\">\n\t\t\t\t<div class=\"elementor-element elementor-element-38197828 elementor-widget elementor-widget-heading\" data-id=\"38197828\" data-element_type=\"widget\" data-e-type=\"widget\" data-widget_type=\"heading.default\">\n\t\t\t\t<div class=\"elementor-widget-container\">\n\t\t\t\t\t<h2 class=\"elementor-heading-title elementor-size-default\">Emerg\u00eancia \/ Hospitais<\/h2>\t\t\t\t<\/div>\n\t\t\t\t<\/div>\n\t\t\t\t\t<\/div>\n\t\t\t\t<\/div>\n\t\t<div class=\"elementor-element elementor-element-6de29c95 e-flex e-con-boxed e-con e-parent\" data-id=\"6de29c95\" data-element_type=\"container\" data-e-type=\"container\">\n\t\t\t\t\t<div class=\"e-con-inner\">\n\t\t\t\t<div class=\"elementor-element elementor-element-2945db55 elementor-widget elementor-widget-text-editor\" data-id=\"2945db55\" data-element_type=\"widget\" data-e-type=\"widget\" data-widget_type=\"text-editor.default\">\n\t\t\t\t<div class=\"elementor-widget-container\">\n\t\t\t\t\t\t\t\t\t<h4 data-start=\"453\" data-end=\"533\"><strong data-start=\"472\" data-end=\"533\">Hospitais e Atendimento de Emerg\u00eancia em Jo\u00e3o Pessoa (PB)<\/strong><\/h4>\n<p data-start=\"453\" data-end=\"533\">Jo\u00e3o Pessoa conta com uma rede estruturada de atendimento \u00e0 sa\u00fade, composta por servi\u00e7os p\u00fablicos (SUS) e institui\u00e7\u00f5es privadas, garantindo assist\u00eancia em casos de urg\u00eancia e emerg\u00eancia para moradores e visitantes da cidade.<\/p>\n<h4 data-start=\"788\" data-end=\"826\"><br><\/h4><h4 data-start=\"788\" data-end=\"826\">\ud83c\udd98 Emerg\u00eancias \u2013 O que fazer?<\/h4>\n<ul data-start=\"944\" data-end=\"1155\">\n<li data-start=\"944\" data-end=\"1021\">\n<p data-start=\"946\" data-end=\"1021\"><strong data-start=\"946\" data-end=\"966\">SAMU \u2013 Ligue 192<\/strong> para emerg\u00eancias m\u00e9dicas graves, acidentes e traumas<\/p>\n<\/li>\n<li data-start=\"1022\" data-end=\"1099\">\n<p data-start=\"1024\" data-end=\"1099\">Atendimento <strong data-start=\"1036\" data-end=\"1048\">24 horas<\/strong>, gratuito, pelo <strong data-start=\"1065\" data-end=\"1097\">Sistema \u00danico de Sa\u00fade (SUS)<\/strong><\/p>\n<\/li>\n<li data-start=\"1100\" data-end=\"1155\">\n<p data-start=\"1102\" data-end=\"1155\">Em casos menos graves, procure a <strong data-start=\"1135\" data-end=\"1155\">UPA mais pr\u00f3xima<\/strong><\/p>\n<\/li>\n<\/ul>\n<h4 data-start=\"1162\" data-end=\"1199\"><br><\/h4><h4 data-start=\"1162\" data-end=\"1199\">\ud83d\udd39 Atendimento pelo SUS<\/h4>\n<p data-start=\"1315\" data-end=\"1547\">Jo\u00e3o Pessoa disp\u00f5e de uma ampla rede p\u00fablica de sa\u00fade, com Unidades de Pronto Atendimento (UPAs) e hospitais de refer\u00eancia que realizam atendimentos de urg\u00eancia e emerg\u00eancia, interna\u00e7\u00f5es e procedimentos de m\u00e9dia e alta complexidade.<\/p>\n<p data-start=\"1315\" data-end=\"1547\"><strong data-start=\"1591\" data-end=\"1612\">Importante saber:<\/strong><\/p>\n<ul data-start=\"1615\" data-end=\"1768\">\n<li data-start=\"1615\" data-end=\"1651\">\n<p data-start=\"1617\" data-end=\"1651\">Atendimento gratuito e universal<\/p>\n<\/li>\n<li data-start=\"1652\" data-end=\"1707\">\n<p data-start=\"1654\" data-end=\"1707\">Recomenda-se portar documento com CPF ou Cart\u00e3o SUS<\/p>\n<\/li>\n<li data-start=\"1708\" data-end=\"1768\">\n<p data-start=\"1710\" data-end=\"1768\">Visitantes tamb\u00e9m t\u00eam direito ao atendimento de emerg\u00eancia<\/p>\n<\/li>\n<\/ul>\n<h4 data-start=\"1775\" data-end=\"1822\"><br><\/h4><h4 data-start=\"1775\" data-end=\"1822\">\ud83c\udfe5 Principais Hospitais e Servi\u00e7os de Emerg\u00eancia<\/h4>\n<div class=\"TyagGW_tableContainer\">\n<div class=\"group TyagGW_tableWrapper flex flex-col-reverse w-fit\" tabindex=\"-1\">\n<table class=\"w-fit min-w-(--thread-content-width)\" data-start=\"1955\" data-end=\"3024\">\n<thead data-start=\"1955\" data-end=\"2017\">\n<tr data-start=\"1955\" data-end=\"2017\">\n<th data-start=\"1955\" data-end=\"1969\" data-col-size=\"sm\">Institui\u00e7\u00e3o<\/th>\n<th data-start=\"1969\" data-end=\"1991\" data-col-size=\"sm\">Tipo de Atendimento<\/th>\n<th data-start=\"1991\" data-end=\"2002\" data-col-size=\"sm\">Natureza<\/th>\n<th data-start=\"2002\" data-end=\"2017\" data-col-size=\"sm\">Observa\u00e7\u00f5es<\/th>\n<\/tr>\n<\/thead>\n<tbody data-start=\"2077\" data-end=\"3024\">\n<tr data-start=\"2077\" data-end=\"2163\">\n<td data-start=\"2077\" data-end=\"2090\" data-col-size=\"sm\">SAMU \u2013 192<\/td>\n<td data-start=\"2090\" data-end=\"2119\" data-col-size=\"sm\">Atendimento pr\u00e9-hospitalar<\/td>\n<td data-col-size=\"sm\" data-start=\"2119\" data-end=\"2135\">P\u00fablico (SUS)<\/td>\n<td data-col-size=\"sm\" data-start=\"2135\" data-end=\"2163\">Emerg\u00eancias graves \u2013 24h<\/td>\n<\/tr>\n<tr data-start=\"2164\" data-end=\"2239\">\n<td data-start=\"2164\" data-end=\"2180\" data-col-size=\"sm\">UPA Banc\u00e1rios<\/td>\n<td data-col-size=\"sm\" data-start=\"2180\" data-end=\"2204\">Urg\u00eancia e emerg\u00eancia<\/td>\n<td data-col-size=\"sm\" data-start=\"2204\" data-end=\"2220\">P\u00fablico (SUS)<\/td>\n<td data-col-size=\"sm\" data-start=\"2220\" data-end=\"2239\">Atendimento 24h<\/td>\n<\/tr>\n<tr data-start=\"2240\" data-end=\"2329\">\n<td data-start=\"2240\" data-end=\"2269\" data-col-size=\"sm\">UPA Oce\u00e2nica (Cabo Branco)<\/td>\n<td data-col-size=\"sm\" data-start=\"2269\" data-end=\"2293\">Urg\u00eancia e emerg\u00eancia<\/td>\n<td data-col-size=\"sm\" data-start=\"2293\" data-end=\"2309\">P\u00fablico (SUS)<\/td>\n<td data-col-size=\"sm\" data-start=\"2309\" data-end=\"2329\">Regi\u00e3o litor\u00e2nea<\/td>\n<\/tr>\n<tr data-start=\"2330\" data-end=\"2410\">\n<td data-start=\"2330\" data-end=\"2351\" data-col-size=\"sm\">UPA Cruz das Armas<\/td>\n<td data-col-size=\"sm\" data-start=\"2351\" data-end=\"2375\">Urg\u00eancia e emerg\u00eancia<\/td>\n<td data-col-size=\"sm\" data-start=\"2375\" data-end=\"2391\">P\u00fablico (SUS)<\/td>\n<td data-col-size=\"sm\" data-start=\"2391\" data-end=\"2410\">Atendimento 24h<\/td>\n<\/tr>\n<tr data-start=\"2411\" data-end=\"2542\">\n<td data-start=\"2411\" data-end=\"2453\" data-col-size=\"sm\">Hospital de Trauma Sen. Humberto Lucena<\/td>\n<td data-col-size=\"sm\" data-start=\"2453\" data-end=\"2482\">Trauma e alta complexidade<\/td>\n<td data-col-size=\"sm\" data-start=\"2482\" data-end=\"2509\">P\u00fablico (SUS \u2013 Estadual)<\/td>\n<td data-col-size=\"sm\" data-start=\"2509\" data-end=\"2542\">Principal refer\u00eancia estadual<\/td>\n<\/tr>\n<tr data-start=\"2543\" data-end=\"2653\">\n<td data-start=\"2543\" data-end=\"2577\" data-col-size=\"sm\">Hospital Municipal Santa Isabel<\/td>\n<td data-col-size=\"sm\" data-start=\"2577\" data-end=\"2599\">Cl\u00ednica e cirurgias<\/td>\n<td data-col-size=\"sm\" data-start=\"2599\" data-end=\"2627\">P\u00fablico (SUS \u2013 Municipal)<\/td>\n<td data-col-size=\"sm\" data-start=\"2627\" data-end=\"2653\">Hospital de retaguarda<\/td>\n<\/tr>\n<tr data-start=\"2654\" data-end=\"2758\">\n<td data-start=\"2654\" data-end=\"2695\" data-col-size=\"sm\">Trauminha (Tarc\u00edsio de Miranda Burity)<\/td>\n<td data-col-size=\"sm\" data-start=\"2695\" data-end=\"2719\">Emerg\u00eancia pedi\u00e1trica<\/td>\n<td data-col-size=\"sm\" data-start=\"2719\" data-end=\"2735\">P\u00fablico (SUS)<\/td>\n<td data-col-size=\"sm\" data-start=\"2735\" data-end=\"2758\">Refer\u00eancia infantil<\/td>\n<\/tr>\n<tr data-start=\"2759\" data-end=\"2841\">\n<td data-start=\"2759\" data-end=\"2781\" data-col-size=\"sm\">Hospital Samaritano<\/td>\n<td data-col-size=\"sm\" data-start=\"2781\" data-end=\"2808\">Emerg\u00eancia e interna\u00e7\u00f5es<\/td>\n<td data-col-size=\"sm\" data-start=\"2808\" data-end=\"2818\">Privado<\/td>\n<td data-col-size=\"sm\" data-start=\"2818\" data-end=\"2841\">Planos e particular<\/td>\n<\/tr>\n<tr data-start=\"2842\" data-end=\"2937\">\n<td data-start=\"2842\" data-end=\"2874\" data-col-size=\"sm\">Hospital S\u00e3o Vicente de Paulo<\/td>\n<td data-col-size=\"sm\" data-start=\"2874\" data-end=\"2904\">Emerg\u00eancia e especialidades<\/td>\n<td data-col-size=\"sm\" data-start=\"2904\" data-end=\"2914\">Privado<\/td>\n<td data-col-size=\"sm\" data-start=\"2914\" data-end=\"2937\">Planos e particular<\/td>\n<\/tr>\n<tr data-start=\"2938\" data-end=\"3024\">\n<td data-start=\"2938\" data-end=\"2966\" data-col-size=\"sm\">Hospital Geral da Para\u00edba<\/td>\n<td data-col-size=\"sm\" data-start=\"2966\" data-end=\"2991\">Atendimento hospitalar<\/td>\n<td data-col-size=\"sm\" data-start=\"2991\" data-end=\"3001\">Privado<\/td>\n<td data-col-size=\"sm\" data-start=\"3001\" data-end=\"3024\">Planos e particular<\/td>\n<\/tr>\n<\/tbody>\n<\/table>\n<\/div>\n<\/div>\n<p data-start=\"3730\" data-end=\"3927\"><em><br><\/em><\/p><p data-start=\"3730\" data-end=\"3927\"><em><br><\/em><\/p><p data-start=\"3730\" data-end=\"3927\"><em>As informa\u00e7\u00f5es acima t\u00eam car\u00e1ter orientativo e podem sofrer altera\u00e7\u00f5es. Em caso de emerg\u00eancia, procure imediatamente o servi\u00e7o de sa\u00fade mais pr\u00f3ximo ou acione o SAMU pelo telefone 192.<\/em><\/p>\t\t\t\t\t\t\t\t<\/div>\n\t\t\t\t<\/div>\n\t\t\t\t\t<\/div>\n\t\t\t\t<\/div>\n\t\t\t\t<\/div>\n\t\t","protected":false},"excerpt":{"rendered":"<p>Emerg\u00eancia \/ Hospitais Hospitais e Atendimento de Emerg\u00eancia em Jo\u00e3o Pessoa (PB) Jo\u00e3o Pessoa conta com uma rede estruturada de atendimento \u00e0 sa\u00fade, composta por servi\u00e7os p\u00fablicos (SUS) e institui\u00e7\u00f5es privadas, garantindo assist\u00eancia em casos de urg\u00eancia e emerg\u00eancia para moradores e visitantes da cidade. \ud83c\udd98 Emerg\u00eancias \u2013 O que fazer? SAMU \u2013 Ligue 192 [&hellip;]<\/p>\n","protected":false},"author":1,"featured_media":0,"parent":0,"menu_order":0,"comment_status":"closed","ping_status":"closed","template":"elementor_header_footer","meta":{"_joinchat":[],"footnotes":""},"class_list":["post-2109","page","type-page","status-publish","hentry"],"aioseo_notices":[],"_hostinger_reach_plugin_has_subscription_block":false,"_hostinger_reach_plugin_is_elementor":false,"_links":{"self":[{"href":"https:\/\/eventosaben.org.br\/20senaden\/wp-json\/wp\/v2\/pages\/2109"}],"collection":[{"href":"https:\/\/eventosaben.org.br\/20senaden\/wp-json\/wp\/v2\/pages"}],"about":[{"href":"https:\/\/eventosaben.org.br\/20senaden\/wp-json\/wp\/v2\/types\/page"}],"author":[{"embeddable":true,"href":"https:\/\/eventosaben.org.br\/20senaden\/wp-json\/wp\/v2\/users\/1"}],"replies":[{"embeddable":true,"href":"https:\/\/eventosaben.org.br\/20senaden\/wp-json\/wp\/v2\/comments?post=2109"}],"version-history":[{"count":16,"href":"https:\/\/eventosaben.org.br\/20senaden\/wp-json\/wp\/v2\/pages\/2109\/revisions"}],"predecessor-version":[{"id":2166,"href":"https:\/\/eventosaben.org.br\/20senaden\/wp-json\/wp\/v2\/pages\/2109\/revisions\/2166"}],"wp:attachment":[{"href":"https:\/\/eventosaben.org.br\/20senaden\/wp-json\/wp\/v2\/media?parent=2109"}],"curies":[{"name":"wp","href":"https:\/\/api.w.org\/{rel}","templated":true}]}}