{"id":1003,"date":"2024-05-10T20:13:30","date_gmt":"2024-05-10T23:13:30","guid":{"rendered":"https:\/\/eventosaben.org.br\/19senaden\/?page_id=1003"},"modified":"2026-04-15T14:06:47","modified_gmt":"2026-04-15T17:06:47","slug":"chamadas","status":"publish","type":"page","link":"https:\/\/eventosaben.org.br\/20senaden\/chamadas\/","title":{"rendered":"Chamadas"},"content":{"rendered":"\t\t<div data-elementor-type=\"wp-page\" data-elementor-id=\"1003\" class=\"elementor elementor-1003\" data-elementor-post-type=\"page\">\n\t\t\t\t<div class=\"elementor-element elementor-element-561a627d e-flex e-con-boxed e-con e-parent\" data-id=\"561a627d\" data-element_type=\"container\" data-e-type=\"container\" data-settings=\"{&quot;background_background&quot;:&quot;classic&quot;}\">\n\t\t\t\t\t<div class=\"e-con-inner\">\n\t\t\t\t\t<\/div>\n\t\t\t\t<\/div>\n\t\t<div class=\"elementor-element elementor-element-755f656b e-flex e-con-boxed e-con e-parent\" data-id=\"755f656b\" data-element_type=\"container\" data-e-type=\"container\">\n\t\t\t\t\t<div class=\"e-con-inner\">\n\t\t\t\t<div class=\"elementor-element elementor-element-3682b32a elementor-widget elementor-widget-heading\" data-id=\"3682b32a\" data-element_type=\"widget\" data-e-type=\"widget\" data-widget_type=\"heading.default\">\n\t\t\t\t<div class=\"elementor-widget-container\">\n\t\t\t\t\t<h2 class=\"elementor-heading-title elementor-size-default\">Chamadas<\/h2>\t\t\t\t<\/div>\n\t\t\t\t<\/div>\n\t\t\t\t\t<\/div>\n\t\t\t\t<\/div>\n\t\t<div class=\"elementor-element elementor-element-e983f7c e-flex e-con-boxed e-con e-parent\" data-id=\"e983f7c\" data-element_type=\"container\" data-e-type=\"container\">\n\t\t\t\t\t<div class=\"e-con-inner\">\n\t\t\t\t<div class=\"elementor-element elementor-element-c74fa8d elementor-widget elementor-widget-heading\" data-id=\"c74fa8d\" data-element_type=\"widget\" data-e-type=\"widget\" data-widget_type=\"heading.default\">\n\t\t\t\t<div class=\"elementor-widget-container\">\n\t\t\t\t\t<h2 class=\"elementor-heading-title elementor-size-default\">CHAMADA PARA SUBMISS\u00d5ES DE PROPOSTAS DE OFERTA DE CURSOS PR\u00c9-EVENTO\n<\/h2>\t\t\t\t<\/div>\n\t\t\t\t<\/div>\n\t\t\t\t<div class=\"elementor-element elementor-element-b469f49 elementor-widget elementor-widget-text-editor\" data-id=\"b469f49\" data-element_type=\"widget\" data-e-type=\"widget\" data-widget_type=\"text-editor.default\">\n\t\t\t\t<div class=\"elementor-widget-container\">\n\t\t\t\t\t\t\t\t\t<p>A Comiss\u00e3o Cient\u00edfica do 20\u00b0 Semin\u00e1rio Nacional de Diretrizes para Educa\u00e7\u00e3o em Enfermagem (SENADEn), 17\u00b0 Simp\u00f3sio Nacional de Teorias, Terminologias e Processo de Enfermagem (SINADEn) convida as(os) associadas(os) da Associa\u00e7\u00e3o Brasileira de Enfermagem para apresentarem proposta de oferta de cursos pr\u00e9-evento.<\/p><p><strong>Cronograma:<br \/><\/strong><br \/>Per\u00edodo de submiss\u00f5es de propostas: <b>23 de fevereiro a 19 de abril de 2026.<\/b><\/p><p>Per\u00edodo de julgamento: <b>01 a 30 de abril de 2026.<\/b><\/p><p>Publica\u00e7\u00e3o do resultado: <b>4 de maio de 2026.<\/b><\/p>\t\t\t\t\t\t\t\t<\/div>\n\t\t\t\t<\/div>\n\t\t\t\t\t<\/div>\n\t\t\t\t<\/div>\n\t\t<div class=\"elementor-element elementor-element-a0c140e e-flex e-con-boxed e-con e-parent\" data-id=\"a0c140e\" data-element_type=\"container\" data-e-type=\"container\">\n\t\t\t\t\t<div class=\"e-con-inner\">\n\t\t<div class=\"elementor-element elementor-element-dfbf4e6 e-con-full e-flex e-con e-child\" data-id=\"dfbf4e6\" data-element_type=\"container\" data-e-type=\"container\">\n\t\t\t\t<div class=\"elementor-element elementor-element-41d042b elementor-align-justify elementor-widget__width-inherit elementor-widget elementor-widget-button\" data-id=\"41d042b\" data-element_type=\"widget\" data-e-type=\"widget\" data-widget_type=\"button.default\">\n\t\t\t\t<div class=\"elementor-widget-container\">\n\t\t\t\t\t\t\t\t\t<div class=\"elementor-button-wrapper\">\n\t\t\t\t\t<a class=\"elementor-button elementor-button-link elementor-size-sm\" href=\"https:\/\/eventosaben.org.br\/20senaden\/wp-content\/uploads\/2026\/03\/Proposicao-de-Cursos-e-Oficinas-SENADEN-ATUALIZADO.pdf\" target=\"_blank\">\n\t\t\t\t\t\t<span class=\"elementor-button-content-wrapper\">\n\t\t\t\t\t\t\t\t\t<span class=\"elementor-button-text\">Acesse a chamada completa<\/span>\n\t\t\t\t\t<\/span>\n\t\t\t\t\t<\/a>\n\t\t\t\t<\/div>\n\t\t\t\t\t\t\t\t<\/div>\n\t\t\t\t<\/div>\n\t\t\t\t<\/div>\n\t\t<div class=\"elementor-element elementor-element-c0f32f7 e-con-full e-flex e-con e-child\" data-id=\"c0f32f7\" data-element_type=\"container\" data-e-type=\"container\">\n\t\t\t\t<div class=\"elementor-element elementor-element-3740f11 elementor-align-justify elementor-widget__width-inherit elementor-widget elementor-widget-button\" data-id=\"3740f11\" data-element_type=\"widget\" data-e-type=\"widget\" data-widget_type=\"button.default\">\n\t\t\t\t<div class=\"elementor-widget-container\">\n\t\t\t\t\t\t\t\t\t<div class=\"elementor-button-wrapper\">\n\t\t\t\t\t<a class=\"elementor-button elementor-button-link elementor-size-sm\" href=\"https:\/\/form.jotform.com\/eventogyn\/proposta-de-cursos-senaden\" target=\"_blank\">\n\t\t\t\t\t\t<span class=\"elementor-button-content-wrapper\">\n\t\t\t\t\t\t\t\t\t<span class=\"elementor-button-text\">Submeter Proposta<\/span>\n\t\t\t\t\t<\/span>\n\t\t\t\t\t<\/a>\n\t\t\t\t<\/div>\n\t\t\t\t\t\t\t\t<\/div>\n\t\t\t\t<\/div>\n\t\t\t\t<\/div>\n\t\t<div class=\"elementor-element elementor-element-db5938f e-con-full e-flex e-con e-child\" data-id=\"db5938f\" data-element_type=\"container\" data-e-type=\"container\">\n\t\t\t\t<\/div>\n\t\t\t\t\t<\/div>\n\t\t\t\t<\/div>\n\t\t<div class=\"elementor-element elementor-element-ca4e645 e-flex e-con-boxed e-con e-parent\" data-id=\"ca4e645\" data-element_type=\"container\" data-e-type=\"container\">\n\t\t\t\t\t<div class=\"e-con-inner\">\n\t\t\t\t<div class=\"elementor-element elementor-element-4065c36 elementor-widget elementor-widget-heading\" data-id=\"4065c36\" data-element_type=\"widget\" data-e-type=\"widget\" data-widget_type=\"heading.default\">\n\t\t\t\t<div class=\"elementor-widget-container\">\n\t\t\t\t\t<h2 class=\"elementor-heading-title elementor-size-default\">CHAMADA PARA SUBMISS\u00c3O DE PROPOSTAS DE REALIZA\u00c7\u00c3O DE REUNI\u00d5ES TEM\u00c1TICAS PR\u00c9-EVENTO \n<\/h2>\t\t\t\t<\/div>\n\t\t\t\t<\/div>\n\t\t\t\t<div class=\"elementor-element elementor-element-90477ec elementor-widget elementor-widget-text-editor\" data-id=\"90477ec\" data-element_type=\"widget\" data-e-type=\"widget\" data-widget_type=\"text-editor.default\">\n\t\t\t\t<div class=\"elementor-widget-container\">\n\t\t\t\t\t\t\t\t\t<p><span style=\"font-weight: 400;\">A Comiss\u00e3o Cient\u00edfica do 20\u00b0 Semin\u00e1rio Nacional de Diretrizes para Educa\u00e7\u00e3o em Enfermagem (SENADEn), 17\u00b0 Simp\u00f3sio Nacional de Teorias, Terminologias e Processo de Enfermagem (SINADEn)convida as(os) <\/span><b>associadas(os) <\/b><span style=\"font-weight: 400;\">da Associa\u00e7\u00e3o Brasileira de Enfermagem a apresentar proposta de realiza\u00e7\u00e3o de reuni\u00f5es tem\u00e1ticas pr\u00e9-evento.\u00a0<\/span><\/p><p><b>Cronograma:\u00a0<\/b><\/p><p><span style=\"font-weight: 400;\">Per\u00edodo de submiss\u00f5es de propostas: <\/span><b>23 de fevereiro a 19 de abril de 2026<\/b><span style=\"font-weight: 400;\">\u00a0<\/span><\/p><p><span style=\"font-weight: 400;\">Per\u00edodo de julgamento: <\/span><b>01 a 30 de abril de 2026<\/b><\/p><p><span style=\"font-weight: 400;\">Publica\u00e7\u00e3o do resultado: <\/span><b>4 de maio de 2026<\/b><\/p>\t\t\t\t\t\t\t\t<\/div>\n\t\t\t\t<\/div>\n\t\t\t\t\t<\/div>\n\t\t\t\t<\/div>\n\t\t<div class=\"elementor-element elementor-element-e37063a e-flex e-con-boxed e-con e-parent\" data-id=\"e37063a\" data-element_type=\"container\" data-e-type=\"container\">\n\t\t\t\t\t<div class=\"e-con-inner\">\n\t\t<div class=\"elementor-element elementor-element-9d8e133 e-con-full e-flex e-con e-child\" data-id=\"9d8e133\" data-element_type=\"container\" data-e-type=\"container\">\n\t\t\t\t<div class=\"elementor-element elementor-element-68e7611 elementor-align-justify elementor-widget__width-inherit elementor-widget elementor-widget-button\" data-id=\"68e7611\" data-element_type=\"widget\" data-e-type=\"widget\" data-widget_type=\"button.default\">\n\t\t\t\t<div class=\"elementor-widget-container\">\n\t\t\t\t\t\t\t\t\t<div class=\"elementor-button-wrapper\">\n\t\t\t\t\t<a class=\"elementor-button elementor-button-link elementor-size-sm\" href=\"https:\/\/eventosaben.org.br\/20senaden\/wp-content\/uploads\/2026\/03\/Proposicao-de-Reunioes-SENADEN-ATUALIZADO.pdf\" target=\"_blank\">\n\t\t\t\t\t\t<span class=\"elementor-button-content-wrapper\">\n\t\t\t\t\t\t\t\t\t<span class=\"elementor-button-text\">Acesse a chamada completa<\/span>\n\t\t\t\t\t<\/span>\n\t\t\t\t\t<\/a>\n\t\t\t\t<\/div>\n\t\t\t\t\t\t\t\t<\/div>\n\t\t\t\t<\/div>\n\t\t\t\t<\/div>\n\t\t<div class=\"elementor-element elementor-element-e83bae3 e-con-full e-flex e-con e-child\" data-id=\"e83bae3\" data-element_type=\"container\" data-e-type=\"container\">\n\t\t\t\t<div class=\"elementor-element elementor-element-14e7510 elementor-align-justify elementor-widget__width-inherit elementor-widget elementor-widget-button\" data-id=\"14e7510\" data-element_type=\"widget\" data-e-type=\"widget\" data-widget_type=\"button.default\">\n\t\t\t\t<div class=\"elementor-widget-container\">\n\t\t\t\t\t\t\t\t\t<div class=\"elementor-button-wrapper\">\n\t\t\t\t\t<a class=\"elementor-button elementor-button-link elementor-size-sm\" href=\"https:\/\/form.jotform.com\/eventogyn\/reunioes-senaden\" target=\"_blank\">\n\t\t\t\t\t\t<span class=\"elementor-button-content-wrapper\">\n\t\t\t\t\t\t\t\t\t<span class=\"elementor-button-text\">Submeter Proposta<\/span>\n\t\t\t\t\t<\/span>\n\t\t\t\t\t<\/a>\n\t\t\t\t<\/div>\n\t\t\t\t\t\t\t\t<\/div>\n\t\t\t\t<\/div>\n\t\t\t\t<\/div>\n\t\t<div class=\"elementor-element elementor-element-99f2e55 e-con-full e-flex e-con e-child\" data-id=\"99f2e55\" data-element_type=\"container\" data-e-type=\"container\">\n\t\t\t\t<\/div>\n\t\t\t\t\t<\/div>\n\t\t\t\t<\/div>\n\t\t<div class=\"elementor-element elementor-element-4fe3739 e-flex e-con-boxed e-con e-parent\" data-id=\"4fe3739\" data-element_type=\"container\" data-e-type=\"container\">\n\t\t\t\t\t<div class=\"e-con-inner\">\n\t\t\t\t<div class=\"elementor-element elementor-element-ee28a4e elementor-widget elementor-widget-heading\" data-id=\"ee28a4e\" data-element_type=\"widget\" data-e-type=\"widget\" data-widget_type=\"heading.default\">\n\t\t\t\t<div class=\"elementor-widget-container\">\n\t\t\t\t\t<h2 class=\"elementor-heading-title elementor-size-default\">CHAMADA PARA SUBMISS\u00c3O DE PROPOSTAS DE LAN\u00c7AMENTO DE OBRAS LITER\u00c1RIAS OU CIENT\u00cdFICAS E MATERIAL EDUCATIVO NO EVENTO\n<\/h2>\t\t\t\t<\/div>\n\t\t\t\t<\/div>\n\t\t\t\t<div class=\"elementor-element elementor-element-e966f4a elementor-widget elementor-widget-text-editor\" data-id=\"e966f4a\" data-element_type=\"widget\" data-e-type=\"widget\" data-widget_type=\"text-editor.default\">\n\t\t\t\t<div class=\"elementor-widget-container\">\n\t\t\t\t\t\t\t\t\t<p><span style=\"font-weight: 400;\">A Comiss\u00e3o Cient\u00edfica do 20\u00b0 Semin\u00e1rio Nacional de Diretrizes para Educa\u00e7\u00e3o em Enfermagem (SENADEn), 17\u00b0 Simp\u00f3sio Nacional de Teorias, Terminologias e Processo de Enfermagem (SINADEn) convida as(os) <\/span><b>associadas(os)<\/b> <span style=\"font-weight: 400;\">da Associa\u00e7\u00e3o Brasileira de Enfermagem para apresentarem propostas de lan\u00e7amento de obras liter\u00e1rias ou cient\u00edficas de sua autoria <\/span><b>durante o evento<\/b><span style=\"font-weight: 400;\">, a ser realizado de 11 a 14 de novembro de 2024.\u00a0\u00a0<\/span><\/p><p><b>Cronograma:\u00a0\u00a0<\/b><\/p><p><span style=\"font-weight: 400;\">Per\u00edodo de submiss\u00f5es de propostas: <\/span><b>23 de fevereiro a 19 de abril de 2026<\/b><span style=\"font-weight: 400;\">.\u00a0<\/span><\/p><p><span style=\"font-weight: 400;\">Per\u00edodo de julgamento: <\/span><b>01 a 30 de abril de 2026<\/b><\/p><p><span style=\"font-weight: 400;\">Publica\u00e7\u00e3o do resultado: <\/span><b>4 de maio de 2026<\/b><\/p>\t\t\t\t\t\t\t\t<\/div>\n\t\t\t\t<\/div>\n\t\t\t\t\t<\/div>\n\t\t\t\t<\/div>\n\t\t<div class=\"elementor-element elementor-element-7b3d187 e-flex e-con-boxed e-con e-parent\" data-id=\"7b3d187\" data-element_type=\"container\" data-e-type=\"container\">\n\t\t\t\t\t<div class=\"e-con-inner\">\n\t\t<div class=\"elementor-element elementor-element-8c84770 e-con-full e-flex e-con e-child\" data-id=\"8c84770\" data-element_type=\"container\" data-e-type=\"container\">\n\t\t\t\t<div class=\"elementor-element elementor-element-b65ab0b elementor-align-justify elementor-widget__width-inherit elementor-widget elementor-widget-button\" data-id=\"b65ab0b\" data-element_type=\"widget\" data-e-type=\"widget\" data-widget_type=\"button.default\">\n\t\t\t\t<div class=\"elementor-widget-container\">\n\t\t\t\t\t\t\t\t\t<div class=\"elementor-button-wrapper\">\n\t\t\t\t\t<a class=\"elementor-button elementor-button-link elementor-size-sm\" href=\"https:\/\/eventosaben.org.br\/20senaden\/wp-content\/uploads\/2026\/03\/Proposicao-de-Obras-SENADEN-ATUALIZADO.pdf\" target=\"_blank\">\n\t\t\t\t\t\t<span class=\"elementor-button-content-wrapper\">\n\t\t\t\t\t\t\t\t\t<span class=\"elementor-button-text\">Acesse a chamada completa<\/span>\n\t\t\t\t\t<\/span>\n\t\t\t\t\t<\/a>\n\t\t\t\t<\/div>\n\t\t\t\t\t\t\t\t<\/div>\n\t\t\t\t<\/div>\n\t\t\t\t<\/div>\n\t\t<div class=\"elementor-element elementor-element-6d1a187 e-con-full e-flex e-con e-child\" data-id=\"6d1a187\" data-element_type=\"container\" data-e-type=\"container\">\n\t\t\t\t<div class=\"elementor-element elementor-element-b5f9900 elementor-align-justify elementor-widget__width-inherit elementor-widget elementor-widget-button\" data-id=\"b5f9900\" data-element_type=\"widget\" data-e-type=\"widget\" data-widget_type=\"button.default\">\n\t\t\t\t<div class=\"elementor-widget-container\">\n\t\t\t\t\t\t\t\t\t<div class=\"elementor-button-wrapper\">\n\t\t\t\t\t<a class=\"elementor-button elementor-button-link elementor-size-sm\" href=\"https:\/\/form.jotform.com\/eventogyn\/obras-senaden\" target=\"_blank\">\n\t\t\t\t\t\t<span class=\"elementor-button-content-wrapper\">\n\t\t\t\t\t\t\t\t\t<span class=\"elementor-button-text\">Submeter Proposta<\/span>\n\t\t\t\t\t<\/span>\n\t\t\t\t\t<\/a>\n\t\t\t\t<\/div>\n\t\t\t\t\t\t\t\t<\/div>\n\t\t\t\t<\/div>\n\t\t\t\t<\/div>\n\t\t<div class=\"elementor-element elementor-element-e63246d e-con-full e-flex e-con e-child\" data-id=\"e63246d\" data-element_type=\"container\" data-e-type=\"container\">\n\t\t\t\t<\/div>\n\t\t\t\t\t<\/div>\n\t\t\t\t<\/div>\n\t\t\t\t<\/div>\n\t\t","protected":false},"excerpt":{"rendered":"<p>Chamadas CHAMADA PARA SUBMISS\u00d5ES DE PROPOSTAS DE OFERTA DE CURSOS PR\u00c9-EVENTO A Comiss\u00e3o Cient\u00edfica do 20\u00b0 Semin\u00e1rio Nacional de Diretrizes para Educa\u00e7\u00e3o em Enfermagem (SENADEn), 17\u00b0 Simp\u00f3sio Nacional de Teorias, Terminologias e Processo de Enfermagem (SINADEn) convida as(os) associadas(os) da Associa\u00e7\u00e3o Brasileira de Enfermagem para apresentarem proposta de oferta de cursos pr\u00e9-evento. Cronograma:Per\u00edodo de submiss\u00f5es [&hellip;]<\/p>\n","protected":false},"author":1,"featured_media":0,"parent":0,"menu_order":0,"comment_status":"closed","ping_status":"closed","template":"elementor_header_footer","meta":{"_joinchat":[],"footnotes":""},"class_list":["post-1003","page","type-page","status-publish","hentry"],"aioseo_notices":[],"_hostinger_reach_plugin_has_subscription_block":false,"_hostinger_reach_plugin_is_elementor":false,"_links":{"self":[{"href":"https:\/\/eventosaben.org.br\/20senaden\/wp-json\/wp\/v2\/pages\/1003"}],"collection":[{"href":"https:\/\/eventosaben.org.br\/20senaden\/wp-json\/wp\/v2\/pages"}],"about":[{"href":"https:\/\/eventosaben.org.br\/20senaden\/wp-json\/wp\/v2\/types\/page"}],"author":[{"embeddable":true,"href":"https:\/\/eventosaben.org.br\/20senaden\/wp-json\/wp\/v2\/users\/1"}],"replies":[{"embeddable":true,"href":"https:\/\/eventosaben.org.br\/20senaden\/wp-json\/wp\/v2\/comments?post=1003"}],"version-history":[{"count":70,"href":"https:\/\/eventosaben.org.br\/20senaden\/wp-json\/wp\/v2\/pages\/1003\/revisions"}],"predecessor-version":[{"id":2558,"href":"https:\/\/eventosaben.org.br\/20senaden\/wp-json\/wp\/v2\/pages\/1003\/revisions\/2558"}],"wp:attachment":[{"href":"https:\/\/eventosaben.org.br\/20senaden\/wp-json\/wp\/v2\/media?parent=1003"}],"curies":[{"name":"wp","href":"https:\/\/api.w.org\/{rel}","templated":true}]}}