{"id":481,"date":"2024-02-17T10:38:01","date_gmt":"2024-02-17T13:38:01","guid":{"rendered":"https:\/\/eventosaben.org.br\/senaden2024\/?page_id=481"},"modified":"2024-02-18T21:47:54","modified_gmt":"2024-02-19T00:47:54","slug":"cookies","status":"publish","type":"page","link":"https:\/\/eventosaben.org.br\/19senaden\/cookies\/","title":{"rendered":"Pol\u00edtica de Cookies"},"content":{"rendered":"\t\t<div data-elementor-type=\"wp-page\" data-elementor-id=\"481\" class=\"elementor elementor-481\" data-elementor-post-type=\"page\">\n\t\t\t\t<div class=\"elementor-element elementor-element-6c4c4077 e-flex e-con-boxed e-con e-parent\" data-id=\"6c4c4077\" data-element_type=\"container\" data-settings=\"{&quot;background_background&quot;:&quot;classic&quot;}\">\n\t\t\t\t\t<div class=\"e-con-inner\">\n\t\t\t\t\t<\/div>\n\t\t\t\t<\/div>\n\t\t<div class=\"elementor-element elementor-element-366e3009 e-flex e-con-boxed e-con e-parent\" data-id=\"366e3009\" data-element_type=\"container\">\n\t\t\t\t\t<div class=\"e-con-inner\">\n\t\t\t\t<div class=\"elementor-element elementor-element-29c76dbe elementor-icon-list--layout-inline elementor-list-item-link-full_width elementor-widget elementor-widget-icon-list\" data-id=\"29c76dbe\" data-element_type=\"widget\" data-widget_type=\"icon-list.default\">\n\t\t\t\t<div class=\"elementor-widget-container\">\n\t\t\t\t\t<ul class=\"elementor-icon-list-items elementor-inline-items\">\n\t\t\t\t\t\t\t<li class=\"elementor-icon-list-item elementor-inline-item\">\n\t\t\t\t\t\t\t\t\t\t<span class=\"elementor-icon-list-text\">Atualizado em:<\/span>\n\t\t\t\t\t\t\t\t\t<\/li>\n\t\t\t\t\t\t\t\t<li class=\"elementor-icon-list-item elementor-inline-item\">\n\t\t\t\t\t\t\t\t\t\t\t<span class=\"elementor-icon-list-icon\">\n\t\t\t\t\t\t\t<svg aria-hidden=\"true\" class=\"e-font-icon-svg e-fas-calendar-alt\" viewBox=\"0 0 448 512\" xmlns=\"http:\/\/www.w3.org\/2000\/svg\"><path d=\"M0 464c0 26.5 21.5 48 48 48h352c26.5 0 48-21.5 48-48V192H0v272zm320-196c0-6.6 5.4-12 12-12h40c6.6 0 12 5.4 12 12v40c0 6.6-5.4 12-12 12h-40c-6.6 0-12-5.4-12-12v-40zm0 128c0-6.6 5.4-12 12-12h40c6.6 0 12 5.4 12 12v40c0 6.6-5.4 12-12 12h-40c-6.6 0-12-5.4-12-12v-40zM192 268c0-6.6 5.4-12 12-12h40c6.6 0 12 5.4 12 12v40c0 6.6-5.4 12-12 12h-40c-6.6 0-12-5.4-12-12v-40zm0 128c0-6.6 5.4-12 12-12h40c6.6 0 12 5.4 12 12v40c0 6.6-5.4 12-12 12h-40c-6.6 0-12-5.4-12-12v-40zM64 268c0-6.6 5.4-12 12-12h40c6.6 0 12 5.4 12 12v40c0 6.6-5.4 12-12 12H76c-6.6 0-12-5.4-12-12v-40zm0 128c0-6.6 5.4-12 12-12h40c6.6 0 12 5.4 12 12v40c0 6.6-5.4 12-12 12H76c-6.6 0-12-5.4-12-12v-40zM400 64h-48V16c0-8.8-7.2-16-16-16h-32c-8.8 0-16 7.2-16 16v48H160V16c0-8.8-7.2-16-16-16h-32c-8.8 0-16 7.2-16 16v48H48C21.5 64 0 85.5 0 112v48h448v-48c0-26.5-21.5-48-48-48z\"><\/path><\/svg>\t\t\t\t\t\t<\/span>\n\t\t\t\t\t\t\t\t\t\t<span class=\"elementor-icon-list-text\">10 de fevereiro de 2024<\/span>\n\t\t\t\t\t\t\t\t\t<\/li>\n\t\t\t\t\t\t\t\t<li class=\"elementor-icon-list-item elementor-inline-item\">\n\t\t\t\t\t\t\t\t\t\t\t<span class=\"elementor-icon-list-icon\">\n\t\t\t\t\t\t\t<i aria-hidden=\"true\" class=\"icon icon-clock2\"><\/i>\t\t\t\t\t\t<\/span>\n\t\t\t\t\t\t\t\t\t\t<span class=\"elementor-icon-list-text\">10:47:32 AM<\/span>\n\t\t\t\t\t\t\t\t\t<\/li>\n\t\t\t\t\t\t<\/ul>\n\t\t\t\t<\/div>\n\t\t\t\t<\/div>\n\t\t\t\t\t<\/div>\n\t\t\t\t<\/div>\n\t\t<div class=\"elementor-element elementor-element-5ea4308f e-flex e-con-boxed e-con e-parent\" data-id=\"5ea4308f\" data-element_type=\"container\">\n\t\t\t\t\t<div class=\"e-con-inner\">\n\t\t\t\t<div class=\"elementor-element elementor-element-30ec1588 elementor-widget elementor-widget-text-editor\" data-id=\"30ec1588\" data-element_type=\"widget\" data-widget_type=\"text-editor.default\">\n\t\t\t\t<div class=\"elementor-widget-container\">\n\t\t\t\t\t\t\t<p><strong>Pol\u00edtica de Cookies<\/strong><\/p><p>Esta pol\u00edtica explica especificamente como n\u00f3s, nossos parceiros e usu\u00e1rios de nossos servi\u00e7os implementamos cookies, bem como as op\u00e7\u00f5es que voc\u00ea tem para control\u00e1-los.<\/p><p><strong>O que s\u00e3o\u00a0<em>cookies<\/em>?<\/strong><\/p><p>Cookies s\u00e3o pequenos peda\u00e7os de dados, armazenados em arquivos de texto, que s\u00e3o armazenados em seu computador ou outro dispositivo quando os sites s\u00e3o carregados em um navegador.\u00a0Eles s\u00e3o amplamente usados \u200b\u200bpara \u201clembrar\u201d voc\u00ea e suas prefer\u00eancias, seja para uma \u00fanica visita (por meio de um \u201c<strong>cookie de sess\u00e3o<\/strong>\u201d) ou para v\u00e1rias visitas repetidas (usando um \u201c<strong>cookie persistente<\/strong>\u201d).<\/p><p>Um\u00a0<em>cookie\u00a0<\/em>persistente ser\u00e1 armazenado por um navegador e permanecer\u00e1 v\u00e1lido at\u00e9 sua data de validade, salvo se deletado pelo usu\u00e1rio antes desta data. Um\u00a0<em>cookie\u00a0<\/em>de sess\u00e3o, por outro lado, ir\u00e1 expirar ao final de uma sess\u00e3o de navega\u00e7\u00e3o do usu\u00e1rio, quando o navegador \u00e9 encerrado.<\/p><p>Eles garantem uma experi\u00eancia consistente e eficiente para os visitantes e desempenham fun\u00e7\u00f5es essenciais, como permitir que os usu\u00e1rios se registrem e permane\u00e7am conectados. Os cookies podem ser definidos pelo site que voc\u00ea est\u00e1 visitando (conhecidos como \u201ccookies prim\u00e1rios\u201d) ou por terceiros, como aqueles que veiculam conte\u00fado ou fornecem servi\u00e7os de publicidade ou anal\u00edtica no site (\u201ccookies de terceiros\u201d).<\/p><p><strong>Como usamos\u00a0<em>cookies<\/em>?<\/strong><\/p><p>Usamos\u00a0<em>cookies<\/em>\u00a0para v\u00e1rios fins diferentes.\u00a0Alguns\u00a0<em>cookies<\/em>\u00a0s\u00e3o necess\u00e1rios por motivos t\u00e9cnicos;\u00a0alguns permitem uma experi\u00eancia personalizada para visitantes e usu\u00e1rios registrados.<\/p><p>N\u00e3o utilizamos\u00a0<em>cookies<\/em>\u00a0para exibi\u00e7\u00e3o de publicidade.<\/p><p>Usamos\u00a0<em>Cookies<\/em>\u00a0e outras tecnologias com as seguintes finalidades:<\/p><ul><li><strong>Autentica\u00e7\u00e3o:\u00a0<\/strong>indica que o usu\u00e1rio est\u00e1 conectado, para que possamos oferecer os recursos apropriados, bem como entender como este utiliza e acessa a plataforma EventoGYN;<\/li><li><strong>Seguran\u00e7a e integridade:<\/strong>\u00a0ajuda a manter a seguran\u00e7a dos servi\u00e7os, oferecendo suporte ou ativando recursos de seguran\u00e7a e ajudando a detectar atividades que violam nossas pol\u00edticas legais;<\/li><li><strong>Recursos e servi\u00e7os:<\/strong>\u00a0ajuda a fornecer produtos e servi\u00e7os e conte\u00fado personalizado;<\/li><li><strong>Desempenho:<\/strong>\u00a0ajuda a proporcionar a melhor experi\u00eancia poss\u00edvel, por exemplo, ajudando a rotear o tr\u00e1fego entre servidores e perceber com que velocidade o servi\u00e7o \u00e9 carregado para diferentes pessoas. Ocasionalmente, poder\u00e3o ser armazenadas informa\u00e7\u00f5es no navegador ou dispositivo para que os recursos em uso carreguem e respondam rapidamente.<\/li><\/ul><p><em>Para obter mais informa\u00e7\u00f5es sobre as op\u00e7\u00f5es que voc\u00ea tem sobre os cookies que usamos, veja a se\u00e7\u00e3o\u00a0<strong>Cookies de controle<\/strong>\u00a0abaixo<\/em>.<\/p><p><strong><em>Cookies<\/em>\u00a0de controle<\/strong><\/p><p>Os visitantes podem querer restringir o uso de cookies ou impedir completamente que sejam configurados.\u00a0A maioria dos navegadores fornece maneiras de controlar o comportamento dos cookies, como o per\u00edodo em que s\u00e3o armazenados \u2013 por meio de funcionalidade integrada ou utilizando plug-ins de terceiros.\u00a0Se voc\u00ea desabilitar os cookies,\u00a0<strong><em>esteja ciente de que alguns dos recursos do nosso servi\u00e7o podem n\u00e3o funcionar corretamente<\/em><\/strong>.<\/p><p>Para saber mais sobre como gerenciar e excluir cookies, veja a se\u00e7\u00e3o <strong>como<em> controlar cookies<\/em><\/strong>\u00a0abaixo.<\/p><p><strong>Tecnologias de rastreamento<\/strong><\/p><p>A EventoGYN poder\u00e1 utilizar outras tecnologias de rastreamento, como\u00a0<em>web beacons<\/em>\u00a0(\u00e0s vezes chamados de \u201cpixels de rastreamento\u201d, \u201cpixel tags\u201d ou \u201cgifs n\u00edtidos\u201d).\u00a0<\/p><p>Em muitos casos, essas tecnologias dependem dos\u00a0<em>cookies<\/em>\u00a0para funcionar corretamente.<\/p><p><strong>Disposi\u00e7\u00f5es finais<\/strong><\/p><p>Ao navegar no site do Evento e na plataforma EventoGYN contratada pela ABEn\u00a0para realiza\u00e7\u00e3o dos servi\u00e7os de tecnologia para eventos, voc\u00ea aceita todo o disposto nesta Pol\u00edtica e demais pol\u00edticas legais que se encontram vigentes na data de acesso.<\/p><p>Esta Pol\u00edtica de Cookies est\u00e1 sujeita a constante melhorias e aprimoramentos. Dessa forma, a ABEn\u00a0se reserva o direito de modific\u00e1-la a qualquer momento, bem como para adequa\u00e7\u00e3o e conformidade legal de disposi\u00e7\u00e3o de lei ou norma que tenha for\u00e7a jur\u00eddica equivalente, cabendo aos usu\u00e1rios verific\u00e1-la sempre que efetuar o acesso ao nosso site.<\/p><p>Sempre que poss\u00edvel, potenciais diverg\u00eancias entre o usu\u00e1rio (Participante) e a ABEn\u00a0ser\u00e3o resolvidas de forma amig\u00e1vel. Quando todos os esfor\u00e7os neste sentido forem esgotados, voc\u00ea concorda, desde j\u00e1, que fica eleito o foro da comarca de Goi\u00e2nia, no Estado de Goi\u00e1s, para resolver controv\u00e9rsias ou queixas oriundas da utiliza\u00e7\u00e3o de nossa plataforma ou relacionadas a esta Pol\u00edtica de Cookies.<\/p><p><strong>Entre em contato conosco<\/strong><\/p><p style=\"text-align: left;\">Se voc\u00ea tiver alguma d\u00favida sobre nosso uso de cookies, pode entrar em contato conosco em <strong><a href=\"mailto:senaden@eventosaben.org.br\">senaden@eventosaben.org.br<\/a><\/strong>\u00a0ou\u00a0<a href=\"mailto:privacidade@eventogyn.com.br\"><strong>privacidade@eventogyn.com.br<\/strong><\/a>.<\/p><p>Como controlar cookies em diferentes navegadores<\/p>\t\t\t\t\t\t<\/div>\n\t\t\t\t<\/div>\n\t\t\t\t\t<\/div>\n\t\t\t\t<\/div>\n\t\t<div class=\"elementor-element elementor-element-acc92c6 e-flex e-con-boxed e-con e-parent\" data-id=\"acc92c6\" data-element_type=\"container\">\n\t\t\t\t\t<div class=\"e-con-inner\">\n\t\t\t\t<div class=\"elementor-element elementor-element-4cd9fed4 elementor-widget elementor-widget-text-editor\" data-id=\"4cd9fed4\" data-element_type=\"widget\" data-widget_type=\"text-editor.default\">\n\t\t\t\t<div class=\"elementor-widget-container\">\n\t\t\t\t\t\t\t<h4 style=\"margin: 0cm;\"><span style=\"font-family: 'Arial',sans-serif;\">Como controlar cookies em diferentes navegadores<\/span><\/h4>\t\t\t\t\t\t<\/div>\n\t\t\t\t<\/div>\n\t\t\t\t\t<\/div>\n\t\t\t\t<\/div>\n\t\t<div class=\"elementor-element elementor-element-757fd69f e-flex e-con-boxed e-con e-parent\" data-id=\"757fd69f\" data-element_type=\"container\">\n\t\t\t\t\t<div class=\"e-con-inner\">\n\t\t\t\t<div class=\"elementor-element elementor-element-4b642f5 elementor-widget elementor-widget-accordion\" data-id=\"4b642f5\" data-element_type=\"widget\" data-widget_type=\"accordion.default\">\n\t\t\t\t<div class=\"elementor-widget-container\">\n\t\t\t\t\t<div class=\"elementor-accordion\">\n\t\t\t\t\t\t\t<div class=\"elementor-accordion-item\">\n\t\t\t\t\t<div id=\"elementor-tab-title-7901\" class=\"elementor-tab-title\" data-tab=\"1\" role=\"button\" aria-controls=\"elementor-tab-content-7901\" aria-expanded=\"false\">\n\t\t\t\t\t\t\t\t\t\t\t\t\t<span class=\"elementor-accordion-icon elementor-accordion-icon-left\" aria-hidden=\"true\">\n\t\t\t\t\t\t\t\t\t\t\t\t\t\t\t<span class=\"elementor-accordion-icon-closed\"><svg class=\"e-font-icon-svg e-fas-plus\" viewBox=\"0 0 448 512\" xmlns=\"http:\/\/www.w3.org\/2000\/svg\"><path d=\"M416 208H272V64c0-17.67-14.33-32-32-32h-32c-17.67 0-32 14.33-32 32v144H32c-17.67 0-32 14.33-32 32v32c0 17.67 14.33 32 32 32h144v144c0 17.67 14.33 32 32 32h32c17.67 0 32-14.33 32-32V304h144c17.67 0 32-14.33 32-32v-32c0-17.67-14.33-32-32-32z\"><\/path><\/svg><\/span>\n\t\t\t\t\t\t\t\t<span class=\"elementor-accordion-icon-opened\"><svg class=\"e-font-icon-svg e-fas-minus\" viewBox=\"0 0 448 512\" xmlns=\"http:\/\/www.w3.org\/2000\/svg\"><path d=\"M416 208H32c-17.67 0-32 14.33-32 32v32c0 17.67 14.33 32 32 32h384c17.67 0 32-14.33 32-32v-32c0-17.67-14.33-32-32-32z\"><\/path><\/svg><\/span>\n\t\t\t\t\t\t\t\t\t\t\t\t\t\t<\/span>\n\t\t\t\t\t\t\t\t\t\t\t\t<a class=\"elementor-accordion-title\" tabindex=\"0\">Como controlar Cookies em um PC Windows<\/a>\n\t\t\t\t\t<\/div>\n\t\t\t\t\t<div id=\"elementor-tab-content-7901\" class=\"elementor-tab-content elementor-clearfix\" data-tab=\"1\" role=\"region\" aria-labelledby=\"elementor-tab-title-7901\"><h4>Google Chrome<\/h4><p>Clique no menu \u201cFerramentas\u201d e selecione \u201cDefini\u00e7oes\u201d.\u00a0Localize a se\u00e7\u00e3o \u201cPrivacidade\u201d e escolha o bot\u00e3o \u201cConfigura\u00e7\u00f5es de conte\u00fado\u201d.\u00a0Clique na guia \u201cConfigura\u00e7\u00f5es de cookies\u201d e escolha suas configura\u00e7\u00f5es preferidas.\u00a0O Google Chrome permite todos os cookies por padr\u00e3o, mas voc\u00ea pode restringir o comportamento de cookies prim\u00e1rios e de terceiros ou at\u00e9 mesmo bloque\u00e1-los completamente.\u00a0Clique no bot\u00e3o Fechar quando terminar.<\/p><h4>Internet Explorer 8.0<\/h4><p>Escolha Ferramentas e Op\u00e7\u00f5es da Internet Clique na guia Privacidade Mova o controle deslizante para escolher suas configura\u00e7\u00f5es preferidas.\u00a0Para configura\u00e7\u00f5es de cookies mais especializadas, clique em Avan\u00e7ado, marque o bot\u00e3o \u2018Substituir manipula\u00e7\u00e3o de cookies\u2019 e modifique as configura\u00e7\u00f5es para atender \u00e0s suas necessidades.<\/p><h4>Internet Explorer 7.0<\/h4><p>Escolha Ferramentas e Op\u00e7\u00f5es da Internet Clique na guia Privacidade Mova o controle deslizante para escolher suas configura\u00e7\u00f5es preferidas.\u00a0A configura\u00e7\u00e3o padr\u00e3o \u00e9 m\u00e9dia e o menu permite que voc\u00ea selecione o n\u00edvel de \u201cfiltragem\u201d com base em (a) a fonte do cookie e (b) se a fonte tem uma pol\u00edtica de privacidade.\u00a0Para configura\u00e7\u00f5es de cookies mais especializadas, clique em Avan\u00e7ado<\/p><h4>Internet Explorer 6.0<\/h4><p>Escolha Ferramentas e Op\u00e7\u00f5es da Internet Clique na guia Privacidade Mova o controle deslizante para escolher suas configura\u00e7\u00f5es preferidas.\u00a0A configura\u00e7\u00e3o padr\u00e3o \u00e9 m\u00e9dia e o menu permite que voc\u00ea selecione o n\u00edvel de \u201cfiltragem\u201d com base em (a) a fonte do cookie e (b) se a fonte tem uma pol\u00edtica de privacidade.\u00a0Para configura\u00e7\u00f5es de cookies mais especializadas, clique em Avan\u00e7ado<\/p><h4>Internet Explorer 5.0<\/h4><p>Escolha Ferramentas e Op\u00e7\u00f5es da Internet Clique na guia Seguran\u00e7a Selecione Internet e, em seguida, N\u00edvel personalizado Escolha uma das op\u00e7\u00f5es<\/p><h4>Internet Explorer 4.0<\/h4><p>Escolha Exibir e Op\u00e7\u00f5es da Internet Clique na guia Avan\u00e7ado Role para baixo at\u00e9 o \u00edcone de exclama\u00e7\u00e3o amarelo em Seguran\u00e7a e escolha uma das tr\u00eas op\u00e7\u00f5es (aceitar ou rejeitar cookies ou avisar antes de aceitar cookies).<\/p><h4>Internet Explorer 3.0<\/h4><p>Escolha Exibir, Op\u00e7\u00f5es e Avan\u00e7ado.\u00a0Voc\u00ea pode clicar no comando Avisar antes de aceitar cookies.<\/p><h4>AOL 9.0<\/h4><p>Na barra de ferramentas AOL, selecione Configura\u00e7\u00f5es Selecione Op\u00e7\u00f5es da Internet [Web] Selecione Use as configura\u00e7\u00f5es do Internet Explorer para definir as op\u00e7\u00f5es avan\u00e7adas do navegador Selecione a guia Privacidade Selecione Avan\u00e7ado Desmarcar bot\u00e3o de anular tratamento autom\u00e1tico de cookies Clique em OK para sair.<\/p><h4>AOL 8.0<\/h4><p>Na barra de ferramentas AOL, selecione Configura\u00e7\u00f5es Selecione Prefer\u00eancias Selecione Propriedades da Internet (WWW) Selecione a guia Privacidade Selecione Avan\u00e7ado Desmarque bot\u00e3o substituir manipula\u00e7\u00e3o autom\u00e1tica de cookies Clique em OK para sair.<\/p><h4>AOL 7.0 com IE 6.x<\/h4><p>Na barra de ferramentas AOL, selecione Configura\u00e7\u00f5es Selecione Prefer\u00eancias Selecione Propriedades da Internet (WWW) Selecione a guia Privacidade Selecione Avan\u00e7ado Desmarque bot\u00e3o substituir manipula\u00e7\u00e3o autom\u00e1tica de cookies Clique em OK para sair.<\/p><h4>Mozilla<\/h4><p>Escolha Prefer\u00eancias no menu Editar.\u00a0Selecione Privacidade e seguran\u00e7a e, em seguida, selecione Cookies.\u00a0Escolha suas configura\u00e7\u00f5es preferidas.<\/p><h4>Mozilla Firebird 0.7<\/h4><p>Clique em Ferramentas e em Op\u00e7\u00f5es. Selecione o \u00edcone Privacidade no painel esquerdo. Clique em Cookies.\u00a0Escolha suas configura\u00e7\u00f5es preferidas.<\/p><h4>Mozilla Firefox 1.0<\/h4><p>Clique em Ferramentas e em Op\u00e7\u00f5es. Selecione o \u00edcone Privacidade no painel esquerdo. Clique em Cookies.\u00a0Escolha suas configura\u00e7\u00f5es preferidas.<\/p><h4>Mozilla Firefox 1.5<\/h4><p>Clique em Ferramentas e em Op\u00e7\u00f5es (ou Editar | Prefer\u00eancias no Linux) Selecione o \u00edcone Privacidade no painel esquerdo. Clique em Cookies.\u00a0Escolha suas configura\u00e7\u00f5es preferidas (voc\u00ea pode configurar quais sites t\u00eam permiss\u00e3o para definir cookies, por quanto tempo mant\u00ea-los e visualizar e gerenciar os cookies existentes).<\/p><h4>Mozilla Firefox 2.0<\/h4><p>Clique em Ferramentas e em Op\u00e7\u00f5es (ou Editar | Prefer\u00eancias no Linux) Selecione o \u00edcone Privacidade no painel esquerdo. Clique em Cookies.\u00a0Escolha suas configura\u00e7\u00f5es preferidas.\u00a0Observe que a op\u00e7\u00e3o de bloquear cookies de terceiros foi removida da interface do usu\u00e1rio do Firefox 2.\u00a0Os usu\u00e1rios do Firefox 2 que desejam limitar os cookies permitidos aos definidos pelo site de origem podem usar about: config para modificar a prefer\u00eancia network.cookie.cookieBehavior para \u201c1\u201d.\u00a0Para modificar esta propriedade, simplesmente digite \u201cabout: config\u201d (sem aspas) na barra de localiza\u00e7\u00e3o, pressione Enter e modifique o valor na p\u00e1gina resultante.\u00a0Outras op\u00e7\u00f5es para a prefer\u00eancia network.cookie.cookieBehavior s\u00e3o definidas abaixo:\u00a0\u201c0\u201d Todos os cookies s\u00e3o permitidos.\u00a0(Padr\u00e3o) \u201c1\u201d Apenas cookies do servidor de origem s\u00e3o permitidos.\u00a0\u201c2\u201d N\u00e3o s\u00e3o permitidos cookies.<\/p><h4>Mozilla Firefox 3.0<\/h4><p>Clique em Ferramentas e em Op\u00e7\u00f5es (ou Editar | Prefer\u00eancias no Linux) Selecione Privacidade Selecione Cookies.\u00a0Escolha suas configura\u00e7\u00f5es preferidas (voc\u00ea pode configurar quais sites t\u00eam permiss\u00e3o para definir cookies, por quanto tempo mant\u00ea-los e visualizar e gerenciar os cookies existentes).<\/p><h4>Netscape Navigator 7<\/h4><p>Escolha Prefer\u00eancias no menu Editar.\u00a0Selecione Privacidade e seguran\u00e7a e, em seguida, selecione Cookies.\u00a0Escolha suas configura\u00e7\u00f5es preferidas.<\/p><h4>Netscape Navigator 6<\/h4><p>Escolha Prefer\u00eancias no menu Editar.\u00a0Selecione Privacidade e seguran\u00e7a e, em seguida, selecione Cookies.\u00a0Escolha suas configura\u00e7\u00f5es preferidas.<\/p><h4>Netscape Navigator 4<\/h4><p>V\u00e1 para a barra de tarefas e clique em Editar.\u00a0Clique em Prefer\u00eancias e Avan\u00e7ado e escolha suas op\u00e7\u00f5es na caixa Cookies.<\/p><h4>Deepnet Explorer<\/h4><p>Clique em Ferramentas e selecione Gerenciador de Cookies.\u00a0Aqui voc\u00ea poder\u00e1 acessar v\u00e1rios aspectos do Cookie Manager.<\/p><h4>Deepnet Explorer 1.1+<\/h4><p>Escolha Limpar no menu Ferramentas Escolha Limpar Cookies Todos os cookies ser\u00e3o removidos.<\/p><h4>Deepnet Explorer 1.5.3 (BETA 3)<\/h4><p>Escolha as ferramentas Clique em Op\u00e7\u00f5es do navegador da web O filtro de cookies fornece controle sobre a lista negra e a lista branca e o Gerenciador de cookies fornece informa\u00e7\u00f5es sobre todos os cookies em seu PC.<\/p><h4>Opera (Windows e UNIX)<\/h4><p>V\u00e1 para Ferramentas no menu principal V\u00e1 para Prefer\u00eancias na parte inferior do menu Arquivo (ou pressione Alt + P para acess\u00e1-los diretamente).\u00a0Clique em Privacidade e selecione uma das op\u00e7\u00f5es dispon\u00edveis.\u00a0Al\u00e9m de escolher configura\u00e7\u00f5es diferentes para cookies prim\u00e1rios (\u201cnormais\u201d) e de terceiros, voc\u00ea pode editar as configura\u00e7\u00f5es de cookies por dom\u00ednio \/ servidor ou mesmo editar cookies individuais clicando no bot\u00e3o \u201cGerenciar cookies\u201d.<\/p><\/div>\n\t\t\t\t<\/div>\n\t\t\t\t\t\t\t<div class=\"elementor-accordion-item\">\n\t\t\t\t\t<div id=\"elementor-tab-title-7902\" class=\"elementor-tab-title\" data-tab=\"2\" role=\"button\" aria-controls=\"elementor-tab-content-7902\" aria-expanded=\"false\">\n\t\t\t\t\t\t\t\t\t\t\t\t\t<span class=\"elementor-accordion-icon elementor-accordion-icon-left\" aria-hidden=\"true\">\n\t\t\t\t\t\t\t\t\t\t\t\t\t\t\t<span class=\"elementor-accordion-icon-closed\"><svg class=\"e-font-icon-svg e-fas-plus\" viewBox=\"0 0 448 512\" xmlns=\"http:\/\/www.w3.org\/2000\/svg\"><path d=\"M416 208H272V64c0-17.67-14.33-32-32-32h-32c-17.67 0-32 14.33-32 32v144H32c-17.67 0-32 14.33-32 32v32c0 17.67 14.33 32 32 32h144v144c0 17.67 14.33 32 32 32h32c17.67 0 32-14.33 32-32V304h144c17.67 0 32-14.33 32-32v-32c0-17.67-14.33-32-32-32z\"><\/path><\/svg><\/span>\n\t\t\t\t\t\t\t\t<span class=\"elementor-accordion-icon-opened\"><svg class=\"e-font-icon-svg e-fas-minus\" viewBox=\"0 0 448 512\" xmlns=\"http:\/\/www.w3.org\/2000\/svg\"><path d=\"M416 208H32c-17.67 0-32 14.33-32 32v32c0 17.67 14.33 32 32 32h384c17.67 0 32-14.33 32-32v-32c0-17.67-14.33-32-32-32z\"><\/path><\/svg><\/span>\n\t\t\t\t\t\t\t\t\t\t\t\t\t\t<\/span>\n\t\t\t\t\t\t\t\t\t\t\t\t<a class=\"elementor-accordion-title\" tabindex=\"0\">Como controlar Cookies em um Apple Macintosh<\/a>\n\t\t\t\t\t<\/div>\n\t\t\t\t\t<div id=\"elementor-tab-content-7902\" class=\"elementor-tab-content elementor-clearfix\" data-tab=\"2\" role=\"region\" aria-labelledby=\"elementor-tab-title-7902\"><h4>Internet Explorer 5 (MacOS X)<\/h4><p>Escolha Prefer\u00eancias no menu do Explorer Selecione op\u00e7\u00f5es de recebimento de arquivos Selecione Cookies Escolha suas configura\u00e7\u00f5es preferidas<\/p><h4>Internet Explorer 5 (MacOS 9)<\/h4><p>Escolha Prefer\u00eancias no menu Editar Selecione op\u00e7\u00f5es de recebimento de arquivos Selecione Cookies Escolha suas configura\u00e7\u00f5es preferidas<\/p><h4>Mozilla<\/h4><p>Escolha Prefer\u00eancias no menu Editar.\u00a0Selecione Privacidade e seguran\u00e7a e, em seguida, selecione Cookies.\u00a0Escolha suas configura\u00e7\u00f5es preferidas.<\/p><h4>Netscape Navigator 7<\/h4><p>Escolha Prefer\u00eancias no menu Editar.\u00a0Selecione Privacidade e seguran\u00e7a e, em seguida, selecione Cookies.\u00a0Escolha suas configura\u00e7\u00f5es preferidas.<\/p><h4>Netscape Navigator 6<\/h4><p>Escolha Prefer\u00eancias no menu Editar.\u00a0Selecione Privacidade e seguran\u00e7a e, em seguida, selecione Cookies.\u00a0Escolha suas configura\u00e7\u00f5es preferidas.<\/p><h4>Safari 1.0 (MacOS X)<\/h4><p>Escolha Prefer\u00eancias no menu Safari Selecione o \u00edcone de seguran\u00e7a As configura\u00e7\u00f5es de cookies s\u00e3o mostradas na janela Escolha suas configura\u00e7\u00f5es preferidas<\/p><h4>\u00d3pera<\/h4><p>V\u00e1 para o Opera no menu principal e selecione Prefer\u00eancias (ou pressione Alt + P para acess\u00e1-los diretamente) Selecione Privacidade Al\u00e9m de escolher configura\u00e7\u00f5es diferentes para cookies prim\u00e1rios (normais) e de terceiros, voc\u00ea pode editar as configura\u00e7\u00f5es de cookies em um dom\u00ednio \/ servidor ou at\u00e9 mesmo editar cookies individuais clicando no bot\u00e3o Gerenciar cookies.<\/p><\/div>\n\t\t\t\t<\/div>\n\t\t\t\t\t\t\t\t<\/div>\n\t\t\t\t<\/div>\n\t\t\t\t<\/div>\n\t\t\t\t\t<\/div>\n\t\t\t\t<\/div>\n\t\t\t\t<\/div>\n\t\t","protected":false},"excerpt":{"rendered":"<p>Atualizado em: 10 de fevereiro de 2024 10:47:32 AM Pol\u00edtica de Cookies Esta pol\u00edtica explica especificamente como n\u00f3s, nossos parceiros e usu\u00e1rios de nossos servi\u00e7os implementamos cookies, bem como as op\u00e7\u00f5es que voc\u00ea tem para control\u00e1-los. O que s\u00e3o\u00a0cookies? Cookies s\u00e3o pequenos peda\u00e7os de dados, armazenados em arquivos de texto, que s\u00e3o armazenados em seu [&hellip;]<\/p>\n","protected":false},"author":1,"featured_media":0,"parent":0,"menu_order":0,"comment_status":"closed","ping_status":"closed","template":"elementor_header_footer","meta":{"_joinchat":[],"footnotes":""},"class_list":["post-481","page","type-page","status-publish","hentry"],"aioseo_notices":[],"_links":{"self":[{"href":"https:\/\/eventosaben.org.br\/19senaden\/wp-json\/wp\/v2\/pages\/481"}],"collection":[{"href":"https:\/\/eventosaben.org.br\/19senaden\/wp-json\/wp\/v2\/pages"}],"about":[{"href":"https:\/\/eventosaben.org.br\/19senaden\/wp-json\/wp\/v2\/types\/page"}],"author":[{"embeddable":true,"href":"https:\/\/eventosaben.org.br\/19senaden\/wp-json\/wp\/v2\/users\/1"}],"replies":[{"embeddable":true,"href":"https:\/\/eventosaben.org.br\/19senaden\/wp-json\/wp\/v2\/comments?post=481"}],"version-history":[{"count":19,"href":"https:\/\/eventosaben.org.br\/19senaden\/wp-json\/wp\/v2\/pages\/481\/revisions"}],"predecessor-version":[{"id":727,"href":"https:\/\/eventosaben.org.br\/19senaden\/wp-json\/wp\/v2\/pages\/481\/revisions\/727"}],"wp:attachment":[{"href":"https:\/\/eventosaben.org.br\/19senaden\/wp-json\/wp\/v2\/media?parent=481"}],"curies":[{"name":"wp","href":"https:\/\/api.w.org\/{rel}","templated":true}]}}