{"id":31,"date":"2023-12-19T16:35:56","date_gmt":"2023-12-19T19:35:56","guid":{"rendered":"https:\/\/ccmed.com.br\/sepse\/?page_id=31"},"modified":"2024-05-18T13:43:54","modified_gmt":"2024-05-18T16:43:54","slug":"contato","status":"publish","type":"page","link":"https:\/\/eventosaben.org.br\/19senaden\/contato\/","title":{"rendered":"Contato"},"content":{"rendered":"\t\t<div data-elementor-type=\"wp-page\" data-elementor-id=\"31\" class=\"elementor elementor-31\" data-elementor-post-type=\"page\">\n\t\t\t\t<div class=\"elementor-element elementor-element-66699e14 e-flex e-con-boxed e-con e-parent\" data-id=\"66699e14\" data-element_type=\"container\" data-settings=\"{&quot;background_background&quot;:&quot;classic&quot;}\">\n\t\t\t\t\t<div class=\"e-con-inner\">\n\t\t\t\t\t<\/div>\n\t\t\t\t<\/div>\n\t\t<div class=\"elementor-element elementor-element-32244092 e-flex e-con-boxed e-con e-parent\" data-id=\"32244092\" data-element_type=\"container\">\n\t\t\t\t\t<div class=\"e-con-inner\">\n\t\t\t\t\t<\/div>\n\t\t\t\t<\/div>\n\t\t\t\t<section class=\"elementor-section elementor-top-section elementor-element elementor-element-4776d15f elementor-section-boxed elementor-section-height-default elementor-section-height-default\" data-id=\"4776d15f\" data-element_type=\"section\">\n\t\t\t\t\t\t<div class=\"elementor-container elementor-column-gap-default\">\n\t\t\t\t\t<div class=\"elementor-column elementor-col-100 elementor-top-column elementor-element elementor-element-7510651\" data-id=\"7510651\" data-element_type=\"column\">\n\t\t\t<div class=\"elementor-widget-wrap elementor-element-populated\">\n\t\t\t\t\t\t<div class=\"elementor-element elementor-element-e5ebd3c elementor-widget elementor-widget-text-editor\" data-id=\"e5ebd3c\" data-element_type=\"widget\" data-widget_type=\"text-editor.default\">\n\t\t\t\t<div class=\"elementor-widget-container\">\n\t\t\t\t\t\t\t<p>Obrigado pelo interesse em falar com a equipe de organiza\u00e7\u00e3o do evento.<\/p><p>Para falar conosco, envie e-mail ou fale em um dos telefones abaixo, conforme sua necessidade.<\/p><p style=\"text-align: left;\"><strong>INFORMA\u00c7\u00d5ES COMERCIAIS:<\/strong><br \/>Renara Cardoso<br \/>Telefone: (62) 99259-7729<br \/>Email: comercial@gcreventosgo.com.br<\/p><p style=\"text-align: left;\"><strong>INFORMA\u00c7\u00d5ES DE TRABALHOS CIENT\u00cdFICOS E PROGRAMA\u00c7\u00c3O CIENT\u00cdFICA:<\/strong><br \/>Isabella Justiniano<br \/>Telefone: (62) 99572-3257<br \/>Email: cientifico@gcreventosgo.com.br<\/p><p style=\"text-align: left;\"><strong>INFORMA\u00c7\u00d5ES GERAIS:<\/strong><br \/>Gretty Resende<br \/>Telefone: (62) 98504-2555<br \/>Email: gretty@gcreventosgo.com.br<\/p>\t\t\t\t\t\t<\/div>\n\t\t\t\t<\/div>\n\t\t\t\t\t<\/div>\n\t\t<\/div>\n\t\t\t\t\t<\/div>\n\t\t<\/section>\n\t\t\t\t<\/div>\n\t\t","protected":false},"excerpt":{"rendered":"<p>Obrigado pelo interesse em falar com a equipe de organiza\u00e7\u00e3o do evento. Para falar conosco, envie e-mail ou fale em um dos telefones abaixo, conforme sua necessidade. INFORMA\u00c7\u00d5ES COMERCIAIS:Renara CardosoTelefone: (62) 99259-7729Email: comercial@gcreventosgo.com.br INFORMA\u00c7\u00d5ES DE TRABALHOS CIENT\u00cdFICOS E PROGRAMA\u00c7\u00c3O CIENT\u00cdFICA:Isabella JustinianoTelefone: (62) 99572-3257Email: cientifico@gcreventosgo.com.br INFORMA\u00c7\u00d5ES GERAIS:Gretty ResendeTelefone: (62) 98504-2555Email: gretty@gcreventosgo.com.br<\/p>\n","protected":false},"author":1,"featured_media":0,"parent":0,"menu_order":0,"comment_status":"closed","ping_status":"closed","template":"elementor_header_footer","meta":{"_joinchat":[],"footnotes":""},"class_list":["post-31","page","type-page","status-publish","hentry"],"aioseo_notices":[],"_links":{"self":[{"href":"https:\/\/eventosaben.org.br\/19senaden\/wp-json\/wp\/v2\/pages\/31"}],"collection":[{"href":"https:\/\/eventosaben.org.br\/19senaden\/wp-json\/wp\/v2\/pages"}],"about":[{"href":"https:\/\/eventosaben.org.br\/19senaden\/wp-json\/wp\/v2\/types\/page"}],"author":[{"embeddable":true,"href":"https:\/\/eventosaben.org.br\/19senaden\/wp-json\/wp\/v2\/users\/1"}],"replies":[{"embeddable":true,"href":"https:\/\/eventosaben.org.br\/19senaden\/wp-json\/wp\/v2\/comments?post=31"}],"version-history":[{"count":25,"href":"https:\/\/eventosaben.org.br\/19senaden\/wp-json\/wp\/v2\/pages\/31\/revisions"}],"predecessor-version":[{"id":1136,"href":"https:\/\/eventosaben.org.br\/19senaden\/wp-json\/wp\/v2\/pages\/31\/revisions\/1136"}],"wp:attachment":[{"href":"https:\/\/eventosaben.org.br\/19senaden\/wp-json\/wp\/v2\/media?parent=31"}],"curies":[{"name":"wp","href":"https:\/\/api.w.org\/{rel}","templated":true}]}}