{"id":15,"date":"2023-12-19T16:32:58","date_gmt":"2023-12-19T19:32:58","guid":{"rendered":"https:\/\/ccmed.com.br\/sepse\/?page_id=15"},"modified":"2024-02-18T21:39:19","modified_gmt":"2024-02-19T00:39:19","slug":"comissao-cientifica","status":"publish","type":"page","link":"https:\/\/eventosaben.org.br\/19senaden\/comissao-cientifica\/","title":{"rendered":"Comiss\u00e3o Cient\u00edfica"},"content":{"rendered":"\t\t<div data-elementor-type=\"wp-page\" data-elementor-id=\"15\" class=\"elementor elementor-15\" data-elementor-post-type=\"page\">\n\t\t\t\t<div class=\"elementor-element elementor-element-6350919a e-flex e-con-boxed e-con e-parent\" data-id=\"6350919a\" data-element_type=\"container\" data-settings=\"{&quot;background_background&quot;:&quot;classic&quot;}\">\n\t\t\t\t\t<div class=\"e-con-inner\">\n\t\t\t\t\t<\/div>\n\t\t\t\t<\/div>\n\t\t<div class=\"elementor-element elementor-element-d76ad0f elementor-hidden-desktop elementor-hidden-tablet elementor-hidden-mobile e-flex e-con-boxed e-con e-parent\" data-id=\"d76ad0f\" data-element_type=\"container\">\n\t\t\t\t\t<div class=\"e-con-inner\">\n\t\t<div class=\"elementor-element elementor-element-e96614b e-con-full e-flex e-con e-child\" data-id=\"e96614b\" data-element_type=\"container\">\n\t\t\t\t<div class=\"elementor-element elementor-element-226f409 elementor-widget elementor-widget-elementskit-team\" data-id=\"226f409\" data-element_type=\"widget\" data-widget_type=\"elementskit-team.default\">\n\t\t\t\t<div class=\"elementor-widget-container\">\n\t\t\t<div class=\"ekit-wid-con\">\t\t\t\t\t\t\t\t\n\t\t<div class=\"profile-card elementor-animation- text-center ekit-team-style-default\">\n\t\t\t\t\t\t\t<a aria-label=\"profile\" href=\"javascript:void(0)\" data-mfp-src=\"#ekit_team_modal_226f409_15\" class=\"ekit-team-popup\">\n\t\t\t\n\t\t\t\t<div class=\"profile-header ekit-team-img ekit-img-overlay ekit-team-img-block\"  data-toggle=\"modal\" data-target=\"ekit_team_modal_#226f409_15\" >\n\t\t\t\t\t<img fetchpriority=\"high\" decoding=\"async\" width=\"800\" height=\"800\" src=\"https:\/\/eventosaben.org.br\/19senaden\/wp-content\/uploads\/2023\/12\/Alexandre-Biasi-foto.jpg\" class=\"attachment-large size-large wp-image-193\" alt=\"\" srcset=\"https:\/\/eventosaben.org.br\/19senaden\/wp-content\/uploads\/2023\/12\/Alexandre-Biasi-foto.jpg 800w, https:\/\/eventosaben.org.br\/19senaden\/wp-content\/uploads\/2023\/12\/Alexandre-Biasi-foto-300x300.jpg 300w, https:\/\/eventosaben.org.br\/19senaden\/wp-content\/uploads\/2023\/12\/Alexandre-Biasi-foto-150x150.jpg 150w, https:\/\/eventosaben.org.br\/19senaden\/wp-content\/uploads\/2023\/12\/Alexandre-Biasi-foto-768x768.jpg 768w\" sizes=\"(max-width: 800px) 100vw, 800px\" \/>\t\t\t\t<\/div><!-- .profile-header END -->\n\t\t\t\t\t\t\t<\/a>\n\t\t\t\n\n\t\t\t\t<div class=\"profile-body\">\n\t\t\t\t\t\n\t\t\t\t\t<h2 class=\"profile-title\">\n\t\t\t\t\t\t\t\t\t\t\t<a aria-label=\"profile\" href=\"javascript:void(0)\" data-mfp-src=\"#ekit_team_modal_226f409_15\" class=\"ekit-team-popup\">\n\t\t\t\t\t\tAlexandre Biasi Cavalcanti\t\t\t\t\t\t<\/a>\n\t\t\t\t\t\t\t\t\t\t\t<\/h2>\n\t\t\t\t\t<p class=\"profile-designation\">Ver curr\u00edculo<\/p>\n\t\t\t\t\t\t\t\t\t<\/div><!-- .profile-body END -->\n\n\t\t\t\t\t\t\t\t<\/div>\n\t\t\t\t\t\t\t\n\t\t\t\n\t\t\t\t\t<div class=\"zoom-anim-dialog mfp-hide elementskit-team-popup team-popup-id-226f409\" id=\"ekit_team_modal_226f409_15\" tabindex=\"-1\" role=\"dialog\" aria-hidden=\"true\">\n\t\t\t\t<div class=\"modal-dialog modal-dialog-centered\" role=\"document\">\n\t\t\t\t\t<div class=\"modal-content\">\n\t\t\t\t\t\t<button type=\"button\" class=\"ekit-team-modal-close\">\n\t\t\t\t\t\t\t<svg aria-hidden=\"true\" class=\"e-font-icon-svg e-fas-times\" viewBox=\"0 0 352 512\" xmlns=\"http:\/\/www.w3.org\/2000\/svg\"><path d=\"M242.72 256l100.07-100.07c12.28-12.28 12.28-32.19 0-44.48l-22.24-22.24c-12.28-12.28-32.19-12.28-44.48 0L176 189.28 75.93 89.21c-12.28-12.28-32.19-12.28-44.48 0L9.21 111.45c-12.28 12.28-12.28 32.19 0 44.48L109.28 256 9.21 356.07c-12.28 12.28-12.28 32.19 0 44.48l22.24 22.24c12.28 12.28 32.2 12.28 44.48 0L176 322.72l100.07 100.07c12.28 12.28 32.2 12.28 44.48 0l22.24-22.24c12.28-12.28 12.28-32.19 0-44.48L242.72 256z\"><\/path><\/svg>\t\t\t\t\t\t<\/button>\n\n\t\t\t\t\t\t<div class=\"modal-body\">\n\t\t\t\t\t\t\t\t\t\t\t\t\t\t\t<div class=\"ekit-team-modal-img\">\n\t\t\t\t\t\t\t\t\t<img fetchpriority=\"high\" decoding=\"async\" width=\"800\" height=\"800\" src=\"https:\/\/eventosaben.org.br\/19senaden\/wp-content\/uploads\/2023\/12\/Alexandre-Biasi-foto.jpg\" class=\"attachment-large size-large wp-image-193\" alt=\"\" srcset=\"https:\/\/eventosaben.org.br\/19senaden\/wp-content\/uploads\/2023\/12\/Alexandre-Biasi-foto.jpg 800w, https:\/\/eventosaben.org.br\/19senaden\/wp-content\/uploads\/2023\/12\/Alexandre-Biasi-foto-300x300.jpg 300w, https:\/\/eventosaben.org.br\/19senaden\/wp-content\/uploads\/2023\/12\/Alexandre-Biasi-foto-150x150.jpg 150w, https:\/\/eventosaben.org.br\/19senaden\/wp-content\/uploads\/2023\/12\/Alexandre-Biasi-foto-768x768.jpg 768w\" sizes=\"(max-width: 800px) 100vw, 800px\" \/>\t\t\t\t\t\t\t\t<\/div>\n\t\t\t\t\t\t\t\n\t\t\t\t\t\t\t<div class=\"ekit-team-modal-info has-img\">\n\t\t\t\t\t\t\t\t<h2 class=\"ekit-team-modal-title\">Alexandre Biasi Cavalcanti<\/h2>\n\t\t\t\t\t\t\t\t<p class=\"ekit-team-modal-position\">Ver curr\u00edculo<\/p>\n\n\t\t\t\t\t\t\t\t<div class=\"ekit-team-modal-content\">\n\t\t\t\t\t\t\t\t\tSuperintendente de Ensino e Pesquisa Hcor<br \/>\nOrientador P\u00f3s-Gradua\u00e7\u00e3o Programa ACCEPT - FMUSP\t\t\t\t\t\t\t\t<\/div>\n\n\t\t\t\t\t\t\t\t\n\t\t\t\t\t\t\t\t\t\t\t\t\t\t\t<\/div>\n\t\t\t\t\t\t<\/div>\n\t\t\t\t\t<\/div>\n\t\t\t\t<\/div>\n\t\t\t<\/div>\n\t\t\t\t<\/div>\t\t<\/div>\n\t\t\t\t<\/div>\n\t\t\t\t<\/div>\n\t\t<div class=\"elementor-element elementor-element-89e08f6 e-con-full e-flex e-con e-child\" data-id=\"89e08f6\" data-element_type=\"container\">\n\t\t\t\t<div class=\"elementor-element elementor-element-5250e84 elementor-widget elementor-widget-elementskit-team\" data-id=\"5250e84\" data-element_type=\"widget\" data-widget_type=\"elementskit-team.default\">\n\t\t\t\t<div class=\"elementor-widget-container\">\n\t\t\t<div class=\"ekit-wid-con\">\t\t\t\t\t\t\t\t\n\t\t<div class=\"profile-card elementor-animation- text-center ekit-team-style-default\">\n\t\t\t\t\t\t\t<a aria-label=\"profile\" href=\"javascript:void(0)\" data-mfp-src=\"#ekit_team_modal_5250e84_15\" class=\"ekit-team-popup\">\n\t\t\t\n\t\t\t\t<div class=\"profile-header ekit-team-img ekit-img-overlay ekit-team-img-block\"  data-toggle=\"modal\" data-target=\"ekit_team_modal_#5250e84_15\" >\n\t\t\t\t\t<img decoding=\"async\" width=\"450\" height=\"450\" src=\"https:\/\/eventosaben.org.br\/19senaden\/wp-content\/uploads\/2023\/12\/Cintia-Grion-foto.png\" class=\"attachment-large size-large wp-image-197\" alt=\"\" srcset=\"https:\/\/eventosaben.org.br\/19senaden\/wp-content\/uploads\/2023\/12\/Cintia-Grion-foto.png 450w, https:\/\/eventosaben.org.br\/19senaden\/wp-content\/uploads\/2023\/12\/Cintia-Grion-foto-300x300.png 300w, https:\/\/eventosaben.org.br\/19senaden\/wp-content\/uploads\/2023\/12\/Cintia-Grion-foto-150x150.png 150w\" sizes=\"(max-width: 450px) 100vw, 450px\" \/>\t\t\t\t<\/div><!-- .profile-header END -->\n\t\t\t\t\t\t\t<\/a>\n\t\t\t\n\n\t\t\t\t<div class=\"profile-body\">\n\t\t\t\t\t\n\t\t\t\t\t<h2 class=\"profile-title\">\n\t\t\t\t\t\t\t\t\t\t\t<a aria-label=\"profile\" href=\"javascript:void(0)\" data-mfp-src=\"#ekit_team_modal_5250e84_15\" class=\"ekit-team-popup\">\n\t\t\t\t\t\tCintia Magalh\u00e3es Carvalho Grion\t\t\t\t\t\t<\/a>\n\t\t\t\t\t\t\t\t\t\t\t<\/h2>\n\t\t\t\t\t<p class=\"profile-designation\">Ver curr\u00edculo<\/p>\n\t\t\t\t\t\t\t\t\t<\/div><!-- .profile-body END -->\n\n\t\t\t\t\t\t\t\t<\/div>\n\t\t\t\t\t\t\t\n\t\t\t\n\t\t\t\t\t<div class=\"zoom-anim-dialog mfp-hide elementskit-team-popup team-popup-id-5250e84\" id=\"ekit_team_modal_5250e84_15\" tabindex=\"-1\" role=\"dialog\" aria-hidden=\"true\">\n\t\t\t\t<div class=\"modal-dialog modal-dialog-centered\" role=\"document\">\n\t\t\t\t\t<div class=\"modal-content\">\n\t\t\t\t\t\t<button type=\"button\" class=\"ekit-team-modal-close\">\n\t\t\t\t\t\t\t<svg aria-hidden=\"true\" class=\"e-font-icon-svg e-fas-times\" viewBox=\"0 0 352 512\" xmlns=\"http:\/\/www.w3.org\/2000\/svg\"><path d=\"M242.72 256l100.07-100.07c12.28-12.28 12.28-32.19 0-44.48l-22.24-22.24c-12.28-12.28-32.19-12.28-44.48 0L176 189.28 75.93 89.21c-12.28-12.28-32.19-12.28-44.48 0L9.21 111.45c-12.28 12.28-12.28 32.19 0 44.48L109.28 256 9.21 356.07c-12.28 12.28-12.28 32.19 0 44.48l22.24 22.24c12.28 12.28 32.2 12.28 44.48 0L176 322.72l100.07 100.07c12.28 12.28 32.2 12.28 44.48 0l22.24-22.24c12.28-12.28 12.28-32.19 0-44.48L242.72 256z\"><\/path><\/svg>\t\t\t\t\t\t<\/button>\n\n\t\t\t\t\t\t<div class=\"modal-body\">\n\t\t\t\t\t\t\t\t\t\t\t\t\t\t\t<div class=\"ekit-team-modal-img\">\n\t\t\t\t\t\t\t\t\t<img decoding=\"async\" width=\"450\" height=\"450\" src=\"https:\/\/eventosaben.org.br\/19senaden\/wp-content\/uploads\/2023\/12\/Cintia-Grion-foto.png\" class=\"attachment-large size-large wp-image-197\" alt=\"\" srcset=\"https:\/\/eventosaben.org.br\/19senaden\/wp-content\/uploads\/2023\/12\/Cintia-Grion-foto.png 450w, https:\/\/eventosaben.org.br\/19senaden\/wp-content\/uploads\/2023\/12\/Cintia-Grion-foto-300x300.png 300w, https:\/\/eventosaben.org.br\/19senaden\/wp-content\/uploads\/2023\/12\/Cintia-Grion-foto-150x150.png 150w\" sizes=\"(max-width: 450px) 100vw, 450px\" \/>\t\t\t\t\t\t\t\t<\/div>\n\t\t\t\t\t\t\t\n\t\t\t\t\t\t\t<div class=\"ekit-team-modal-info has-img\">\n\t\t\t\t\t\t\t\t<h2 class=\"ekit-team-modal-title\">Cintia Magalh\u00e3es Carvalho Grion<\/h2>\n\t\t\t\t\t\t\t\t<p class=\"ekit-team-modal-position\">Ver curr\u00edculo<\/p>\n\n\t\t\t\t\t\t\t\t<div class=\"ekit-team-modal-content\">\n\t\t\t\t\t\t\t\t\tM\u00e9dica Intensivista pela AMIB<br \/>\nProfessora S\u00eanior do programa de p\u00f3s-gradua\u00e7\u00e3o Ci\u00eancias da Sa\u00fade da Universidade Estadual de Londrina<br \/>\nMembro da Comiss\u00e3o de Forma\u00e7\u00e3o do Intensivista AMIB\n\t\t\t\t\t\t\t\t<\/div>\n\n\t\t\t\t\t\t\t\t\n\t\t\t\t\t\t\t\t\t\t\t\t\t\t\t<\/div>\n\t\t\t\t\t\t<\/div>\n\t\t\t\t\t<\/div>\n\t\t\t\t<\/div>\n\t\t\t<\/div>\n\t\t\t\t<\/div>\t\t<\/div>\n\t\t\t\t<\/div>\n\t\t\t\t<\/div>\n\t\t<div class=\"elementor-element elementor-element-a4c5898 e-con-full e-flex e-con e-child\" data-id=\"a4c5898\" data-element_type=\"container\">\n\t\t\t\t<div class=\"elementor-element elementor-element-b7c1e17 elementor-widget elementor-widget-elementskit-team\" data-id=\"b7c1e17\" data-element_type=\"widget\" data-widget_type=\"elementskit-team.default\">\n\t\t\t\t<div class=\"elementor-widget-container\">\n\t\t\t<div class=\"ekit-wid-con\">\t\t\t\t\t\t\t\t\n\t\t<div class=\"profile-card elementor-animation- text-center ekit-team-style-default\">\n\t\t\t\t\t\t\t<a aria-label=\"profile\" href=\"javascript:void(0)\" data-mfp-src=\"#ekit_team_modal_b7c1e17_15\" class=\"ekit-team-popup\">\n\t\t\t\n\t\t\t\t<div class=\"profile-header ekit-team-img ekit-img-overlay ekit-team-img-block\"  data-toggle=\"modal\" data-target=\"ekit_team_modal_#b7c1e17_15\" >\n\t\t\t\t\t<img decoding=\"async\" width=\"800\" height=\"800\" src=\"https:\/\/eventosaben.org.br\/19senaden\/wp-content\/uploads\/2023\/12\/Claudio-Flauzino-foto.jpg\" class=\"attachment-large size-large wp-image-201\" alt=\"\" srcset=\"https:\/\/eventosaben.org.br\/19senaden\/wp-content\/uploads\/2023\/12\/Claudio-Flauzino-foto.jpg 800w, https:\/\/eventosaben.org.br\/19senaden\/wp-content\/uploads\/2023\/12\/Claudio-Flauzino-foto-300x300.jpg 300w, https:\/\/eventosaben.org.br\/19senaden\/wp-content\/uploads\/2023\/12\/Claudio-Flauzino-foto-150x150.jpg 150w, https:\/\/eventosaben.org.br\/19senaden\/wp-content\/uploads\/2023\/12\/Claudio-Flauzino-foto-768x768.jpg 768w\" sizes=\"(max-width: 800px) 100vw, 800px\" \/>\t\t\t\t<\/div><!-- .profile-header END -->\n\t\t\t\t\t\t\t<\/a>\n\t\t\t\n\n\t\t\t\t<div class=\"profile-body\">\n\t\t\t\t\t\n\t\t\t\t\t<h2 class=\"profile-title\">\n\t\t\t\t\t\t\t\t\t\t\t<a aria-label=\"profile\" href=\"javascript:void(0)\" data-mfp-src=\"#ekit_team_modal_b7c1e17_15\" class=\"ekit-team-popup\">\n\t\t\t\t\t\tCl\u00e1udio Flauzino de Oliveira\t\t\t\t\t\t<\/a>\n\t\t\t\t\t\t\t\t\t\t\t<\/h2>\n\t\t\t\t\t<p class=\"profile-designation\">Ver curr\u00edculo<\/p>\n\t\t\t\t\t\t\t\t\t<\/div><!-- .profile-body END -->\n\n\t\t\t\t\t\t\t\t<\/div>\n\t\t\t\t\t\t\t\n\t\t\t\n\t\t\t\t\t<div class=\"zoom-anim-dialog mfp-hide elementskit-team-popup team-popup-id-b7c1e17\" id=\"ekit_team_modal_b7c1e17_15\" tabindex=\"-1\" role=\"dialog\" aria-hidden=\"true\">\n\t\t\t\t<div class=\"modal-dialog modal-dialog-centered\" role=\"document\">\n\t\t\t\t\t<div class=\"modal-content\">\n\t\t\t\t\t\t<button type=\"button\" class=\"ekit-team-modal-close\">\n\t\t\t\t\t\t\t<svg aria-hidden=\"true\" class=\"e-font-icon-svg e-fas-times\" viewBox=\"0 0 352 512\" xmlns=\"http:\/\/www.w3.org\/2000\/svg\"><path d=\"M242.72 256l100.07-100.07c12.28-12.28 12.28-32.19 0-44.48l-22.24-22.24c-12.28-12.28-32.19-12.28-44.48 0L176 189.28 75.93 89.21c-12.28-12.28-32.19-12.28-44.48 0L9.21 111.45c-12.28 12.28-12.28 32.19 0 44.48L109.28 256 9.21 356.07c-12.28 12.28-12.28 32.19 0 44.48l22.24 22.24c12.28 12.28 32.2 12.28 44.48 0L176 322.72l100.07 100.07c12.28 12.28 32.2 12.28 44.48 0l22.24-22.24c12.28-12.28 12.28-32.19 0-44.48L242.72 256z\"><\/path><\/svg>\t\t\t\t\t\t<\/button>\n\n\t\t\t\t\t\t<div class=\"modal-body\">\n\t\t\t\t\t\t\t\t\t\t\t\t\t\t\t<div class=\"ekit-team-modal-img\">\n\t\t\t\t\t\t\t\t\t<img decoding=\"async\" width=\"800\" height=\"800\" src=\"https:\/\/eventosaben.org.br\/19senaden\/wp-content\/uploads\/2023\/12\/Claudio-Flauzino-foto.jpg\" class=\"attachment-large size-large wp-image-201\" alt=\"\" srcset=\"https:\/\/eventosaben.org.br\/19senaden\/wp-content\/uploads\/2023\/12\/Claudio-Flauzino-foto.jpg 800w, https:\/\/eventosaben.org.br\/19senaden\/wp-content\/uploads\/2023\/12\/Claudio-Flauzino-foto-300x300.jpg 300w, https:\/\/eventosaben.org.br\/19senaden\/wp-content\/uploads\/2023\/12\/Claudio-Flauzino-foto-150x150.jpg 150w, https:\/\/eventosaben.org.br\/19senaden\/wp-content\/uploads\/2023\/12\/Claudio-Flauzino-foto-768x768.jpg 768w\" sizes=\"(max-width: 800px) 100vw, 800px\" \/>\t\t\t\t\t\t\t\t<\/div>\n\t\t\t\t\t\t\t\n\t\t\t\t\t\t\t<div class=\"ekit-team-modal-info has-img\">\n\t\t\t\t\t\t\t\t<h2 class=\"ekit-team-modal-title\">Cl\u00e1udio Flauzino de Oliveira<\/h2>\n\t\t\t\t\t\t\t\t<p class=\"ekit-team-modal-position\">Ver curr\u00edculo<\/p>\n\n\t\t\t\t\t\t\t\t<div class=\"ekit-team-modal-content\">\n\t\t\t\t\t\t\t\t\tPediatra e Intensivista Pedi\u00e1trico pela FMUSP<br \/>\nDoutor em Ci\u00eancias pelo Departamento de Pediatria da FMUSP\nMembro do ILAS<br \/>\nRepresentante do ILAS e da AMIB no Painel de Especialistas da Surviving Sepsis Campaign SCCM\/ESICM\n\t\t\t\t\t\t\t\t<\/div>\n\n\t\t\t\t\t\t\t\t\n\t\t\t\t\t\t\t\t\t\t\t\t\t\t\t<\/div>\n\t\t\t\t\t\t<\/div>\n\t\t\t\t\t<\/div>\n\t\t\t\t<\/div>\n\t\t\t<\/div>\n\t\t\t\t<\/div>\t\t<\/div>\n\t\t\t\t<\/div>\n\t\t\t\t<\/div>\n\t\t<div class=\"elementor-element elementor-element-11e9c07 e-con-full e-flex e-con e-child\" data-id=\"11e9c07\" data-element_type=\"container\">\n\t\t\t\t<div class=\"elementor-element elementor-element-e30527b elementor-widget elementor-widget-elementskit-team\" data-id=\"e30527b\" data-element_type=\"widget\" data-widget_type=\"elementskit-team.default\">\n\t\t\t\t<div class=\"elementor-widget-container\">\n\t\t\t<div class=\"ekit-wid-con\">\t\t\t\t\t\t\t\t\n\t\t<div class=\"profile-card elementor-animation- text-center ekit-team-style-default\">\n\t\t\t\t\t\t\t<a aria-label=\"profile\" href=\"javascript:void(0)\" data-mfp-src=\"#ekit_team_modal_e30527b_15\" class=\"ekit-team-popup\">\n\t\t\t\n\t\t\t\t<div class=\"profile-header ekit-team-img ekit-img-overlay ekit-team-img-block\"  data-toggle=\"modal\" data-target=\"ekit_team_modal_#e30527b_15\" >\n\t\t\t\t\t<img loading=\"lazy\" decoding=\"async\" width=\"486\" height=\"486\" src=\"https:\/\/eventosaben.org.br\/19senaden\/wp-content\/uploads\/2023\/12\/Felipe-Dal-Pizzol-foto.jpg\" class=\"attachment-large size-large wp-image-205\" alt=\"\" srcset=\"https:\/\/eventosaben.org.br\/19senaden\/wp-content\/uploads\/2023\/12\/Felipe-Dal-Pizzol-foto.jpg 486w, https:\/\/eventosaben.org.br\/19senaden\/wp-content\/uploads\/2023\/12\/Felipe-Dal-Pizzol-foto-300x300.jpg 300w, https:\/\/eventosaben.org.br\/19senaden\/wp-content\/uploads\/2023\/12\/Felipe-Dal-Pizzol-foto-150x150.jpg 150w\" sizes=\"(max-width: 486px) 100vw, 486px\" \/>\t\t\t\t<\/div><!-- .profile-header END -->\n\t\t\t\t\t\t\t<\/a>\n\t\t\t\n\n\t\t\t\t<div class=\"profile-body\">\n\t\t\t\t\t\n\t\t\t\t\t<h2 class=\"profile-title\">\n\t\t\t\t\t\t\t\t\t\t\t<a aria-label=\"profile\" href=\"javascript:void(0)\" data-mfp-src=\"#ekit_team_modal_e30527b_15\" class=\"ekit-team-popup\">\n\t\t\t\t\t\tFelipe dal Pizzol\t\t\t\t\t\t<\/a>\n\t\t\t\t\t\t\t\t\t\t\t<\/h2>\n\t\t\t\t\t<p class=\"profile-designation\">Ver curr\u00edculo<\/p>\n\t\t\t\t\t\t\t\t\t<\/div><!-- .profile-body END -->\n\n\t\t\t\t\t\t\t\t<\/div>\n\t\t\t\t\t\t\t\n\t\t\t\n\t\t\t\t\t<div class=\"zoom-anim-dialog mfp-hide elementskit-team-popup team-popup-id-e30527b\" id=\"ekit_team_modal_e30527b_15\" tabindex=\"-1\" role=\"dialog\" aria-hidden=\"true\">\n\t\t\t\t<div class=\"modal-dialog modal-dialog-centered\" role=\"document\">\n\t\t\t\t\t<div class=\"modal-content\">\n\t\t\t\t\t\t<button type=\"button\" class=\"ekit-team-modal-close\">\n\t\t\t\t\t\t\t<svg aria-hidden=\"true\" class=\"e-font-icon-svg e-fas-times\" viewBox=\"0 0 352 512\" xmlns=\"http:\/\/www.w3.org\/2000\/svg\"><path d=\"M242.72 256l100.07-100.07c12.28-12.28 12.28-32.19 0-44.48l-22.24-22.24c-12.28-12.28-32.19-12.28-44.48 0L176 189.28 75.93 89.21c-12.28-12.28-32.19-12.28-44.48 0L9.21 111.45c-12.28 12.28-12.28 32.19 0 44.48L109.28 256 9.21 356.07c-12.28 12.28-12.28 32.19 0 44.48l22.24 22.24c12.28 12.28 32.2 12.28 44.48 0L176 322.72l100.07 100.07c12.28 12.28 32.2 12.28 44.48 0l22.24-22.24c12.28-12.28 12.28-32.19 0-44.48L242.72 256z\"><\/path><\/svg>\t\t\t\t\t\t<\/button>\n\n\t\t\t\t\t\t<div class=\"modal-body\">\n\t\t\t\t\t\t\t\t\t\t\t\t\t\t\t<div class=\"ekit-team-modal-img\">\n\t\t\t\t\t\t\t\t\t<img loading=\"lazy\" decoding=\"async\" width=\"486\" height=\"486\" src=\"https:\/\/eventosaben.org.br\/19senaden\/wp-content\/uploads\/2023\/12\/Felipe-Dal-Pizzol-foto.jpg\" class=\"attachment-large size-large wp-image-205\" alt=\"\" srcset=\"https:\/\/eventosaben.org.br\/19senaden\/wp-content\/uploads\/2023\/12\/Felipe-Dal-Pizzol-foto.jpg 486w, https:\/\/eventosaben.org.br\/19senaden\/wp-content\/uploads\/2023\/12\/Felipe-Dal-Pizzol-foto-300x300.jpg 300w, https:\/\/eventosaben.org.br\/19senaden\/wp-content\/uploads\/2023\/12\/Felipe-Dal-Pizzol-foto-150x150.jpg 150w\" sizes=\"(max-width: 486px) 100vw, 486px\" \/>\t\t\t\t\t\t\t\t<\/div>\n\t\t\t\t\t\t\t\n\t\t\t\t\t\t\t<div class=\"ekit-team-modal-info has-img\">\n\t\t\t\t\t\t\t\t<h2 class=\"ekit-team-modal-title\">Felipe dal Pizzol<\/h2>\n\t\t\t\t\t\t\t\t<p class=\"ekit-team-modal-position\">Ver curr\u00edculo<\/p>\n\n\t\t\t\t\t\t\t\t<div class=\"ekit-team-modal-content\">\n\t\t\t\t\t\t\t\t\tProfessor Programa P\u00f3s-Gradua\u00e7\u00e3o Ci\u00eancias da Sa\u00fade, Universidade do Extremo Sul Catarinense<br \/>\nCoordenador M\u00e9dico Centro de Pesquisa Cl\u00ednica, Hospital S\u00e3o Jos\u00e9\n\t\t\t\t\t\t\t\t<\/div>\n\n\t\t\t\t\t\t\t\t\n\t\t\t\t\t\t\t\t\t\t\t\t\t\t\t<\/div>\n\t\t\t\t\t\t<\/div>\n\t\t\t\t\t<\/div>\n\t\t\t\t<\/div>\n\t\t\t<\/div>\n\t\t\t\t<\/div>\t\t<\/div>\n\t\t\t\t<\/div>\n\t\t\t\t<\/div>\n\t\t\t\t\t<\/div>\n\t\t\t\t<\/div>\n\t\t<div class=\"elementor-element elementor-element-085b317 e-flex e-con-boxed e-con e-parent\" data-id=\"085b317\" data-element_type=\"container\">\n\t\t\t\t\t<div class=\"e-con-inner\">\n\t\t\t\t<div class=\"elementor-element elementor-element-a1117ae elementor-widget elementor-widget-spacer\" data-id=\"a1117ae\" data-element_type=\"widget\" data-widget_type=\"spacer.default\">\n\t\t\t\t<div class=\"elementor-widget-container\">\n\t\t\t\t\t<div class=\"elementor-spacer\">\n\t\t\t<div class=\"elementor-spacer-inner\"><\/div>\n\t\t<\/div>\n\t\t\t\t<\/div>\n\t\t\t\t<\/div>\n\t\t\t\t\t<\/div>\n\t\t\t\t<\/div>\n\t\t<div class=\"elementor-element elementor-element-57eaefc0 e-flex e-con-boxed e-con e-parent\" data-id=\"57eaefc0\" data-element_type=\"container\">\n\t\t\t\t\t<div class=\"e-con-inner\">\n\t\t<div class=\"elementor-element elementor-element-3f12481b e-con-full e-flex e-con e-child\" data-id=\"3f12481b\" data-element_type=\"container\">\n\t\t\t\t<div class=\"elementor-element elementor-element-37777413 elementor-widget elementor-widget-button\" data-id=\"37777413\" data-element_type=\"widget\" data-widget_type=\"button.default\">\n\t\t\t\t<div class=\"elementor-widget-container\">\n\t\t\t\t\t<div class=\"elementor-button-wrapper\">\n\t\t\t<a class=\"elementor-button elementor-button-link elementor-size-sm\" href=\"https:\/\/eventosaben.org.br\/19senaden\/index.php\/mensagem-da-comissao\/\">\n\t\t\t\t\t\t<span class=\"elementor-button-content-wrapper\">\n\t\t\t\t\t\t\t\t\t<span class=\"elementor-button-text\">Mensagem da Comiss\u00e3o<\/span>\n\t\t\t\t\t<\/span>\n\t\t\t\t\t<\/a>\n\t\t<\/div>\n\t\t\t\t<\/div>\n\t\t\t\t<\/div>\n\t\t\t\t<\/div>\n\t\t<div class=\"elementor-element elementor-element-2d64f536 e-con-full e-flex e-con e-child\" data-id=\"2d64f536\" data-element_type=\"container\">\n\t\t\t\t<div class=\"elementor-element elementor-element-12698b5d elementor-widget elementor-widget-button\" data-id=\"12698b5d\" data-element_type=\"widget\" data-widget_type=\"button.default\">\n\t\t\t\t<div class=\"elementor-widget-container\">\n\t\t\t\t\t<div class=\"elementor-button-wrapper\">\n\t\t\t<a class=\"elementor-button elementor-button-link elementor-size-sm\" href=\"https:\/\/eventosaben.org.br\/19senaden\/index.php\/comissao-organizadora\/\">\n\t\t\t\t\t\t<span class=\"elementor-button-content-wrapper\">\n\t\t\t\t\t\t\t\t\t<span class=\"elementor-button-text\">Comiss\u00e3o Organizadora<\/span>\n\t\t\t\t\t<\/span>\n\t\t\t\t\t<\/a>\n\t\t<\/div>\n\t\t\t\t<\/div>\n\t\t\t\t<\/div>\n\t\t\t\t<\/div>\n\t\t<div class=\"elementor-element elementor-element-68a8d2ed e-con-full e-flex e-con e-child\" data-id=\"68a8d2ed\" data-element_type=\"container\">\n\t\t\t\t<div class=\"elementor-element elementor-element-3c8315a5 elementor-widget elementor-widget-button\" data-id=\"3c8315a5\" data-element_type=\"widget\" data-widget_type=\"button.default\">\n\t\t\t\t<div class=\"elementor-widget-container\">\n\t\t\t\t\t<div class=\"elementor-button-wrapper\">\n\t\t\t<a class=\"elementor-button elementor-button-link elementor-size-sm\" href=\"https:\/\/eventosaben.org.br\/19senaden\/index.php\/local-do-evento\/\">\n\t\t\t\t\t\t<span class=\"elementor-button-content-wrapper\">\n\t\t\t\t\t\t\t\t\t<span class=\"elementor-button-text\">Local do Evento<\/span>\n\t\t\t\t\t<\/span>\n\t\t\t\t\t<\/a>\n\t\t<\/div>\n\t\t\t\t<\/div>\n\t\t\t\t<\/div>\n\t\t\t\t<\/div>\n\t\t\t\t\t<\/div>\n\t\t\t\t<\/div>\n\t\t\t\t<\/div>\n\t\t","protected":false},"excerpt":{"rendered":"<p>Alexandre Biasi Cavalcanti Ver curr\u00edculo Alexandre Biasi Cavalcanti Ver curr\u00edculo Superintendente de Ensino e Pesquisa Hcor Orientador P\u00f3s-Gradua\u00e7\u00e3o Programa ACCEPT &#8211; FMUSP Cintia Magalh\u00e3es Carvalho Grion Ver curr\u00edculo Cintia Magalh\u00e3es Carvalho Grion Ver curr\u00edculo M\u00e9dica Intensivista pela AMIB Professora S\u00eanior do programa de p\u00f3s-gradua\u00e7\u00e3o Ci\u00eancias da Sa\u00fade da Universidade Estadual de Londrina Membro da Comiss\u00e3o [&hellip;]<\/p>\n","protected":false},"author":1,"featured_media":0,"parent":0,"menu_order":0,"comment_status":"closed","ping_status":"closed","template":"elementor_header_footer","meta":{"_joinchat":[],"footnotes":""},"class_list":["post-15","page","type-page","status-publish","hentry"],"aioseo_notices":[],"_links":{"self":[{"href":"https:\/\/eventosaben.org.br\/19senaden\/wp-json\/wp\/v2\/pages\/15"}],"collection":[{"href":"https:\/\/eventosaben.org.br\/19senaden\/wp-json\/wp\/v2\/pages"}],"about":[{"href":"https:\/\/eventosaben.org.br\/19senaden\/wp-json\/wp\/v2\/types\/page"}],"author":[{"embeddable":true,"href":"https:\/\/eventosaben.org.br\/19senaden\/wp-json\/wp\/v2\/users\/1"}],"replies":[{"embeddable":true,"href":"https:\/\/eventosaben.org.br\/19senaden\/wp-json\/wp\/v2\/comments?post=15"}],"version-history":[{"count":43,"href":"https:\/\/eventosaben.org.br\/19senaden\/wp-json\/wp\/v2\/pages\/15\/revisions"}],"predecessor-version":[{"id":697,"href":"https:\/\/eventosaben.org.br\/19senaden\/wp-json\/wp\/v2\/pages\/15\/revisions\/697"}],"wp:attachment":[{"href":"https:\/\/eventosaben.org.br\/19senaden\/wp-json\/wp\/v2\/media?parent=15"}],"curies":[{"name":"wp","href":"https:\/\/api.w.org\/{rel}","templated":true}]}}