{"id":1143,"date":"2024-05-20T17:22:27","date_gmt":"2024-05-20T20:22:27","guid":{"rendered":"https:\/\/eventosaben.org.br\/19senaden\/?page_id=1143"},"modified":"2024-05-20T17:27:34","modified_gmt":"2024-05-20T20:27:34","slug":"cadastro-de-palestrantes","status":"publish","type":"page","link":"https:\/\/eventosaben.org.br\/19senaden\/cadastro-de-palestrantes\/","title":{"rendered":"Palestrantes"},"content":{"rendered":"\t\t<div data-elementor-type=\"wp-page\" data-elementor-id=\"1143\" class=\"elementor elementor-1143\" data-elementor-post-type=\"page\">\n\t\t\t\t<div class=\"elementor-element elementor-element-480721c8 e-flex e-con-boxed e-con e-parent\" data-id=\"480721c8\" data-element_type=\"container\" data-settings=\"{&quot;background_background&quot;:&quot;classic&quot;}\">\n\t\t\t\t\t<div class=\"e-con-inner\">\n\t\t\t\t\t<\/div>\n\t\t\t\t<\/div>\n\t\t<div class=\"elementor-element elementor-element-33df89f8 e-flex e-con-boxed e-con e-parent\" data-id=\"33df89f8\" data-element_type=\"container\">\n\t\t\t\t\t<div class=\"e-con-inner\">\n\t\t\t\t<div class=\"elementor-element elementor-element-a1b869a elementor-widget elementor-widget-text-editor\" data-id=\"a1b869a\" data-element_type=\"widget\" data-widget_type=\"text-editor.default\">\n\t\t\t\t<div class=\"elementor-widget-container\">\n\t\t\t\t\t\t\t<p>A Associa\u00e7\u00e3o Brasileira de Enfermagem (ABEn) agradece a sua contribui\u00e7\u00e3o com a realiza\u00e7\u00e3o do nosso evento!<\/p><p><strong>Por favor, antes de iniciar o cadastro, leia as instru\u00e7\u00f5es abaixo!<\/strong><\/p><ol><li>Este cadastro \u00e9 <strong>exclusivo de Palestrantes<\/strong>\u00a0e n\u00e3o est\u00e1 dispon\u00edvel no site do evento, <strong>este URL n\u00e3o deve ser compartilhado;<\/strong><\/li><li>A foto e minicurr\u00edculo enviados, ser\u00e3o usados exclusivamente na p\u00e1gina de palestrantes confirmados.<\/li><li>Conhe\u00e7a a nossa <a href=\"https:\/\/eventosaben.org.br\/19senaden\/privacidade\/\"><span style=\"color: #0000ff;\">pol\u00edtica de privacidade<\/span><\/a> e a <a href=\"https:\/\/eventosaben.org.br\/19senaden\/dados\/\"><span style=\"color: #0000ff;\">pol\u00edtica de uso de dados e imagem<\/span><\/a>.<\/li><\/ol>\t\t\t\t\t\t<\/div>\n\t\t\t\t<\/div>\n\t\t\t\t\t<\/div>\n\t\t\t\t<\/div>\n\t\t<div class=\"elementor-element elementor-element-50c3fe6e e-flex e-con-boxed e-con e-parent\" data-id=\"50c3fe6e\" data-element_type=\"container\">\n\t\t\t\t\t<div class=\"e-con-inner\">\n\t\t\t\t<div class=\"elementor-element elementor-element-51420a5e elementor-widget elementor-widget-text-editor\" data-id=\"51420a5e\" data-element_type=\"widget\" data-widget_type=\"text-editor.default\">\n\t\t\t\t<div class=\"elementor-widget-container\">\n\t\t\t\t\t\t\t<iframe id=\"i814683afc6ce440090b6392a7ef5dd29\" style=\"border: 0px; max-width: 100%; width: 100%;\" src=\"https:\/\/web.eventogyn.com.br\/event\/19senaden\/registration?category=1116499482\" scrolling=\"no\"><\/iframe>\n<script src=\"https:\/\/web.eventogyn.com.br\/node_modules\/iframe-resizer\/js\/iframeResizer.min.js?2.77.4\"><\/script>\n<script>iFrameResize({ log: true }, \"#i814683afc6ce440090b6392a7ef5dd29\")<\/script>\t\t\t\t\t\t<\/div>\n\t\t\t\t<\/div>\n\t\t\t\t\t<\/div>\n\t\t\t\t<\/div>\n\t\t\t\t<\/div>\n\t\t","protected":false},"excerpt":{"rendered":"<p>A Associa\u00e7\u00e3o Brasileira de Enfermagem (ABEn) agradece a sua contribui\u00e7\u00e3o com a realiza\u00e7\u00e3o do nosso evento! Por favor, antes de iniciar o cadastro, leia as instru\u00e7\u00f5es abaixo! Este cadastro \u00e9 exclusivo de Palestrantes\u00a0e n\u00e3o est\u00e1 dispon\u00edvel no site do evento, este URL n\u00e3o deve ser compartilhado; A foto e minicurr\u00edculo enviados, ser\u00e3o usados exclusivamente na [&hellip;]<\/p>\n","protected":false},"author":1,"featured_media":0,"parent":0,"menu_order":0,"comment_status":"closed","ping_status":"closed","template":"elementor_header_footer","meta":{"_joinchat":[],"footnotes":""},"class_list":["post-1143","page","type-page","status-publish","hentry"],"aioseo_notices":[],"_links":{"self":[{"href":"https:\/\/eventosaben.org.br\/19senaden\/wp-json\/wp\/v2\/pages\/1143"}],"collection":[{"href":"https:\/\/eventosaben.org.br\/19senaden\/wp-json\/wp\/v2\/pages"}],"about":[{"href":"https:\/\/eventosaben.org.br\/19senaden\/wp-json\/wp\/v2\/types\/page"}],"author":[{"embeddable":true,"href":"https:\/\/eventosaben.org.br\/19senaden\/wp-json\/wp\/v2\/users\/1"}],"replies":[{"embeddable":true,"href":"https:\/\/eventosaben.org.br\/19senaden\/wp-json\/wp\/v2\/comments?post=1143"}],"version-history":[{"count":7,"href":"https:\/\/eventosaben.org.br\/19senaden\/wp-json\/wp\/v2\/pages\/1143\/revisions"}],"predecessor-version":[{"id":1150,"href":"https:\/\/eventosaben.org.br\/19senaden\/wp-json\/wp\/v2\/pages\/1143\/revisions\/1150"}],"wp:attachment":[{"href":"https:\/\/eventosaben.org.br\/19senaden\/wp-json\/wp\/v2\/media?parent=1143"}],"curies":[{"name":"wp","href":"https:\/\/api.w.org\/{rel}","templated":true}]}}